{"id":733165,"date":"2025-08-27T22:04:36","date_gmt":"2025-08-27T19:04:36","guid":{"rendered":"https:\/\/roveyayinevi.com.tr\/index.php\/urun\/10-11-yas-dikkat-zeka-bilissel-ve-dusunsel-beceriler-degerlendirme-ve-gelistirme-b-2-kitap\/"},"modified":"2026-04-16T02:40:52","modified_gmt":"2026-04-15T23:40:52","slug":"10-11-yas-dikkat-zeka-bilissel-ve-dusunsel-beceriler-degerlendirme-ve-gelistirme-b-2-kitap","status":"publish","type":"product","link":"https:\/\/roveyayinevi.com.tr\/index.php\/urun\/10-11-yas-dikkat-zeka-bilissel-ve-dusunsel-beceriler-degerlendirme-ve-gelistirme-b-2-kitap\/","title":{"rendered":"10-11 Ya\u015f Dikkat &#8211; Zeka &#8211; Bili\u015fsel ve D\u00fc\u015f\u00fcnsel Beceriler &#8211; De\u011ferlendirme ve Geli\u015ftirme &#8211; B 2. Kitap"},"content":{"rendered":"<p>Oxford kitaplar\u0131 geli\u015fim ve de\u011ferlendirme etkinliklerinde temel becerilerdeki g\u00fc\u00e7l\u00fc ve zay\u0131f y\u00f6nleri ortaya \u00e7\u0131kar\u0131r. K\u0131sa derslerle d\u00fczenli sistemli bir \u00e7al\u0131\u015fma program\u0131 olu\u015fturur. Bireysel gereksinimleri belirler. G\u00f6rsel ak\u0131l y\u00fcr\u00fctme uygulamalar\u0131 yap\u0131l\u0131r. K\u0131sa s\u00fcreli testler uygular. Ev \u00f6devleri olarak \u00e7al\u0131\u015fma imk\u00e2n\u0131 sunar. Bu kitap g\u00f6rsel okul \u00f6ncesi \u00e7ocuklar\u0131n g\u00f6rsel alg\u0131 \u00e7al\u0131\u015fmalar\u0131na yard\u0131mc\u0131 olmak i\u00e7in haz\u0131rlanm\u0131\u015ft\u0131r. Haz\u0131rlanan soru t\u00fcrleri ak\u0131l y\u00fcr\u00fctmenin temelini olu\u015fturur. D\u00fczenli uygulanan g\u00f6rsel ak\u0131l y\u00fcr\u00fctme \u00e7al\u0131\u015fmalar\u0131 temel dikkat ve odaklanma becerilerinde g\u00fc\u00e7l\u00fc ve zay\u0131f yanlar\u0131 belirler. \u00c7ocuklar\u0131n bireysel ihtiya\u00e7lar\u0131 belirlenerek geli\u015ftirmeleri sa\u011flan\u0131r. Oxford kitaplar\u0131 haz\u0131rlan\u0131rken dikkat ve zek\u00e2 etkinliklerinin esnek olmas\u0131na \u00f6zen g\u00f6sterilmi\u015ftir. \u00d6\u011fretmenler, e\u011fitimciler, ebeveynler taraf\u0131ndan rahatl\u0131kla tercih edilen seri olmu\u015ftur. \u00c7ocuklar\u0131n g\u00f6sterdikleri performansa y\u00f6nelik program d\u00fczenlenmesi \u00f6nemsenmi\u015ftir.<\/p>\n","protected":false},"excerpt":{"rendered":"<p>Oxford kitaplar\u0131 geli\u015fim ve de\u011ferlendirme etkinliklerinde temel becerilerdeki g\u00fc\u00e7l\u00fc ve zay\u0131f y\u00f6nleri ortaya \u00e7\u0131kar\u0131r. K\u0131sa derslerle d\u00fczenli sistemli bir \u00e7al\u0131\u015fma program\u0131 olu\u015fturur. Bireysel gereksinimleri belirler. G\u00f6rsel<span class=\"excerpt-hellip\"> [\u2026]<\/span><\/p>\n","protected":false},"featured_media":0,"template":"","meta":{"_monsterinsights_skip_tracking":false,"_monsterinsights_sitenote_active":false,"_monsterinsights_sitenote_note":"","_monsterinsights_sitenote_category":0},"product_brand":[],"product_cat":[12274,24599],"product_tag":[],"class_list":{"0":"post-733165","1":"product","2":"type-product","3":"status-publish","5":"product_cat-cocuk-ve-genclik-kitaplari","6":"product_cat-zeka-gelisimi","7":"pa_cilt-ciltsiz","8":"pa_tur-kitap","9":"pa_yayinevi-dikkat-ve-zeka-akademisi-yayinlari","10":"pa_yazar-nic-morgan","12":"first","13":"instock","14":"sale","15":"shipping-taxable","16":"purchasable","17":"product-type-simple"},"_links":{"self":[{"href":"https:\/\/roveyayinevi.com.tr\/index.php\/wp-json\/wp\/v2\/product\/733165","targetHints":{"allow":["GET"]}}],"collection":[{"href":"https:\/\/roveyayinevi.com.tr\/index.php\/wp-json\/wp\/v2\/product"}],"about":[{"href":"https:\/\/roveyayinevi.com.tr\/index.php\/wp-json\/wp\/v2\/types\/product"}],"wp:attachment":[{"href":"https:\/\/roveyayinevi.com.tr\/index.php\/wp-json\/wp\/v2\/media?parent=733165"}],"wp:term":[{"taxonomy":"product_brand","embeddable":true,"href":"https:\/\/roveyayinevi.com.tr\/index.php\/wp-json\/wp\/v2\/product_brand?post=733165"},{"taxonomy":"product_cat","embeddable":true,"href":"https:\/\/roveyayinevi.com.tr\/index.php\/wp-json\/wp\/v2\/product_cat?post=733165"},{"taxonomy":"product_tag","embeddable":true,"href":"https:\/\/roveyayinevi.com.tr\/index.php\/wp-json\/wp\/v2\/product_tag?post=733165"}],"curies":[{"name":"wp","href":"https:\/\/api.w.org\/{rel}","templated":true}]}}