{"id":733161,"date":"2025-08-27T22:04:32","date_gmt":"2025-08-27T19:04:32","guid":{"rendered":"https:\/\/roveyayinevi.com.tr\/index.php\/urun\/7-12-yas-dikkat-zeka-bilissel-ve-dusunsel-beceriler-nasil-cozulur-yeni-nesil-problemler-icin-etkin-cozum-teknikleri\/"},"modified":"2026-04-16T02:40:52","modified_gmt":"2026-04-15T23:40:52","slug":"7-12-yas-dikkat-zeka-bilissel-ve-dusunsel-beceriler-nasil-cozulur-yeni-nesil-problemler-icin-etkin-cozum-teknikleri","status":"publish","type":"product","link":"https:\/\/roveyayinevi.com.tr\/index.php\/urun\/7-12-yas-dikkat-zeka-bilissel-ve-dusunsel-beceriler-nasil-cozulur-yeni-nesil-problemler-icin-etkin-cozum-teknikleri\/","title":{"rendered":"7-12 Ya\u015f Dikkat &#8211; Zeka Bili\u015fsel ve D\u00fc\u015f\u00fcnsel Beceriler &#8211; Nas\u0131l \u00c7\u00f6z\u00fcl\u00fcr? Yeni Nesil Problemler \u0130\u00e7in Etkin \u00c7\u00f6z\u00fcm Teknikleri"},"content":{"rendered":"<p>Bu setler, \u00e7ocuklar\u0131n dikkat ve zek\u00e2 geli\u015fimine yard\u0131mc\u0131 olan etkinliklerin bir numaral\u0131 sa\u011flay\u0131c\u0131s\u0131d\u0131r.Nas\u0131l \u00c7\u00f6z\u00fcl\u00fcr Kitab\u0131, \u00e7ocuklar taraf\u0131ndan kullan\u0131lmak \u00fczere tasarlanm\u0131\u015ft\u0131r. Ebeveynler i\u00e7in zengin bilgiler i\u00e7eren pratik bir k\u0131lavuzdur.Her soru t\u00fcr\u00fc i\u00e7in \u00e7\u00f6z\u00fclm\u00fc\u015f \u00f6rneklerle ve her b\u00f6l\u00fcmdeki ilerlemeyi kontrol etmek i\u00e7in al\u0131\u015ft\u0131rma sorular\u0131yla doludur.Kitap, dikkat ve zek\u00e2yla ilgili ba\u015far\u0131 i\u00e7in uzman tavsiyeleri ve ad\u0131m ad\u0131m stratejiler i\u00e7erir.S\u00f6zel Olmayan Ak\u0131l Y\u00fcr\u00fctme Soru Prati\u011fi D\u00f6rt kategoriye ayr\u0131lm\u0131\u015ft\u0131r: \u015eekilleri Tan\u0131ma, Eksik \u015eekiller, D\u00f6nen \u015eekiller, Kodlanm\u0131\u015f \u015eekiller ve Mant\u0131k. Ayr\u0131ca hepsini i\u00e7eren bir deneme s\u0131nav\u0131 bulunmaktad\u0131r.Ebeveyn \u0130pu\u00e7lar\u0131, anlamay\u0131 ve kavramay\u0131 geli\u015ftirmek i\u00e7in \u00e7ocu\u011funuzla yapaca\u011f\u0131n\u0131z pratikaktiviteleri i\u00e7erir.<\/p>\n","protected":false},"excerpt":{"rendered":"<p>Bu setler, \u00e7ocuklar\u0131n dikkat ve zek\u00e2 geli\u015fimine yard\u0131mc\u0131 olan etkinliklerin bir numaral\u0131 sa\u011flay\u0131c\u0131s\u0131d\u0131r.Nas\u0131l \u00c7\u00f6z\u00fcl\u00fcr Kitab\u0131, \u00e7ocuklar taraf\u0131ndan kullan\u0131lmak \u00fczere tasarlanm\u0131\u015ft\u0131r. Ebeveynler i\u00e7in zengin bilgiler i\u00e7eren pratik<span class=\"excerpt-hellip\"> [\u2026]<\/span><\/p>\n","protected":false},"featured_media":0,"template":"","meta":{"_monsterinsights_skip_tracking":false,"_monsterinsights_sitenote_active":false,"_monsterinsights_sitenote_note":"","_monsterinsights_sitenote_category":0},"product_brand":[],"product_cat":[12274,24599],"product_tag":[],"class_list":{"0":"post-733161","1":"product","2":"type-product","3":"status-publish","5":"product_cat-cocuk-ve-genclik-kitaplari","6":"product_cat-zeka-gelisimi","7":"pa_cilt-ciltsiz","8":"pa_tur-kitap","9":"pa_yayinevi-dikkat-ve-zeka-akademisi-yayinlari","10":"pa_yazar-alison-primrose","12":"first","13":"instock","14":"sale","15":"shipping-taxable","16":"purchasable","17":"product-type-simple"},"_links":{"self":[{"href":"https:\/\/roveyayinevi.com.tr\/index.php\/wp-json\/wp\/v2\/product\/733161","targetHints":{"allow":["GET"]}}],"collection":[{"href":"https:\/\/roveyayinevi.com.tr\/index.php\/wp-json\/wp\/v2\/product"}],"about":[{"href":"https:\/\/roveyayinevi.com.tr\/index.php\/wp-json\/wp\/v2\/types\/product"}],"wp:attachment":[{"href":"https:\/\/roveyayinevi.com.tr\/index.php\/wp-json\/wp\/v2\/media?parent=733161"}],"wp:term":[{"taxonomy":"product_brand","embeddable":true,"href":"https:\/\/roveyayinevi.com.tr\/index.php\/wp-json\/wp\/v2\/product_brand?post=733161"},{"taxonomy":"product_cat","embeddable":true,"href":"https:\/\/roveyayinevi.com.tr\/index.php\/wp-json\/wp\/v2\/product_cat?post=733161"},{"taxonomy":"product_tag","embeddable":true,"href":"https:\/\/roveyayinevi.com.tr\/index.php\/wp-json\/wp\/v2\/product_tag?post=733161"}],"curies":[{"name":"wp","href":"https:\/\/api.w.org\/{rel}","templated":true}]}}