{"id":733152,"date":"2025-08-27T22:04:24","date_gmt":"2025-08-27T19:04:24","guid":{"rendered":"https:\/\/roveyayinevi.com.tr\/index.php\/urun\/7-8-yas-dikkat-zeka-bilissel-ve-dusunsel-beceriler\/"},"modified":"2026-04-16T02:40:51","modified_gmt":"2026-04-15T23:40:51","slug":"7-8-yas-dikkat-zeka-bilissel-ve-dusunsel-beceriler","status":"publish","type":"product","link":"https:\/\/roveyayinevi.com.tr\/index.php\/urun\/7-8-yas-dikkat-zeka-bilissel-ve-dusunsel-beceriler\/","title":{"rendered":"7-8 Ya\u015f Dikkat &#8211; Zeka Bili\u015fsel ve D\u00fc\u015f\u00fcnsel Beceriler"},"content":{"rendered":"<p>Oxford geli\u015fim ve de\u011ferlendirme etkinlikleri kitaplar\u0131 \u00e7ocuklar\u0131 cesaretlendirir. Kitap sonunda haz\u0131rlanan grafi\u011fin \u00e7ocuklar\u0131n kendilerinin doldurmas\u0131 \u00f6nerilir. Bu \u015fekilde \u00e7ocuklar\u0131n performanslar\u0131n\u0131n geli\u015fimleriyle ilgili fikir edinilir. Oxford kitaplar\u0131n\u0131n bu serisi g\u00f6rsel ak\u0131l y\u00fcr\u00fctme i\u00e7in haz\u0131rlanm\u0131\u015f dikkat zek\u00e2 etkinlikleri \u00e7al\u0131\u015fmalar\u0131n\u0131n bir par\u00e7as\u0131d\u0131r.\u0130lkokula ba\u015flayan \u00e7ocuklar\u0131n bu \u00e7al\u0131\u015fmalar\u0131 hem g\u00fcnl\u00fck hayatta hem okul hayat\u0131nda fayda sa\u011flayacakt\u0131r. Bilsem haz\u0131rl\u0131kta kapasitelerini en \u00fcst d\u00fczeyde kullanmalar\u0131na yard\u0131mc\u0131 olmak i\u00e7in haz\u0131rlanm\u0131\u015ft\u0131r. Bu kitap puanlama sistemi d\u00fczenlenerek haz\u0131rlanm\u0131\u015ft\u0131r. \u0130lkokula ba\u015flayan \u00e7ocuklar\u0131n puanlamalar\u0131n\u0131 kaydederek ilerlemeleri motive edicidir. Ba\u015far\u0131 tablosu \u00e7ocuklar\u0131n nas\u0131l ilerleme kaydetti\u011finin g\u00f6rsel olarak bir sunumudur.<\/p>\n","protected":false},"excerpt":{"rendered":"<p>Oxford geli\u015fim ve de\u011ferlendirme etkinlikleri kitaplar\u0131 \u00e7ocuklar\u0131 cesaretlendirir. Kitap sonunda haz\u0131rlanan grafi\u011fin \u00e7ocuklar\u0131n kendilerinin doldurmas\u0131 \u00f6nerilir. Bu \u015fekilde \u00e7ocuklar\u0131n performanslar\u0131n\u0131n geli\u015fimleriyle ilgili fikir edinilir. Oxford kitaplar\u0131n\u0131n<span class=\"excerpt-hellip\"> [\u2026]<\/span><\/p>\n","protected":false},"featured_media":0,"template":"","meta":{"_monsterinsights_skip_tracking":false,"_monsterinsights_sitenote_active":false,"_monsterinsights_sitenote_note":"","_monsterinsights_sitenote_category":0},"product_brand":[],"product_cat":[12274,24599],"product_tag":[],"class_list":{"0":"post-733152","1":"product","2":"type-product","3":"status-publish","5":"product_cat-cocuk-ve-genclik-kitaplari","6":"product_cat-zeka-gelisimi","7":"pa_cilt-ciltsiz","8":"pa_tur-kitap","9":"pa_yayinevi-dikkat-ve-zeka-akademisi-yayinlari","10":"pa_yazar-andrew-baines","12":"first","13":"instock","14":"sale","15":"shipping-taxable","16":"purchasable","17":"product-type-simple"},"_links":{"self":[{"href":"https:\/\/roveyayinevi.com.tr\/index.php\/wp-json\/wp\/v2\/product\/733152","targetHints":{"allow":["GET"]}}],"collection":[{"href":"https:\/\/roveyayinevi.com.tr\/index.php\/wp-json\/wp\/v2\/product"}],"about":[{"href":"https:\/\/roveyayinevi.com.tr\/index.php\/wp-json\/wp\/v2\/types\/product"}],"wp:attachment":[{"href":"https:\/\/roveyayinevi.com.tr\/index.php\/wp-json\/wp\/v2\/media?parent=733152"}],"wp:term":[{"taxonomy":"product_brand","embeddable":true,"href":"https:\/\/roveyayinevi.com.tr\/index.php\/wp-json\/wp\/v2\/product_brand?post=733152"},{"taxonomy":"product_cat","embeddable":true,"href":"https:\/\/roveyayinevi.com.tr\/index.php\/wp-json\/wp\/v2\/product_cat?post=733152"},{"taxonomy":"product_tag","embeddable":true,"href":"https:\/\/roveyayinevi.com.tr\/index.php\/wp-json\/wp\/v2\/product_tag?post=733152"}],"curies":[{"name":"wp","href":"https:\/\/api.w.org\/{rel}","templated":true}]}}