{"id":733150,"date":"2025-08-27T22:04:22","date_gmt":"2025-08-27T19:04:22","guid":{"rendered":"https:\/\/roveyayinevi.com.tr\/index.php\/urun\/8-12-yas-dikkat-zeka-bilissel-ve-dusunsel-beceriler-yeni-nesil-problemler-ve-bulmacalar\/"},"modified":"2026-04-16T02:40:51","modified_gmt":"2026-04-15T23:40:51","slug":"8-12-yas-dikkat-zeka-bilissel-ve-dusunsel-beceriler-yeni-nesil-problemler-ve-bulmacalar","status":"publish","type":"product","link":"https:\/\/roveyayinevi.com.tr\/index.php\/urun\/8-12-yas-dikkat-zeka-bilissel-ve-dusunsel-beceriler-yeni-nesil-problemler-ve-bulmacalar\/","title":{"rendered":"8-12 Ya\u015f Dikkat &#8211; Zeka Bili\u015fsel ve D\u00fc\u015f\u00fcnsel Beceriler &#8211; Yeni Nesil Problemler ve Bulmacalar"},"content":{"rendered":"<p>Yeni Nesil Problemler ve Bulmacalar, serinin di\u011fer kitaplar\u0131na zaman zaman ara verip, e\u011flenceli vakit ge\u00e7irmek isteyen \u00e7ocuklar i\u00e7in tasarlanm\u0131\u015ft\u0131r.Dikkat, odaklanma, problem \u00e7\u00f6zme, analiz, g\u00f6rsel alg\u0131, uzamsal d\u00fc\u015f\u00fcnme becerileri ve say\u0131sal yetenekleri geli\u015ftiren bu etkinlikler birbirinden farkl\u0131 zihin egzersizlerini uygulama imkan\u0131n\u0131 sunmaktad\u0131r.Yapbozlar, bulmacalar, \u00f6r\u00fcnt\u00fcler, sudoku, mant\u0131k oyunlar\u0131, matematik oyunlar\u0131 ve daha bir\u00e7ok e\u011flenceli etkinlikler bulaca\u011f\u0131n\u0131z bu kitab\u0131 \u00e7ocuklar\u0131n\u0131z b\u0131rakmak istemeyecekler.G\u00f6rsel Ak\u0131l Y\u00fcr\u00fctme Soru Prati\u011fi D\u00f6rt kategoriye ayr\u0131lm\u0131\u015ft\u0131r: \u015eekilleri Tan\u0131ma, Eksik \u015eekiller, D\u00f6nen \u015eekiller, Kodlanm\u0131\u015f \u015eekiller ve Mant\u0131k. Ayr\u0131ca hepsini i\u00e7eren bir deneme s\u0131nav\u0131 bulunmaktad\u0131r.Ebeveyn \u0130pu\u00e7lar\u0131, anlamay\u0131 ve kavramay\u0131 geli\u015ftirmek i\u00e7in \u00e7ocu\u011funuzla yapaca\u011f\u0131n\u0131z pratik aktiviteleri i\u00e7erir.<\/p>\n","protected":false},"excerpt":{"rendered":"<p>Yeni Nesil Problemler ve Bulmacalar, serinin di\u011fer kitaplar\u0131na zaman zaman ara verip, e\u011flenceli vakit ge\u00e7irmek isteyen \u00e7ocuklar i\u00e7in tasarlanm\u0131\u015ft\u0131r.Dikkat, odaklanma, problem \u00e7\u00f6zme, analiz, g\u00f6rsel alg\u0131, uzamsal<span class=\"excerpt-hellip\"> [\u2026]<\/span><\/p>\n","protected":false},"featured_media":0,"template":"","meta":{"_monsterinsights_skip_tracking":false,"_monsterinsights_sitenote_active":false,"_monsterinsights_sitenote_note":"","_monsterinsights_sitenote_category":0},"product_brand":[],"product_cat":[12274,24599],"product_tag":[],"class_list":{"0":"post-733150","1":"product","2":"type-product","3":"status-publish","5":"product_cat-cocuk-ve-genclik-kitaplari","6":"product_cat-zeka-gelisimi","7":"pa_cilt-ciltsiz","8":"pa_tur-kitap","9":"pa_yayinevi-dikkat-ve-zeka-akademisi-yayinlari","10":"pa_yazar-lynn-adams","12":"first","13":"instock","14":"sale","15":"shipping-taxable","16":"purchasable","17":"product-type-simple"},"_links":{"self":[{"href":"https:\/\/roveyayinevi.com.tr\/index.php\/wp-json\/wp\/v2\/product\/733150","targetHints":{"allow":["GET"]}}],"collection":[{"href":"https:\/\/roveyayinevi.com.tr\/index.php\/wp-json\/wp\/v2\/product"}],"about":[{"href":"https:\/\/roveyayinevi.com.tr\/index.php\/wp-json\/wp\/v2\/types\/product"}],"wp:attachment":[{"href":"https:\/\/roveyayinevi.com.tr\/index.php\/wp-json\/wp\/v2\/media?parent=733150"}],"wp:term":[{"taxonomy":"product_brand","embeddable":true,"href":"https:\/\/roveyayinevi.com.tr\/index.php\/wp-json\/wp\/v2\/product_brand?post=733150"},{"taxonomy":"product_cat","embeddable":true,"href":"https:\/\/roveyayinevi.com.tr\/index.php\/wp-json\/wp\/v2\/product_cat?post=733150"},{"taxonomy":"product_tag","embeddable":true,"href":"https:\/\/roveyayinevi.com.tr\/index.php\/wp-json\/wp\/v2\/product_tag?post=733150"}],"curies":[{"name":"wp","href":"https:\/\/api.w.org\/{rel}","templated":true}]}}