{"id":733140,"date":"2025-08-27T22:04:13","date_gmt":"2025-08-27T19:04:13","guid":{"rendered":"https:\/\/roveyayinevi.com.tr\/index.php\/urun\/cingo\/"},"modified":"2026-04-16T02:40:51","modified_gmt":"2026-04-15T23:40:51","slug":"cingo","status":"publish","type":"product","link":"https:\/\/roveyayinevi.com.tr\/index.php\/urun\/cingo\/","title":{"rendered":"Cingo"},"content":{"rendered":"<p>Sana, \u201cCingo yaramaz bir k\u00f6pektir,\u201d diyecekler. Sana, \u201cCingo iflah olmaz bir serseridir,\u201d diyecekler. Sana, \u201cCingo kuyruklu bir belad\u0131r,\u201d diyecekler&#8230; \u0130NANMA! \u00c7ekemiyorlar beni, hepsi bu. \u0130nsanlar beni k\u0131skan\u0131yor yaaa, \u00e7ok k\u0131skan\u0131yorlar. B\u00fct\u00fcn g\u00fcn \u201cCingoooooo yapmaaaa!\u201d diye ba\u011f\u0131rmalar\u0131n\u0131n as\u0131l sebebi bu. Hepsinin benim yerimde g\u00f6z\u00fc var. Biliyorum. Benim gibi silkelenerek kendilerini kurutamad\u0131klar\u0131, benim gibi ulu orta salamad\u0131klar\u0131, benim gibi kendi kuyru\u011funu yakalama oyunu oynayamad\u0131klar\u0131 i\u00e7in ar\u0131za \u00e7\u0131kar\u0131yorlar. O y\u00fczden yapt\u0131\u011f\u0131m her \u015fey sorun oluyor. Oku da g\u00f6r, nas\u0131l abartt\u0131klar\u0131n\u0131&#8230; Oku da g\u00f6r, nas\u0131l hakl\u0131y\u0131m&#8230; Oku da g\u00f6r, ben insan m\u0131y\u0131m, de\u011fil miyim?<\/p>\n","protected":false},"excerpt":{"rendered":"<p>Sana, \u201cCingo yaramaz bir k\u00f6pektir,\u201d diyecekler. Sana, \u201cCingo iflah olmaz bir serseridir,\u201d diyecekler. Sana, \u201cCingo kuyruklu bir belad\u0131r,\u201d diyecekler&#8230; \u0130NANMA! \u00c7ekemiyorlar beni, hepsi bu. \u0130nsanlar beni<span class=\"excerpt-hellip\"> [\u2026]<\/span><\/p>\n","protected":false},"featured_media":0,"template":"","meta":{"_monsterinsights_skip_tracking":false,"_monsterinsights_sitenote_active":false,"_monsterinsights_sitenote_note":"","_monsterinsights_sitenote_category":0},"product_brand":[],"product_cat":[12275,12274],"product_tag":[],"class_list":{"0":"post-733140","1":"product","2":"type-product","3":"status-publish","5":"product_cat-6-12-yas-kitaplari","6":"product_cat-cocuk-ve-genclik-kitaplari","7":"pa_cilt-ciltsiz","8":"pa_tur-kitap","9":"pa_yayinevi-dogan-egmont-yayincilik","10":"pa_yazar-sermin-yasar","12":"first","13":"instock","14":"sale","15":"shipping-taxable","16":"purchasable","17":"product-type-simple"},"_links":{"self":[{"href":"https:\/\/roveyayinevi.com.tr\/index.php\/wp-json\/wp\/v2\/product\/733140","targetHints":{"allow":["GET"]}}],"collection":[{"href":"https:\/\/roveyayinevi.com.tr\/index.php\/wp-json\/wp\/v2\/product"}],"about":[{"href":"https:\/\/roveyayinevi.com.tr\/index.php\/wp-json\/wp\/v2\/types\/product"}],"wp:attachment":[{"href":"https:\/\/roveyayinevi.com.tr\/index.php\/wp-json\/wp\/v2\/media?parent=733140"}],"wp:term":[{"taxonomy":"product_brand","embeddable":true,"href":"https:\/\/roveyayinevi.com.tr\/index.php\/wp-json\/wp\/v2\/product_brand?post=733140"},{"taxonomy":"product_cat","embeddable":true,"href":"https:\/\/roveyayinevi.com.tr\/index.php\/wp-json\/wp\/v2\/product_cat?post=733140"},{"taxonomy":"product_tag","embeddable":true,"href":"https:\/\/roveyayinevi.com.tr\/index.php\/wp-json\/wp\/v2\/product_tag?post=733140"}],"curies":[{"name":"wp","href":"https:\/\/api.w.org\/{rel}","templated":true}]}}