{"id":733139,"date":"2025-08-27T22:04:12","date_gmt":"2025-08-27T19:04:12","guid":{"rendered":"https:\/\/roveyayinevi.com.tr\/index.php\/urun\/10-11-yas-dikkat-zeka-bilissel-ve-dusunsel-beceriler-10-dakikalik-testler-4-kitap\/"},"modified":"2026-04-16T02:40:51","modified_gmt":"2026-04-15T23:40:51","slug":"10-11-yas-dikkat-zeka-bilissel-ve-dusunsel-beceriler-10-dakikalik-testler-4-kitap","status":"publish","type":"product","link":"https:\/\/roveyayinevi.com.tr\/index.php\/urun\/10-11-yas-dikkat-zeka-bilissel-ve-dusunsel-beceriler-10-dakikalik-testler-4-kitap\/","title":{"rendered":"10-11 Ya\u015f Dikkat &#8211; Zeka &#8211; Bili\u015fsel ve D\u00fc\u015f\u00fcnsel Beceriler &#8211; 10 Dakikal\u0131k Testler 4. Kitap"},"content":{"rendered":"<p>10 Dakikal\u0131k Testler ile \u00e7ocuklar\u0131n dikkat, g\u00f6rsel alg\u0131, odaklanma, problem \u00e7\u00f6zme, planlama ve ak\u0131l y\u00fcr\u00fctme becerilerinin d\u00fczeyi on dakika gibi k\u0131sa bir s\u00fcrede belirlenir ve yetersiz oldu\u011fu becerilerinin geli\u015ftirilmesi i\u00e7in \u00f6\u011fretmen ve ebeveynlere \u00f6nerilerde bulunulur. Farkl\u0131 olan \u015fekli bulma, ard\u0131\u015f\u0131k \u015fekilleri tamamlama ve \u015feklin simetri\u011fini bulma etkinlikleri ile \u00e7ocuklar\u0131n geli\u015ftirilmesi gereken beceriler belirlenir, test kitap\u00e7\u0131\u011f\u0131n\u0131n sonunda bulunan Geli\u015fim Tablosu ile \u00e7ocu\u011fun bili\u015fsel geli\u015fimi takip edilir.<\/p>\n","protected":false},"excerpt":{"rendered":"<p>10 Dakikal\u0131k Testler ile \u00e7ocuklar\u0131n dikkat, g\u00f6rsel alg\u0131, odaklanma, problem \u00e7\u00f6zme, planlama ve ak\u0131l y\u00fcr\u00fctme becerilerinin d\u00fczeyi on dakika gibi k\u0131sa bir s\u00fcrede belirlenir ve yetersiz<span class=\"excerpt-hellip\"> [\u2026]<\/span><\/p>\n","protected":false},"featured_media":0,"template":"","meta":{"_monsterinsights_skip_tracking":false,"_monsterinsights_sitenote_active":false,"_monsterinsights_sitenote_note":"","_monsterinsights_sitenote_category":0},"product_brand":[],"product_cat":[12274,24599],"product_tag":[],"class_list":{"0":"post-733139","1":"product","2":"type-product","3":"status-publish","5":"product_cat-cocuk-ve-genclik-kitaplari","6":"product_cat-zeka-gelisimi","7":"pa_cilt-ciltsiz","8":"pa_tur-kitap","9":"pa_yayinevi-dikkat-ve-zeka-akademisi-yayinlari","10":"pa_yazar-alison-primrose","12":"first","13":"instock","14":"sale","15":"shipping-taxable","16":"purchasable","17":"product-type-simple"},"_links":{"self":[{"href":"https:\/\/roveyayinevi.com.tr\/index.php\/wp-json\/wp\/v2\/product\/733139","targetHints":{"allow":["GET"]}}],"collection":[{"href":"https:\/\/roveyayinevi.com.tr\/index.php\/wp-json\/wp\/v2\/product"}],"about":[{"href":"https:\/\/roveyayinevi.com.tr\/index.php\/wp-json\/wp\/v2\/types\/product"}],"wp:attachment":[{"href":"https:\/\/roveyayinevi.com.tr\/index.php\/wp-json\/wp\/v2\/media?parent=733139"}],"wp:term":[{"taxonomy":"product_brand","embeddable":true,"href":"https:\/\/roveyayinevi.com.tr\/index.php\/wp-json\/wp\/v2\/product_brand?post=733139"},{"taxonomy":"product_cat","embeddable":true,"href":"https:\/\/roveyayinevi.com.tr\/index.php\/wp-json\/wp\/v2\/product_cat?post=733139"},{"taxonomy":"product_tag","embeddable":true,"href":"https:\/\/roveyayinevi.com.tr\/index.php\/wp-json\/wp\/v2\/product_tag?post=733139"}],"curies":[{"name":"wp","href":"https:\/\/api.w.org\/{rel}","templated":true}]}}