{"id":733138,"date":"2025-08-27T22:04:11","date_gmt":"2025-08-27T19:04:11","guid":{"rendered":"https:\/\/roveyayinevi.com.tr\/index.php\/urun\/10-11-yas-dikkat-zeka-bilissel-ve-dusunsel-beceriler-zihin-acma-ve-pekistirme-5-kitap\/"},"modified":"2026-04-16T02:40:51","modified_gmt":"2026-04-15T23:40:51","slug":"10-11-yas-dikkat-zeka-bilissel-ve-dusunsel-beceriler-zihin-acma-ve-pekistirme-5-kitap","status":"publish","type":"product","link":"https:\/\/roveyayinevi.com.tr\/index.php\/urun\/10-11-yas-dikkat-zeka-bilissel-ve-dusunsel-beceriler-zihin-acma-ve-pekistirme-5-kitap\/","title":{"rendered":"10-11 Ya\u015f Dikkat &#8211; Zeka &#8211; Bili\u015fsel ve D\u00fc\u015f\u00fcnsel Beceriler &#8211; Zihin A\u00e7ma ve Peki\u015ftirme 5. Kitap"},"content":{"rendered":"<p>Oxford kitaplar\u0131n\u0131n Zihin A\u00e7ma ve Peki\u015ftirme serisi Geli\u015ftirme ve De\u011ferlendirme Etkinliklerinin ilavesi olarak haz\u0131rlanm\u0131\u015ft\u0131r. Testler prati\u011fi art\u0131r\u0131r, \u00f6\u011frenmeyi peki\u015ftirir. Kitap sonundaki Geli\u015fim Tablosu, konu testi ve karma test sonu\u00e7lar\u0131n\u0131 takip eder. \u00c7ocuklar farkl\u0131 soru tipleriyle kar\u015f\u0131la\u015farak geli\u015fimlerini peki\u015ftirirler. Geli\u015fim tablosunu d\u00fczenli takip etmek \u00e7ocuklar\u0131n do\u011fru verdikleri cevaplarla geli\u015fimlerini g\u00f6zlemlemeye yard\u0131mc\u0131 olur.<\/p>\n","protected":false},"excerpt":{"rendered":"<p>Oxford kitaplar\u0131n\u0131n Zihin A\u00e7ma ve Peki\u015ftirme serisi Geli\u015ftirme ve De\u011ferlendirme Etkinliklerinin ilavesi olarak haz\u0131rlanm\u0131\u015ft\u0131r. Testler prati\u011fi art\u0131r\u0131r, \u00f6\u011frenmeyi peki\u015ftirir. Kitap sonundaki Geli\u015fim Tablosu, konu testi ve<span class=\"excerpt-hellip\"> [\u2026]<\/span><\/p>\n","protected":false},"featured_media":0,"template":"","meta":{"_monsterinsights_skip_tracking":false,"_monsterinsights_sitenote_active":false,"_monsterinsights_sitenote_note":"","_monsterinsights_sitenote_category":0},"product_brand":[],"product_cat":[12274,24599],"product_tag":[],"class_list":{"0":"post-733138","1":"product","2":"type-product","3":"status-publish","5":"product_cat-cocuk-ve-genclik-kitaplari","6":"product_cat-zeka-gelisimi","7":"pa_cilt-ciltsiz","8":"pa_tur-kitap","9":"pa_yayinevi-dikkat-ve-zeka-akademisi-yayinlari","10":"pa_yazar-alison-primrose","12":"first","13":"instock","14":"sale","15":"shipping-taxable","16":"purchasable","17":"product-type-simple"},"_links":{"self":[{"href":"https:\/\/roveyayinevi.com.tr\/index.php\/wp-json\/wp\/v2\/product\/733138","targetHints":{"allow":["GET"]}}],"collection":[{"href":"https:\/\/roveyayinevi.com.tr\/index.php\/wp-json\/wp\/v2\/product"}],"about":[{"href":"https:\/\/roveyayinevi.com.tr\/index.php\/wp-json\/wp\/v2\/types\/product"}],"wp:attachment":[{"href":"https:\/\/roveyayinevi.com.tr\/index.php\/wp-json\/wp\/v2\/media?parent=733138"}],"wp:term":[{"taxonomy":"product_brand","embeddable":true,"href":"https:\/\/roveyayinevi.com.tr\/index.php\/wp-json\/wp\/v2\/product_brand?post=733138"},{"taxonomy":"product_cat","embeddable":true,"href":"https:\/\/roveyayinevi.com.tr\/index.php\/wp-json\/wp\/v2\/product_cat?post=733138"},{"taxonomy":"product_tag","embeddable":true,"href":"https:\/\/roveyayinevi.com.tr\/index.php\/wp-json\/wp\/v2\/product_tag?post=733138"}],"curies":[{"name":"wp","href":"https:\/\/api.w.org\/{rel}","templated":true}]}}