{"id":733137,"date":"2025-08-27T22:04:10","date_gmt":"2025-08-27T19:04:10","guid":{"rendered":"https:\/\/roveyayinevi.com.tr\/index.php\/urun\/10-11-yas-dikkat-zeka-bilissel-ve-dusunsel-beceriler-hiz-kazandirma-3-kitap10-11-yas-dikkat-zeka-bilissel-ve-dusunsel\/"},"modified":"2026-04-16T02:40:51","modified_gmt":"2026-04-15T23:40:51","slug":"10-11-yas-dikkat-zeka-bilissel-ve-dusunsel-beceriler-hiz-kazandirma-3-kitap10-11-yas-dikkat-zeka-bilissel-ve-dusunsel","status":"publish","type":"product","link":"https:\/\/roveyayinevi.com.tr\/index.php\/urun\/10-11-yas-dikkat-zeka-bilissel-ve-dusunsel-beceriler-hiz-kazandirma-3-kitap10-11-yas-dikkat-zeka-bilissel-ve-dusunsel\/","title":{"rendered":"10-11 Ya\u015f Dikkat &#8211; Zeka &#8211; Bili\u015fsel ve D\u00fc\u015f\u00fcnsel Beceriler &#8211; H\u0131z Kazand\u0131rma 3. Kitap10-11 Ya\u015f Dikkat &#8211; Zeka &#8211; Bili\u015fsel ve D\u00fc\u015f\u00fcnsel"},"content":{"rendered":"<p>H\u0131z Kazand\u0131rma kitab\u0131 ile \u00e7ocuklara dikkat, g\u00f6rsel alg\u0131, odaklanma, problem \u00e7\u00f6zme, planlama ve ak\u0131l y\u00fcr\u00fctme becerileri kazand\u0131rmaya \u00e7al\u0131\u015f\u0131lm\u0131\u015ft\u0131r. Kitaptaki konu testleri benzerlikler, analojiler, \u00f6r\u00fcnt\u00fcler, simetri, tablolar, \u015fifreler, k\u00fcpler, \u015fekilleri birle\u015ftirme ve \u015fekillerin \u00f6zelliklerini (boyut, bi\u00e7im, konum, a\u00e7\u0131, say\u0131, desen) fark etme olarak s\u0131n\u0131fland\u0131r\u0131lm\u0131\u015ft\u0131r. Bu sayede \u00e7ocuklar\u0131n geli\u015ftirilmesi gereken becerilerinin belirlenmesi, test kitap\u00e7\u0131\u011f\u0131n\u0131n sonunda bulunan Geli\u015fim Tablosu ile de \u00e7ocu\u011fun bili\u015fsel geli\u015fiminin takip edilmesi ama\u00e7lanm\u0131\u015ft\u0131r<\/p>\n","protected":false},"excerpt":{"rendered":"<p>H\u0131z Kazand\u0131rma kitab\u0131 ile \u00e7ocuklara dikkat, g\u00f6rsel alg\u0131, odaklanma, problem \u00e7\u00f6zme, planlama ve ak\u0131l y\u00fcr\u00fctme becerileri kazand\u0131rmaya \u00e7al\u0131\u015f\u0131lm\u0131\u015ft\u0131r. Kitaptaki konu testleri benzerlikler, analojiler, \u00f6r\u00fcnt\u00fcler, simetri, tablolar,<span class=\"excerpt-hellip\"> [\u2026]<\/span><\/p>\n","protected":false},"featured_media":0,"template":"","meta":{"_monsterinsights_skip_tracking":false,"_monsterinsights_sitenote_active":false,"_monsterinsights_sitenote_note":"","_monsterinsights_sitenote_category":0},"product_brand":[],"product_cat":[12274,24599],"product_tag":[],"class_list":{"0":"post-733137","1":"product","2":"type-product","3":"status-publish","5":"product_cat-cocuk-ve-genclik-kitaplari","6":"product_cat-zeka-gelisimi","7":"pa_cilt-ciltsiz","8":"pa_tur-kitap","9":"pa_yayinevi-dikkat-ve-zeka-akademisi-yayinlari","10":"pa_yazar-alison-primrose","12":"first","13":"instock","14":"sale","15":"shipping-taxable","16":"purchasable","17":"product-type-simple"},"_links":{"self":[{"href":"https:\/\/roveyayinevi.com.tr\/index.php\/wp-json\/wp\/v2\/product\/733137","targetHints":{"allow":["GET"]}}],"collection":[{"href":"https:\/\/roveyayinevi.com.tr\/index.php\/wp-json\/wp\/v2\/product"}],"about":[{"href":"https:\/\/roveyayinevi.com.tr\/index.php\/wp-json\/wp\/v2\/types\/product"}],"wp:attachment":[{"href":"https:\/\/roveyayinevi.com.tr\/index.php\/wp-json\/wp\/v2\/media?parent=733137"}],"wp:term":[{"taxonomy":"product_brand","embeddable":true,"href":"https:\/\/roveyayinevi.com.tr\/index.php\/wp-json\/wp\/v2\/product_brand?post=733137"},{"taxonomy":"product_cat","embeddable":true,"href":"https:\/\/roveyayinevi.com.tr\/index.php\/wp-json\/wp\/v2\/product_cat?post=733137"},{"taxonomy":"product_tag","embeddable":true,"href":"https:\/\/roveyayinevi.com.tr\/index.php\/wp-json\/wp\/v2\/product_tag?post=733137"}],"curies":[{"name":"wp","href":"https:\/\/api.w.org\/{rel}","templated":true}]}}