{"id":733135,"date":"2025-08-27T22:04:08","date_gmt":"2025-08-27T19:04:08","guid":{"rendered":"https:\/\/roveyayinevi.com.tr\/index.php\/urun\/cin-ati\/"},"modified":"2026-04-16T02:40:51","modified_gmt":"2026-04-15T23:40:51","slug":"cin-ati","status":"publish","type":"product","link":"https:\/\/roveyayinevi.com.tr\/index.php\/urun\/cin-ati\/","title":{"rendered":"Cin At\u0131"},"content":{"rendered":"<p>Haydi gelin, sizinle Cin At\u0131&#8217;na binelim. Pedallar\u0131 \u00e7evirince yol \u00e7izgilerinin akt\u0131\u011f\u0131n\u0131 g\u00f6relim tekerleklerin alt\u0131nda&#8230; Sa\u00e7lar\u0131m\u0131z r\u00fczg\u00e2rda u\u00e7u\u015fsun&#8230; \u00d6zg\u00fcrl\u00fck duygusu dolsun ci\u011ferlerimize, kalbimize, ruhumuza&#8230; S\u0131k\u0131nt\u0131lar\u0131m\u0131z, korkular\u0131m\u0131z u\u00e7up gitsin i\u00e7imizden\u2026 Kendimizi do\u011faya, sevgiye, yeni arkada\u015fl\u0131klara ve dostluklara a\u00e7al\u0131m&#8230; Sevin\u00e7 dolsun i\u00e7imize, co\u015fkuyla kahkahalar atal\u0131m\u2026 Cin At\u0131&#8217;m\u0131zla kanatlanal\u0131m&#8230;Cin At\u0131, bisiklete binmeyi sevenler i\u00e7in\u2026 Yoksa siz, bisiklete binmeyi sevmiyor musunuz ?.. O zaman, sizin i\u00e7in de Cin At\u0131&#8217;n\u0131 okuman\u0131n tam zaman\u0131 !&#8221;\u00d6zg\u00fcrl\u00fck bazen iki tekeri d\u00f6nd\u00fcren zincirin sesine b\u00fcr\u00fcn\u00fcp yan\u0131 ba\u015f\u0131m\u0131za sokuluverir. Al\u0131p bizi, bamba\u015fka d\u00fcnyalara g\u00f6t\u00fcrmektir b\u00fct\u00fcn derdi. Tek yapmam\u0131z gereken, onca g\u00fcr\u00fclt\u00fcn\u00fcn i\u00e7inde biraz kulak kabartmakt\u0131r ona. Yakla\u015f\u0131n biraz daha kitaba, haydi biraz daha&#8230; R\u00fczg\u00e2ra kafa tutan bisikletin sesini duyuyor musunuz?&#8221;-\u00d6zg\u00fcr Dan\u0131\u015fman, T\u00fcrk\u00e7e \u00d6\u011fretmeni<\/p>\n","protected":false},"excerpt":{"rendered":"<p>Haydi gelin, sizinle Cin At\u0131&#8217;na binelim. Pedallar\u0131 \u00e7evirince yol \u00e7izgilerinin akt\u0131\u011f\u0131n\u0131 g\u00f6relim tekerleklerin alt\u0131nda&#8230; Sa\u00e7lar\u0131m\u0131z r\u00fczg\u00e2rda u\u00e7u\u015fsun&#8230; \u00d6zg\u00fcrl\u00fck duygusu dolsun ci\u011ferlerimize, kalbimize, ruhumuza&#8230; S\u0131k\u0131nt\u0131lar\u0131m\u0131z, korkular\u0131m\u0131z u\u00e7up<span class=\"excerpt-hellip\"> [\u2026]<\/span><\/p>\n","protected":false},"featured_media":0,"template":"","meta":{"_monsterinsights_skip_tracking":false,"_monsterinsights_sitenote_active":false,"_monsterinsights_sitenote_note":"","_monsterinsights_sitenote_category":0},"product_brand":[],"product_cat":[12274,12284],"product_tag":[],"class_list":{"0":"post-733135","1":"product","2":"type-product","3":"status-publish","5":"product_cat-cocuk-ve-genclik-kitaplari","6":"product_cat-hikayeler","7":"pa_cilt-ciltsiz","8":"pa_tur-kitap","9":"pa_yayinevi-epsilon-ozel-urun","10":"pa_yazar-banu-ozdemir","12":"first","13":"instock","14":"sale","15":"shipping-taxable","16":"purchasable","17":"product-type-simple"},"_links":{"self":[{"href":"https:\/\/roveyayinevi.com.tr\/index.php\/wp-json\/wp\/v2\/product\/733135","targetHints":{"allow":["GET"]}}],"collection":[{"href":"https:\/\/roveyayinevi.com.tr\/index.php\/wp-json\/wp\/v2\/product"}],"about":[{"href":"https:\/\/roveyayinevi.com.tr\/index.php\/wp-json\/wp\/v2\/types\/product"}],"wp:attachment":[{"href":"https:\/\/roveyayinevi.com.tr\/index.php\/wp-json\/wp\/v2\/media?parent=733135"}],"wp:term":[{"taxonomy":"product_brand","embeddable":true,"href":"https:\/\/roveyayinevi.com.tr\/index.php\/wp-json\/wp\/v2\/product_brand?post=733135"},{"taxonomy":"product_cat","embeddable":true,"href":"https:\/\/roveyayinevi.com.tr\/index.php\/wp-json\/wp\/v2\/product_cat?post=733135"},{"taxonomy":"product_tag","embeddable":true,"href":"https:\/\/roveyayinevi.com.tr\/index.php\/wp-json\/wp\/v2\/product_tag?post=733135"}],"curies":[{"name":"wp","href":"https:\/\/api.w.org\/{rel}","templated":true}]}}