{"id":733132,"date":"2025-08-27T22:04:04","date_gmt":"2025-08-27T19:04:04","guid":{"rendered":"https:\/\/roveyayinevi.com.tr\/index.php\/urun\/duman-cetesi\/"},"modified":"2026-04-16T02:40:51","modified_gmt":"2026-04-15T23:40:51","slug":"duman-cetesi","status":"publish","type":"product","link":"https:\/\/roveyayinevi.com.tr\/index.php\/urun\/duman-cetesi\/","title":{"rendered":"Duman \u00c7etesi"},"content":{"rendered":"<p>Sigaralar\u0131n yan\u0131 s\u0131ra fabrikalardan, bacalardan, yang\u0131nlardan ve arabalardan \u00e7\u0131kan kirli, zararl\u0131 dumanlar birle\u015ferek her yeri dumana bo\u011farsa, d\u00fcnyay\u0131 ya\u015fanmaz h\u00e2le getirirse ne yapar\u0131z? Bu konuda hi\u00e7 d\u00fc\u015f\u00fcnd\u00fcn\u00fcz m\u00fc? \u0130\u015fte bu kitap, \u00e7\u00f6z\u00fcm \u00f6neriyor, &#8220;D\u00fcnyam\u0131z\u0131 \u00e7i\u00e7eklerle kaplayal\u0131m!&#8221; diyor.&#8221;Banu Bozdemir&#8217;den e\u011fitici bir kitap daha. \u00c7evremizi saran kirli hava ve k\u00f6t\u00fc kokularla m\u00fccadele hi\u00e7 bu kadar e\u011flenceli ve e\u011fitici olmam\u0131\u015ft\u0131. Bu kitap, sadece \u00e7ocuklar\u0131 de\u011fil, biz yeti\u015fkinleri de uyar\u0131yor, \u00e7evre kirlili\u011fi sorununa farkl\u0131 bir bak\u0131\u015f getiriyor. Duman \u00c7etesi, d\u00fcnyam\u0131z\u0131 sinsice ele ge\u00e7irirken Emre onlarla m\u00fccadele ediyor. Gelin, biz de Emre&#8217;ye destek olarak d\u00fcnyam\u0131z\u0131 \u00e7i\u00e7eklerle ve g\u00fczel kokularla donatal\u0131m.&#8221;Seda Ke\u00e7e &#8211; T\u00fcrk\u00e7e \u00d6\u011fretmeni<\/p>\n","protected":false},"excerpt":{"rendered":"<p>Sigaralar\u0131n yan\u0131 s\u0131ra fabrikalardan, bacalardan, yang\u0131nlardan ve arabalardan \u00e7\u0131kan kirli, zararl\u0131 dumanlar birle\u015ferek her yeri dumana bo\u011farsa, d\u00fcnyay\u0131 ya\u015fanmaz h\u00e2le getirirse ne yapar\u0131z? Bu konuda hi\u00e7<span class=\"excerpt-hellip\"> [\u2026]<\/span><\/p>\n","protected":false},"featured_media":0,"template":"","meta":{"_monsterinsights_skip_tracking":false,"_monsterinsights_sitenote_active":false,"_monsterinsights_sitenote_note":"","_monsterinsights_sitenote_category":0},"product_brand":[],"product_cat":[12274,12284],"product_tag":[],"class_list":{"0":"post-733132","1":"product","2":"type-product","3":"status-publish","5":"product_cat-cocuk-ve-genclik-kitaplari","6":"product_cat-hikayeler","7":"pa_cilt-ciltsiz","8":"pa_tur-kitap","9":"pa_yayinevi-epsilon-ozel-urun","10":"pa_yazar-banu-ozdemir","12":"first","13":"instock","14":"sale","15":"shipping-taxable","16":"purchasable","17":"product-type-simple"},"_links":{"self":[{"href":"https:\/\/roveyayinevi.com.tr\/index.php\/wp-json\/wp\/v2\/product\/733132","targetHints":{"allow":["GET"]}}],"collection":[{"href":"https:\/\/roveyayinevi.com.tr\/index.php\/wp-json\/wp\/v2\/product"}],"about":[{"href":"https:\/\/roveyayinevi.com.tr\/index.php\/wp-json\/wp\/v2\/types\/product"}],"wp:attachment":[{"href":"https:\/\/roveyayinevi.com.tr\/index.php\/wp-json\/wp\/v2\/media?parent=733132"}],"wp:term":[{"taxonomy":"product_brand","embeddable":true,"href":"https:\/\/roveyayinevi.com.tr\/index.php\/wp-json\/wp\/v2\/product_brand?post=733132"},{"taxonomy":"product_cat","embeddable":true,"href":"https:\/\/roveyayinevi.com.tr\/index.php\/wp-json\/wp\/v2\/product_cat?post=733132"},{"taxonomy":"product_tag","embeddable":true,"href":"https:\/\/roveyayinevi.com.tr\/index.php\/wp-json\/wp\/v2\/product_tag?post=733132"}],"curies":[{"name":"wp","href":"https:\/\/api.w.org\/{rel}","templated":true}]}}