{"id":733131,"date":"2025-08-27T22:04:03","date_gmt":"2025-08-27T19:04:03","guid":{"rendered":"https:\/\/roveyayinevi.com.tr\/index.php\/urun\/10-11-yas-dikkat-zeka-bilissel-ve-dusunsel-beceriler-on-dakikalik-testler-uzaysal-ve-mekansal-beceriler-6-kitap\/"},"modified":"2026-04-16T02:40:51","modified_gmt":"2026-04-15T23:40:51","slug":"10-11-yas-dikkat-zeka-bilissel-ve-dusunsel-beceriler-on-dakikalik-testler-uzaysal-ve-mekansal-beceriler-6-kitap","status":"publish","type":"product","link":"https:\/\/roveyayinevi.com.tr\/index.php\/urun\/10-11-yas-dikkat-zeka-bilissel-ve-dusunsel-beceriler-on-dakikalik-testler-uzaysal-ve-mekansal-beceriler-6-kitap\/","title":{"rendered":"10-11 Ya\u015f Dikkat &#8211; Zeka &#8211; Bili\u015fsel ve D\u00fc\u015f\u00fcnsel Beceriler &#8211; On Dakikal\u0131k Testler Uzaysal ve Mekansal Beceriler 6. Kitap"},"content":{"rendered":"<p>Son y\u0131llarda giri\u015f s\u0131navlar\u0131nda bilgi sorular\u0131ndan \u00e7ok dikkat, odaklanma, g\u00f6rsel alg\u0131, uzamsal d\u00fc\u015f\u00fcnme, problem \u00e7\u00f6zme, planlama ve analiz yapabilme gibi temel becerilere dayanan soru t\u00fcrlerinin yo\u011funlu\u011fu dikkat \u00e7ekmektedir. \u00d6zellikle uzamsal ili\u015fkileri kavrayabilme, tablo-grafik yorumlayabilme, say\u0131sal verileri kullanabilme, \u00f6r\u00fcnt\u00fc tamamlayabilme ve problem \u00e7\u00f6zme gibi temel ak\u0131l y\u00fcr\u00fctme becerilerinin d\u00fczeyini belirlemek ve bu becerilerin geli\u015fimine katk\u0131da bulunmak bu kitab\u0131n temel hedefidir.<\/p>\n","protected":false},"excerpt":{"rendered":"<p>Son y\u0131llarda giri\u015f s\u0131navlar\u0131nda bilgi sorular\u0131ndan \u00e7ok dikkat, odaklanma, g\u00f6rsel alg\u0131, uzamsal d\u00fc\u015f\u00fcnme, problem \u00e7\u00f6zme, planlama ve analiz yapabilme gibi temel becerilere dayanan soru t\u00fcrlerinin yo\u011funlu\u011fu<span class=\"excerpt-hellip\"> [\u2026]<\/span><\/p>\n","protected":false},"featured_media":0,"template":"","meta":{"_monsterinsights_skip_tracking":false,"_monsterinsights_sitenote_active":false,"_monsterinsights_sitenote_note":"","_monsterinsights_sitenote_category":0},"product_brand":[],"product_cat":[12274,24599],"product_tag":[],"class_list":{"0":"post-733131","1":"product","2":"type-product","3":"status-publish","5":"product_cat-cocuk-ve-genclik-kitaplari","6":"product_cat-zeka-gelisimi","7":"pa_cilt-set","8":"pa_tur-kitap","9":"pa_yayinevi-dikkat-ve-zeka-akademisi-yayinlari","10":"pa_yazar-lynn-adams","12":"first","13":"instock","14":"sale","15":"shipping-taxable","16":"purchasable","17":"product-type-simple"},"_links":{"self":[{"href":"https:\/\/roveyayinevi.com.tr\/index.php\/wp-json\/wp\/v2\/product\/733131","targetHints":{"allow":["GET"]}}],"collection":[{"href":"https:\/\/roveyayinevi.com.tr\/index.php\/wp-json\/wp\/v2\/product"}],"about":[{"href":"https:\/\/roveyayinevi.com.tr\/index.php\/wp-json\/wp\/v2\/types\/product"}],"wp:attachment":[{"href":"https:\/\/roveyayinevi.com.tr\/index.php\/wp-json\/wp\/v2\/media?parent=733131"}],"wp:term":[{"taxonomy":"product_brand","embeddable":true,"href":"https:\/\/roveyayinevi.com.tr\/index.php\/wp-json\/wp\/v2\/product_brand?post=733131"},{"taxonomy":"product_cat","embeddable":true,"href":"https:\/\/roveyayinevi.com.tr\/index.php\/wp-json\/wp\/v2\/product_cat?post=733131"},{"taxonomy":"product_tag","embeddable":true,"href":"https:\/\/roveyayinevi.com.tr\/index.php\/wp-json\/wp\/v2\/product_tag?post=733131"}],"curies":[{"name":"wp","href":"https:\/\/api.w.org\/{rel}","templated":true}]}}