{"id":733128,"date":"2025-08-27T22:04:01","date_gmt":"2025-08-27T19:04:01","guid":{"rendered":"https:\/\/roveyayinevi.com.tr\/index.php\/urun\/ors-nesnelerin-dili\/"},"modified":"2026-04-16T02:40:51","modified_gmt":"2026-04-15T23:40:51","slug":"ors-nesnelerin-dili","status":"publish","type":"product","link":"https:\/\/roveyayinevi.com.tr\/index.php\/urun\/ors-nesnelerin-dili\/","title":{"rendered":"\u00d6rs &#8211; Nesnelerin Dili"},"content":{"rendered":"<p>&#8220;&#8230;Nesnelere g\u00f6sterdi\u011fimiz vefa, \u00f6zellikle, hat\u0131ra nesneler ya da yadig\u00e2rlar s\u00f6z konusu ise daha farkl\u0131 bir anlam kazan\u0131yor. Benim de vefa g\u00f6sterdi\u011fim yadig\u00e2r nesnelerim var. Bunlardan biri, babam\u0131n \u00f6lmeden \u00f6nce bana \u2018o\u011flum, hi\u00e7 de\u011filse bazen kendi ayakkab\u0131lar\u0131n\u0131 tamir edersin\u2019 diyerek arma\u011fan etti\u011fi demir bir \u00f6rs. Ama ben, zamana ta\u015ftan da dayan\u0131kl\u0131 o demir \u00f6rs\u00fc ald\u0131m, kitapl\u0131\u011f\u0131m\u0131n \u00fcst\u00fcne koydum, bir tek ayakkab\u0131 bile tamir etmeden. Nesneye vefa g\u00f6stereyim derken babama vefas\u0131zl\u0131k m\u0131 ettim yoksa?&#8230;&#8221;<\/p>\n","protected":false},"excerpt":{"rendered":"<p>&#8220;&#8230;Nesnelere g\u00f6sterdi\u011fimiz vefa, \u00f6zellikle, hat\u0131ra nesneler ya da yadig\u00e2rlar s\u00f6z konusu ise daha farkl\u0131 bir anlam kazan\u0131yor. Benim de vefa g\u00f6sterdi\u011fim yadig\u00e2r nesnelerim var. Bunlardan biri,<span class=\"excerpt-hellip\"> [\u2026]<\/span><\/p>\n","protected":false},"featured_media":0,"template":"","meta":{"_monsterinsights_skip_tracking":false,"_monsterinsights_sitenote_active":false,"_monsterinsights_sitenote_note":"","_monsterinsights_sitenote_category":0},"product_brand":[],"product_cat":[12777,12291],"product_tag":[],"class_list":{"0":"post-733128","1":"product","2":"type-product","3":"status-publish","5":"product_cat-deneme","6":"product_cat-edebiyat","7":"pa_cilt-ciltsiz","8":"pa_tur-kitap","9":"pa_yayinevi-cumhuriyet-kitaplari","10":"pa_yazar-ilyas-tunc","12":"first","13":"instock","14":"sale","15":"shipping-taxable","16":"purchasable","17":"product-type-simple"},"_links":{"self":[{"href":"https:\/\/roveyayinevi.com.tr\/index.php\/wp-json\/wp\/v2\/product\/733128","targetHints":{"allow":["GET"]}}],"collection":[{"href":"https:\/\/roveyayinevi.com.tr\/index.php\/wp-json\/wp\/v2\/product"}],"about":[{"href":"https:\/\/roveyayinevi.com.tr\/index.php\/wp-json\/wp\/v2\/types\/product"}],"wp:attachment":[{"href":"https:\/\/roveyayinevi.com.tr\/index.php\/wp-json\/wp\/v2\/media?parent=733128"}],"wp:term":[{"taxonomy":"product_brand","embeddable":true,"href":"https:\/\/roveyayinevi.com.tr\/index.php\/wp-json\/wp\/v2\/product_brand?post=733128"},{"taxonomy":"product_cat","embeddable":true,"href":"https:\/\/roveyayinevi.com.tr\/index.php\/wp-json\/wp\/v2\/product_cat?post=733128"},{"taxonomy":"product_tag","embeddable":true,"href":"https:\/\/roveyayinevi.com.tr\/index.php\/wp-json\/wp\/v2\/product_tag?post=733128"}],"curies":[{"name":"wp","href":"https:\/\/api.w.org\/{rel}","templated":true}]}}