{"id":733127,"date":"2025-08-27T22:04:00","date_gmt":"2025-08-27T19:04:00","guid":{"rendered":"https:\/\/roveyayinevi.com.tr\/index.php\/urun\/kizilkanat\/"},"modified":"2026-04-16T02:40:51","modified_gmt":"2026-04-15T23:40:51","slug":"kizilkanat","status":"publish","type":"product","link":"https:\/\/roveyayinevi.com.tr\/index.php\/urun\/kizilkanat\/","title":{"rendered":"K\u0131z\u0131lkanat"},"content":{"rendered":"<p>\u201cBir \u00f6yk\u00fcy\u00fc yaln\u0131zca sonuna g\u00f6re de\u011ferlendirirsen kalan\u0131na haks\u0131zl\u0131k etmi\u015f olursun.\u201d K\u0131z\u0131lkanat, \u00e7ok sevdi\u011fi dedesini kaybedince b\u00fcy\u00fck bir ac\u0131 duyar. Ne b\u00fcy\u00fcmek ister ne de eksilmek. G\u00fcne\u015fin alt\u0131nda yatan bir kertenkele gibi tastamam olmay\u0131 d\u00fc\u015fler. Beyaz Benekli K\u00fc\u00e7\u00fck Mavi Ku\u015f\u2019un pe\u015fine tak\u0131lan K\u0131z\u0131lkanat, \u00e7ocuklar\u0131n hi\u00e7 b\u00fcy\u00fcmedi\u011fi, ac\u0131 \u00e7ekmedi\u011fi ve zaman\u0131n da akmad\u0131\u011f\u0131 G\u00fcnge\u00e7mez Orman\u0131\u2019n\u0131n yolunu tutar. Orada kurdu\u011fu arkada\u015fl\u0131klar, ya\u015fad\u0131klar\u0131 ve dedesinin \u00f6\u011f\u00fctleri K\u0131z\u0131lkanat\u2019\u0131n \u00f6l\u00fcme ve ya\u015fama bak\u0131\u015f\u0131n\u0131 derinden etkileyecektir. Verda S\u00f6nmez An\u0131l\u2019dan hayattaki kay\u0131plar, b\u00fcy\u00fcmek ve yas tutmak \u00fczerine etkileyici bir ilk roman.  Zengin metaforlar\u0131 ve masals\u0131 \u00fcslubuyla g\u00fc\u00e7l\u00fc bir anlat\u0131 kuran yazar, umudu elden b\u0131rakmadan ya\u015fam\u0131 y\u00fcceltiyor. <\/p>\n","protected":false},"excerpt":{"rendered":"<p>\u201cBir \u00f6yk\u00fcy\u00fc yaln\u0131zca sonuna g\u00f6re de\u011ferlendirirsen kalan\u0131na haks\u0131zl\u0131k etmi\u015f olursun.\u201d K\u0131z\u0131lkanat, \u00e7ok sevdi\u011fi dedesini kaybedince b\u00fcy\u00fck bir ac\u0131 duyar. Ne b\u00fcy\u00fcmek ister ne de eksilmek. G\u00fcne\u015fin<span class=\"excerpt-hellip\"> [\u2026]<\/span><\/p>\n","protected":false},"featured_media":0,"template":"","meta":{"_monsterinsights_skip_tracking":false,"_monsterinsights_sitenote_active":false,"_monsterinsights_sitenote_note":"","_monsterinsights_sitenote_category":0},"product_brand":[],"product_cat":[12275,12274],"product_tag":[],"class_list":{"0":"post-733127","1":"product","2":"type-product","3":"status-publish","5":"product_cat-6-12-yas-kitaplari","6":"product_cat-cocuk-ve-genclik-kitaplari","7":"pa_cilt-ciltsiz","8":"pa_tur-kitap","9":"pa_yayinevi-kirmizi-kedi-yayinevi","10":"pa_yazar-verda-sonmez-anil","12":"first","13":"instock","14":"sale","15":"shipping-taxable","16":"purchasable","17":"product-type-simple"},"_links":{"self":[{"href":"https:\/\/roveyayinevi.com.tr\/index.php\/wp-json\/wp\/v2\/product\/733127","targetHints":{"allow":["GET"]}}],"collection":[{"href":"https:\/\/roveyayinevi.com.tr\/index.php\/wp-json\/wp\/v2\/product"}],"about":[{"href":"https:\/\/roveyayinevi.com.tr\/index.php\/wp-json\/wp\/v2\/types\/product"}],"wp:attachment":[{"href":"https:\/\/roveyayinevi.com.tr\/index.php\/wp-json\/wp\/v2\/media?parent=733127"}],"wp:term":[{"taxonomy":"product_brand","embeddable":true,"href":"https:\/\/roveyayinevi.com.tr\/index.php\/wp-json\/wp\/v2\/product_brand?post=733127"},{"taxonomy":"product_cat","embeddable":true,"href":"https:\/\/roveyayinevi.com.tr\/index.php\/wp-json\/wp\/v2\/product_cat?post=733127"},{"taxonomy":"product_tag","embeddable":true,"href":"https:\/\/roveyayinevi.com.tr\/index.php\/wp-json\/wp\/v2\/product_tag?post=733127"}],"curies":[{"name":"wp","href":"https:\/\/api.w.org\/{rel}","templated":true}]}}