{"id":733125,"date":"2025-08-27T22:03:57","date_gmt":"2025-08-27T19:03:57","guid":{"rendered":"https:\/\/roveyayinevi.com.tr\/index.php\/urun\/herkes-gitmis-hepsi-bir-arada\/"},"modified":"2026-04-16T02:40:51","modified_gmt":"2026-04-15T23:40:51","slug":"herkes-gitmis-hepsi-bir-arada","status":"publish","type":"product","link":"https:\/\/roveyayinevi.com.tr\/index.php\/urun\/herkes-gitmis-hepsi-bir-arada\/","title":{"rendered":"Herkes Gitmi\u015f, Hepsi Bir Arada"},"content":{"rendered":"<p>hangi yokla y\u0131ksam hayat\u0131m\u0131 hangisi y\u0131kar beni kim temizler ruhumdaki lekeyi ink\u00e2r\u0131m\u0131 y\u00fcz\u00fcme vurabilecek biri belki   samsun asfalt\u0131\u2019na da\u011f\u0131lan tespih tanelerinde eksik \u00e7ifti kaybolmu\u015f ayakkab\u0131 tekiyim <\/p>\n","protected":false},"excerpt":{"rendered":"<p>hangi yokla y\u0131ksam hayat\u0131m\u0131 hangisi y\u0131kar beni kim temizler ruhumdaki lekeyi ink\u00e2r\u0131m\u0131 y\u00fcz\u00fcme vurabilecek biri belki samsun asfalt\u0131\u2019na da\u011f\u0131lan tespih tanelerinde eksik \u00e7ifti kaybolmu\u015f ayakkab\u0131 tekiyim<\/p>\n","protected":false},"featured_media":0,"template":"","meta":{"_monsterinsights_skip_tracking":false,"_monsterinsights_sitenote_active":false,"_monsterinsights_sitenote_note":"","_monsterinsights_sitenote_category":0},"product_brand":[],"product_cat":[12291,12509],"product_tag":[],"class_list":{"0":"post-733125","1":"product","2":"type-product","3":"status-publish","5":"product_cat-edebiyat","6":"product_cat-siir","7":"pa_cilt-ciltsiz","8":"pa_tur-kitap","9":"pa_yayinevi-kirmizi-kedi-yayinevi","10":"pa_yazar-akif-kurtulus","12":"first","13":"instock","14":"sale","15":"shipping-taxable","16":"purchasable","17":"product-type-simple"},"_links":{"self":[{"href":"https:\/\/roveyayinevi.com.tr\/index.php\/wp-json\/wp\/v2\/product\/733125","targetHints":{"allow":["GET"]}}],"collection":[{"href":"https:\/\/roveyayinevi.com.tr\/index.php\/wp-json\/wp\/v2\/product"}],"about":[{"href":"https:\/\/roveyayinevi.com.tr\/index.php\/wp-json\/wp\/v2\/types\/product"}],"wp:attachment":[{"href":"https:\/\/roveyayinevi.com.tr\/index.php\/wp-json\/wp\/v2\/media?parent=733125"}],"wp:term":[{"taxonomy":"product_brand","embeddable":true,"href":"https:\/\/roveyayinevi.com.tr\/index.php\/wp-json\/wp\/v2\/product_brand?post=733125"},{"taxonomy":"product_cat","embeddable":true,"href":"https:\/\/roveyayinevi.com.tr\/index.php\/wp-json\/wp\/v2\/product_cat?post=733125"},{"taxonomy":"product_tag","embeddable":true,"href":"https:\/\/roveyayinevi.com.tr\/index.php\/wp-json\/wp\/v2\/product_tag?post=733125"}],"curies":[{"name":"wp","href":"https:\/\/api.w.org\/{rel}","templated":true}]}}