{"id":733124,"date":"2025-08-27T22:03:56","date_gmt":"2025-08-27T19:03:56","guid":{"rendered":"https:\/\/roveyayinevi.com.tr\/index.php\/urun\/turkiye-kadar-bir-cicek\/"},"modified":"2026-04-16T02:40:51","modified_gmt":"2026-04-15T23:40:51","slug":"turkiye-kadar-bir-cicek","status":"publish","type":"product","link":"https:\/\/roveyayinevi.com.tr\/index.php\/urun\/turkiye-kadar-bir-cicek\/","title":{"rendered":"T\u00fcrkiye Kadar Bir \u00c7i\u00e7ek"},"content":{"rendered":"<p>Ad\u0131m\u0131z bah\u00e7enin k\u00f6\u015felerinde sakl\u0131 Yeminimiz s\u00f6z\u00fcm\u00fcz sevgimiz Bu sar\u0131 k\u00e2\u011f\u0131tta katl\u0131   G\u00fcne\u015f i\u015fte orda bayram yeri Sularda ilk cemre G\u00f6kte bir leylek buluyorum   Nedir beni dalg\u0131nl\u0131\u011fa g\u00f6t\u00fcren \u015eehirden d\u00f6n\u00fcnce onu bulamamak m\u0131 Yoksa bu ya\u015fta \u00f6l\u00fcmden mi korkuyorum   Bah\u00e7enin i\u00e7inden annemin kahkahas\u0131. <\/p>\n","protected":false},"excerpt":{"rendered":"<p>Ad\u0131m\u0131z bah\u00e7enin k\u00f6\u015felerinde sakl\u0131 Yeminimiz s\u00f6z\u00fcm\u00fcz sevgimiz Bu sar\u0131 k\u00e2\u011f\u0131tta katl\u0131 G\u00fcne\u015f i\u015fte orda bayram yeri Sularda ilk cemre G\u00f6kte bir leylek buluyorum Nedir beni dalg\u0131nl\u0131\u011fa<span class=\"excerpt-hellip\"> [\u2026]<\/span><\/p>\n","protected":false},"featured_media":0,"template":"","meta":{"_monsterinsights_skip_tracking":false,"_monsterinsights_sitenote_active":false,"_monsterinsights_sitenote_note":"","_monsterinsights_sitenote_category":0},"product_brand":[],"product_cat":[12291,12509],"product_tag":[],"class_list":{"0":"post-733124","1":"product","2":"type-product","3":"status-publish","5":"product_cat-edebiyat","6":"product_cat-siir","7":"pa_cilt-ciltsiz","8":"pa_tur-kitap","9":"pa_yayinevi-kirmizi-kedi-yayinevi","10":"pa_yazar-ergin-gunce","12":"first","13":"instock","14":"sale","15":"shipping-taxable","16":"purchasable","17":"product-type-simple"},"_links":{"self":[{"href":"https:\/\/roveyayinevi.com.tr\/index.php\/wp-json\/wp\/v2\/product\/733124","targetHints":{"allow":["GET"]}}],"collection":[{"href":"https:\/\/roveyayinevi.com.tr\/index.php\/wp-json\/wp\/v2\/product"}],"about":[{"href":"https:\/\/roveyayinevi.com.tr\/index.php\/wp-json\/wp\/v2\/types\/product"}],"wp:attachment":[{"href":"https:\/\/roveyayinevi.com.tr\/index.php\/wp-json\/wp\/v2\/media?parent=733124"}],"wp:term":[{"taxonomy":"product_brand","embeddable":true,"href":"https:\/\/roveyayinevi.com.tr\/index.php\/wp-json\/wp\/v2\/product_brand?post=733124"},{"taxonomy":"product_cat","embeddable":true,"href":"https:\/\/roveyayinevi.com.tr\/index.php\/wp-json\/wp\/v2\/product_cat?post=733124"},{"taxonomy":"product_tag","embeddable":true,"href":"https:\/\/roveyayinevi.com.tr\/index.php\/wp-json\/wp\/v2\/product_tag?post=733124"}],"curies":[{"name":"wp","href":"https:\/\/api.w.org\/{rel}","templated":true}]}}