{"id":733122,"date":"2025-08-27T22:03:54","date_gmt":"2025-08-27T19:03:54","guid":{"rendered":"https:\/\/roveyayinevi.com.tr\/index.php\/urun\/mutabikiz\/"},"modified":"2026-04-16T02:40:51","modified_gmt":"2026-04-15T23:40:51","slug":"mutabikiz","status":"publish","type":"product","link":"https:\/\/roveyayinevi.com.tr\/index.php\/urun\/mutabikiz\/","title":{"rendered":"Mutab\u0131k\u0131z"},"content":{"rendered":"<p>Okuyaca\u011f\u0131n\u0131z bu kitap onurlu m\u00fccadele s\u00fcre\u00e7lerini ak\u0131c\u0131 bir dille anlat\u0131yor. Rengin G\u00fcrdeniz bir e\u015f, bir anne, bir anneanne ve en \u00f6nemlisi bir T\u00fcrk kad\u0131n\u0131 olarak Amiral Cem G\u00fcrdeniz\u2019le kurdu\u011fu huzurlu ve mutlu bir hayat\u0131n \u00fcst \u00fcste ya\u015fan\u0131lan haks\u0131zl\u0131klara ra\u011fmen hepimize ve \u00f6zellikle gen\u00e7lerimize \u00f6rnek olacak \u015fekilde nas\u0131l da dimdik ayakta kald\u0131\u011f\u0131n\u0131 hayk\u0131r\u0131yor.  Rengin, iyi ki seni ve e\u015fin Cem\u2019i tan\u0131d\u0131m. \u0130yi ki herkesin bekledi\u011fi Cem ile yaratt\u0131\u011f\u0131n\u0131z hik\u00e2yenizi anlatan bu kitab\u0131 yazd\u0131n. \u0130yi ki Atat\u00fcrk\u2019\u00fcn hayalindeki T\u00fcrk kad\u0131n\u0131n\u0131n bug\u00fcnk\u00fc sembol isimlerinden birisi oldun. \u015eULE NAZLIO\u011eLU <\/p>\n","protected":false},"excerpt":{"rendered":"<p>Okuyaca\u011f\u0131n\u0131z bu kitap onurlu m\u00fccadele s\u00fcre\u00e7lerini ak\u0131c\u0131 bir dille anlat\u0131yor. Rengin G\u00fcrdeniz bir e\u015f, bir anne, bir anneanne ve en \u00f6nemlisi bir T\u00fcrk kad\u0131n\u0131 olarak Amiral<span class=\"excerpt-hellip\"> [\u2026]<\/span><\/p>\n","protected":false},"featured_media":0,"template":"","meta":{"_monsterinsights_skip_tracking":false,"_monsterinsights_sitenote_active":false,"_monsterinsights_sitenote_note":"","_monsterinsights_sitenote_category":0},"product_brand":[],"product_cat":[12291,12711],"product_tag":[],"class_list":{"0":"post-733122","1":"product","2":"type-product","3":"status-publish","5":"product_cat-edebiyat","6":"product_cat-roman-oyku","7":"pa_cilt-ciltsiz","8":"pa_tur-kitap","9":"pa_yayinevi-kirmizi-kedi-yayinevi","10":"pa_yazar-rengin-gurdeniz","12":"first","13":"instock","14":"sale","15":"shipping-taxable","16":"purchasable","17":"product-type-simple"},"_links":{"self":[{"href":"https:\/\/roveyayinevi.com.tr\/index.php\/wp-json\/wp\/v2\/product\/733122","targetHints":{"allow":["GET"]}}],"collection":[{"href":"https:\/\/roveyayinevi.com.tr\/index.php\/wp-json\/wp\/v2\/product"}],"about":[{"href":"https:\/\/roveyayinevi.com.tr\/index.php\/wp-json\/wp\/v2\/types\/product"}],"wp:attachment":[{"href":"https:\/\/roveyayinevi.com.tr\/index.php\/wp-json\/wp\/v2\/media?parent=733122"}],"wp:term":[{"taxonomy":"product_brand","embeddable":true,"href":"https:\/\/roveyayinevi.com.tr\/index.php\/wp-json\/wp\/v2\/product_brand?post=733122"},{"taxonomy":"product_cat","embeddable":true,"href":"https:\/\/roveyayinevi.com.tr\/index.php\/wp-json\/wp\/v2\/product_cat?post=733122"},{"taxonomy":"product_tag","embeddable":true,"href":"https:\/\/roveyayinevi.com.tr\/index.php\/wp-json\/wp\/v2\/product_tag?post=733122"}],"curies":[{"name":"wp","href":"https:\/\/api.w.org\/{rel}","templated":true}]}}