{"id":733121,"date":"2025-08-27T22:03:53","date_gmt":"2025-08-27T19:03:53","guid":{"rendered":"https:\/\/roveyayinevi.com.tr\/index.php\/urun\/neden-kulagini-kestin\/"},"modified":"2026-04-16T02:40:51","modified_gmt":"2026-04-15T23:40:51","slug":"neden-kulagini-kestin","status":"publish","type":"product","link":"https:\/\/roveyayinevi.com.tr\/index.php\/urun\/neden-kulagini-kestin\/","title":{"rendered":"Neden Kula\u011f\u0131n\u0131 Kestin"},"content":{"rendered":"<p>Evinin salonundaki bordo kadife koltu\u011fa uzanm\u0131\u015ft\u0131. Yerinde do\u011fruldu ve kitab\u0131 \u00f6n\u00fcndeki sehpaya koyup bir sigara yakt\u0131. \u201cSana anlatm\u0131\u015f m\u0131yd\u0131?\u201d Kitab\u0131n ya da kapa\u011f\u0131ndaki van Gogh portresinin cevap vermesini bekleyerek bakt\u0131. \u201cAnlatmam\u0131\u015ft\u0131r. Onun derdi senin kula\u011f\u0131n\u0131 neden kesti\u011findi. Onu bir de \u015fimdi g\u00f6rmelisin. Bir g\u00fcn seni ona g\u00f6t\u00fcreyim ister misin?\u201d Sigaras\u0131ndan \u00e7ekti\u011fi duman\u0131 savurdu. \u201cSahi! Neden kestin kula\u011f\u0131n\u0131?\u201d Sigaray\u0131 tuttu\u011fu parmaklar\u0131yla d\u00fcrtt\u00fc kitab\u0131, \u201cGitti\u011fi yerde Nur\u2019un bunu d\u00fc\u015f\u00fcnmeye f\u0131rsat\u0131 olmam\u0131\u015ft\u0131r&#8230;\u201d \u00c2\u015f\u0131k olduktan sonra bilmedi\u011fi bir d\u00fcnyan\u0131n i\u00e7ine girip kaybolan Nur, kendi \u00e7a\u011f\u0131ndan Vincent\u2019la konu\u015furken, aile, dostluk ve arkada\u015fl\u0131k kavramlar\u0131 izle\u011finde \u201c\u00fcretti\u011fimiz ger\u00e7eklikleri\u201d sorgulayan ve sorgulatan nefis bir roman&#8230; -Bilge Fatma Akba\u015f <\/p>\n","protected":false},"excerpt":{"rendered":"<p>Evinin salonundaki bordo kadife koltu\u011fa uzanm\u0131\u015ft\u0131. Yerinde do\u011fruldu ve kitab\u0131 \u00f6n\u00fcndeki sehpaya koyup bir sigara yakt\u0131. \u201cSana anlatm\u0131\u015f m\u0131yd\u0131?\u201d Kitab\u0131n ya da kapa\u011f\u0131ndaki van Gogh portresinin<span class=\"excerpt-hellip\"> [\u2026]<\/span><\/p>\n","protected":false},"featured_media":0,"template":"","meta":{"_monsterinsights_skip_tracking":false,"_monsterinsights_sitenote_active":false,"_monsterinsights_sitenote_note":"","_monsterinsights_sitenote_category":0},"product_brand":[],"product_cat":[12291,12711],"product_tag":[],"class_list":{"0":"post-733121","1":"product","2":"type-product","3":"status-publish","5":"product_cat-edebiyat","6":"product_cat-roman-oyku","7":"pa_cilt-ciltsiz","8":"pa_tur-kitap","9":"pa_yayinevi-luna-yayinlari","10":"pa_yazar-gulcan-uksal-aksoy","12":"first","13":"instock","14":"sale","15":"shipping-taxable","16":"purchasable","17":"product-type-simple"},"_links":{"self":[{"href":"https:\/\/roveyayinevi.com.tr\/index.php\/wp-json\/wp\/v2\/product\/733121","targetHints":{"allow":["GET"]}}],"collection":[{"href":"https:\/\/roveyayinevi.com.tr\/index.php\/wp-json\/wp\/v2\/product"}],"about":[{"href":"https:\/\/roveyayinevi.com.tr\/index.php\/wp-json\/wp\/v2\/types\/product"}],"wp:attachment":[{"href":"https:\/\/roveyayinevi.com.tr\/index.php\/wp-json\/wp\/v2\/media?parent=733121"}],"wp:term":[{"taxonomy":"product_brand","embeddable":true,"href":"https:\/\/roveyayinevi.com.tr\/index.php\/wp-json\/wp\/v2\/product_brand?post=733121"},{"taxonomy":"product_cat","embeddable":true,"href":"https:\/\/roveyayinevi.com.tr\/index.php\/wp-json\/wp\/v2\/product_cat?post=733121"},{"taxonomy":"product_tag","embeddable":true,"href":"https:\/\/roveyayinevi.com.tr\/index.php\/wp-json\/wp\/v2\/product_tag?post=733121"}],"curies":[{"name":"wp","href":"https:\/\/api.w.org\/{rel}","templated":true}]}}