{"id":733120,"date":"2025-08-27T22:03:52","date_gmt":"2025-08-27T19:03:52","guid":{"rendered":"https:\/\/roveyayinevi.com.tr\/index.php\/urun\/kacis-3\/"},"modified":"2026-04-16T02:40:51","modified_gmt":"2026-04-15T23:40:51","slug":"kacis-3","status":"publish","type":"product","link":"https:\/\/roveyayinevi.com.tr\/index.php\/urun\/kacis-3\/","title":{"rendered":"Ka\u00e7\u0131\u015f"},"content":{"rendered":"<p>Ne denirse densin; empati, \u00f6ng\u00f6r\u00fc, alt\u0131nc\u0131 his\u2026 Kad\u0131nlar insanlar\u0131, \u00f6zellikle hemcinslerini iyi tan\u0131r, en ufak bak\u0131\u015f\u0131ndan veya basit bir el hareketinden ne d\u00fc\u015f\u00fcnd\u00fc\u011f\u00fcn\u00fc, ne hissetti\u011fini anlar. Genellikle de do\u011fru anlar. Ondan dost olur mu yoksa potansiyel tehlike mi, hangisine s\u0131r anlat\u0131l\u0131r, hangisiyle dedikodu yap\u0131l\u0131r, hangisiyle \u201ci\u00e7erikli\u201d konular konu\u015fulur\u2026 Onun i\u00e7in, kad\u0131nlar\u0131n al\u0131\u015fveri\u015fe \u00e7\u0131kaca\u011f\u0131, bir fincan kahve i\u00e7ece\u011fi, ailesiyle tan\u0131\u015ft\u0131raca\u011f\u0131 veya oturup dertle\u015fece\u011fi kad\u0131nlar farkl\u0131d\u0131r. Kategorize olmu\u015flard\u0131r, m\u00fccadele vermi\u015flerdir \u00e7\u00fcnk\u00fc. \u00c7\u00fcnk\u00fc yak\u0131n \u00e7evrelerindeki erkekler; \u00f6nce baba ve a\u011fabeyler, sonra okul ve i\u015f arkada\u015flar\u0131 ve de kocalar ve o\u011fullar! Hepsi de ar\u0131zal\u0131 \u00f6\u011fretmenlerdir ve onlardan ister istemez, \u00e7ok \u015fey \u00f6\u011frenmi\u015flerdir. Yazar\u0131m\u0131z Nuray \u015eenol\u2019un Bo\u015fu Bo\u015funa\u2018dan sonra ikinci roman\u0131 okuyucusuyla  bulu\u015fuyor; yine ak\u0131c\u0131, yine s\u00fcr\u00fckleyici&#8230; Her insan zaman zaman her \u015feyi b\u0131rak\u0131p bir yerlere ka\u00e7\u0131vermek ister. Bazen de bir tehlikeden ka\u00e7mak zorunda kal\u0131r. Farkl\u0131 nedenlerle ka\u00e7an iki kad\u0131n\u0131n, G\u00fczin ve Serap\u2019 \u0131n yollar\u0131 kesi\u015fti\u011finde hi\u00e7 beklemedikleri bir \u00e7ok \u015feyle y\u00fczle\u015fmeleri gerekecekti&#8230; <\/p>\n","protected":false},"excerpt":{"rendered":"<p>Ne denirse densin; empati, \u00f6ng\u00f6r\u00fc, alt\u0131nc\u0131 his\u2026 Kad\u0131nlar insanlar\u0131, \u00f6zellikle hemcinslerini iyi tan\u0131r, en ufak bak\u0131\u015f\u0131ndan veya basit bir el hareketinden ne d\u00fc\u015f\u00fcnd\u00fc\u011f\u00fcn\u00fc, ne hissetti\u011fini anlar.<span class=\"excerpt-hellip\"> [\u2026]<\/span><\/p>\n","protected":false},"featured_media":0,"template":"","meta":{"_monsterinsights_skip_tracking":false,"_monsterinsights_sitenote_active":false,"_monsterinsights_sitenote_note":"","_monsterinsights_sitenote_category":0},"product_brand":[],"product_cat":[12291,12711],"product_tag":[],"class_list":{"0":"post-733120","1":"product","2":"type-product","3":"status-publish","5":"product_cat-edebiyat","6":"product_cat-roman-oyku","7":"pa_cilt-ciltsiz","8":"pa_tur-kitap","9":"pa_yayinevi-luna-yayinlari","10":"pa_yazar-nuray-senol","12":"first","13":"instock","14":"sale","15":"shipping-taxable","16":"purchasable","17":"product-type-simple"},"_links":{"self":[{"href":"https:\/\/roveyayinevi.com.tr\/index.php\/wp-json\/wp\/v2\/product\/733120","targetHints":{"allow":["GET"]}}],"collection":[{"href":"https:\/\/roveyayinevi.com.tr\/index.php\/wp-json\/wp\/v2\/product"}],"about":[{"href":"https:\/\/roveyayinevi.com.tr\/index.php\/wp-json\/wp\/v2\/types\/product"}],"wp:attachment":[{"href":"https:\/\/roveyayinevi.com.tr\/index.php\/wp-json\/wp\/v2\/media?parent=733120"}],"wp:term":[{"taxonomy":"product_brand","embeddable":true,"href":"https:\/\/roveyayinevi.com.tr\/index.php\/wp-json\/wp\/v2\/product_brand?post=733120"},{"taxonomy":"product_cat","embeddable":true,"href":"https:\/\/roveyayinevi.com.tr\/index.php\/wp-json\/wp\/v2\/product_cat?post=733120"},{"taxonomy":"product_tag","embeddable":true,"href":"https:\/\/roveyayinevi.com.tr\/index.php\/wp-json\/wp\/v2\/product_tag?post=733120"}],"curies":[{"name":"wp","href":"https:\/\/api.w.org\/{rel}","templated":true}]}}