{"id":733117,"date":"2025-08-27T22:03:49","date_gmt":"2025-08-27T19:03:49","guid":{"rendered":"https:\/\/roveyayinevi.com.tr\/index.php\/urun\/sempanzeler-dil-ogrenemez\/"},"modified":"2026-04-16T02:40:51","modified_gmt":"2026-04-15T23:40:51","slug":"sempanzeler-dil-ogrenemez","status":"publish","type":"product","link":"https:\/\/roveyayinevi.com.tr\/index.php\/urun\/sempanzeler-dil-ogrenemez\/","title":{"rendered":"\u015eempanzeler Dil \u00d6\u011frenemez"},"content":{"rendered":"<p>1970&#8217;lerde, davran\u0131\u015f psikolo\u011fu Herbert S. Terrace, bir \u015fempanzeye dili kullanman\u0131n \u00f6\u011fretilip \u00f6\u011fretilemeyece\u011fini g\u00f6rmek i\u00e7in dikkate de\u011fer bir deney yapt\u0131. Terrace\u2019\u0131n, teorilerine meydan okuyan u\u0308nlu\u0308 dilbilimci Noam Chomsky\u2019e g\u00f6nderme yaparak \u201cNim Chimpsky\u201d ismini verdi\u011fi gen\u00e7 bir maymun, New York&#8217;ta bir aile taraf\u0131ndan b\u00fcy\u00fct\u00fcld\u00fc ve bu s\u00fcre\u00e7te Amerikan \u0130\u015faret Dili e\u011fitimi ald\u0131.   Ba\u015flang\u0131\u00e7ta Terrace, Nim&#8217;in cu\u0308mleler olu\u015fturabilece\u011fini du\u0308\u015fu\u0308nmu\u0308\u015ftu\u0308, ancak daha sonra Nim&#8217;in kelimeleri bile \u00f6\u011frenemedi\u011fini fark ederek projesinin ba\u015far\u0131s\u0131z oldu\u011fu sonucuna vard\u0131. Nim Projesi&#8217;nin ba\u015far\u0131s\u0131zl\u0131\u011f\u0131, dilin nereden geldi\u011fini anlamaya henu\u0308z yak\u0131n olmad\u0131\u011f\u0131m\u0131z\u0131 g\u00f6steriyordu.   Bu kitapta Terrace, insan dilinin k\u00f6kenleri hakk\u0131nda yeni bir bak\u0131\u015f a\u00e7\u0131s\u0131 sunmak i\u00e7in Nim Projesi&#8217;ni yeniden ele alarak, Chomsky ve ele\u015ftirmenlerin aksine, dilbilgisi kadar kelimelerin de dilin temel ta\u015flar\u0131 oldu\u011funu savunuyor. \u0130nsan evrimi ve geli\u015fim psikolojisini g\u00f6zden ge\u00e7irerek, s\u00f6zel olmayan etkile\u015fimin bebe\u011fin dil ediniminin temeli oldu\u011funu ve bir \u00e7ocu\u011fun ilk kelimelerine yol a\u00e7t\u0131\u011f\u0131n\u0131 g\u00f6steriyor. <\/p>\n","protected":false},"excerpt":{"rendered":"<p>1970&#8217;lerde, davran\u0131\u015f psikolo\u011fu Herbert S. Terrace, bir \u015fempanzeye dili kullanman\u0131n \u00f6\u011fretilip \u00f6\u011fretilemeyece\u011fini g\u00f6rmek i\u00e7in dikkate de\u011fer bir deney yapt\u0131. Terrace\u2019\u0131n, teorilerine meydan okuyan u\u0308nlu\u0308 dilbilimci Noam<span class=\"excerpt-hellip\"> [\u2026]<\/span><\/p>\n","protected":false},"featured_media":0,"template":"","meta":{"_monsterinsights_skip_tracking":false,"_monsterinsights_sitenote_active":false,"_monsterinsights_sitenote_note":"","_monsterinsights_sitenote_category":0},"product_brand":[],"product_cat":[13005,37328],"product_tag":[],"class_list":{"0":"post-733117","1":"product","2":"type-product","3":"status-publish","5":"product_cat-bilim-muhendislik","6":"product_cat-diger-bilim-muhendislik","7":"pa_cilt-ciltsiz","8":"pa_tur-kitap","9":"pa_yayinevi-koc-universitesi-yayinlari","10":"pa_yazar-herbert-s-terrace","12":"first","13":"instock","14":"sale","15":"shipping-taxable","16":"purchasable","17":"product-type-simple"},"_links":{"self":[{"href":"https:\/\/roveyayinevi.com.tr\/index.php\/wp-json\/wp\/v2\/product\/733117","targetHints":{"allow":["GET"]}}],"collection":[{"href":"https:\/\/roveyayinevi.com.tr\/index.php\/wp-json\/wp\/v2\/product"}],"about":[{"href":"https:\/\/roveyayinevi.com.tr\/index.php\/wp-json\/wp\/v2\/types\/product"}],"wp:attachment":[{"href":"https:\/\/roveyayinevi.com.tr\/index.php\/wp-json\/wp\/v2\/media?parent=733117"}],"wp:term":[{"taxonomy":"product_brand","embeddable":true,"href":"https:\/\/roveyayinevi.com.tr\/index.php\/wp-json\/wp\/v2\/product_brand?post=733117"},{"taxonomy":"product_cat","embeddable":true,"href":"https:\/\/roveyayinevi.com.tr\/index.php\/wp-json\/wp\/v2\/product_cat?post=733117"},{"taxonomy":"product_tag","embeddable":true,"href":"https:\/\/roveyayinevi.com.tr\/index.php\/wp-json\/wp\/v2\/product_tag?post=733117"}],"curies":[{"name":"wp","href":"https:\/\/api.w.org\/{rel}","templated":true}]}}