{"id":733116,"date":"2025-08-27T22:03:48","date_gmt":"2025-08-27T19:03:48","guid":{"rendered":"https:\/\/roveyayinevi.com.tr\/index.php\/urun\/dogruluk-perisi\/"},"modified":"2026-04-16T02:40:51","modified_gmt":"2026-04-15T23:40:51","slug":"dogruluk-perisi","status":"publish","type":"product","link":"https:\/\/roveyayinevi.com.tr\/index.php\/urun\/dogruluk-perisi\/","title":{"rendered":"Do\u011fruluk Perisi"},"content":{"rendered":"<p>\u015eimdi her neredeyse, o g\u00fcn g\u00fcnlerden neyse, Onun diyece\u011fi bellidir, hadi dinleyin siz de. Nas\u0131l ki kediler miyavlar, \u0130nekler m\u00f6ler, Do\u011fruluk Perisi de i\u015fte sadece Do\u011frular\u0131 s\u00f6yler.   Tabii bu do\u011frular Do\u011fruluk Perisi\u2019nin ba\u015f\u0131na baz\u0131 dertler a\u00e7ar. Peri istemeden de olsa ailesini ve dostlar\u0131n\u0131 k\u0131rar. Do\u011fruluk Perisi do\u011frular\u0131 s\u00f6ylemekten asla vazge\u00e7mez,kar\u015f\u0131s\u0131na bir trol \u00e7\u0131ksa bile fark etmez. \u00c7ok \u00f6zel bir perinin kendini kabulleni\u015f hik\u00e2yesini okuyaca\u011f\u0131n\u0131z bu m\u00fcthi\u015f, s\u00fcr\u00fckleyici hik\u00e2yeyi Matt Haig yazd\u0131, Chris Mould resimle<\/p>\n","protected":false},"excerpt":{"rendered":"<p>\u015eimdi her neredeyse, o g\u00fcn g\u00fcnlerden neyse, Onun diyece\u011fi bellidir, hadi dinleyin siz de. Nas\u0131l ki kediler miyavlar, \u0130nekler m\u00f6ler, Do\u011fruluk Perisi de i\u015fte sadece Do\u011frular\u0131<span class=\"excerpt-hellip\"> [\u2026]<\/span><\/p>\n","protected":false},"featured_media":0,"template":"","meta":{"_monsterinsights_skip_tracking":false,"_monsterinsights_sitenote_active":false,"_monsterinsights_sitenote_note":"","_monsterinsights_sitenote_category":0},"product_brand":[],"product_cat":[12275,12274],"product_tag":[],"class_list":{"0":"post-733116","1":"product","2":"type-product","3":"status-publish","5":"product_cat-6-12-yas-kitaplari","6":"product_cat-cocuk-ve-genclik-kitaplari","7":"pa_cilt-ciltsiz","8":"pa_tur-kitap","9":"pa_yayinevi-yapi-kredi-yayinlari","10":"pa_yazar-matt-haig","12":"first","13":"instock","14":"sale","15":"shipping-taxable","16":"purchasable","17":"product-type-simple"},"_links":{"self":[{"href":"https:\/\/roveyayinevi.com.tr\/index.php\/wp-json\/wp\/v2\/product\/733116","targetHints":{"allow":["GET"]}}],"collection":[{"href":"https:\/\/roveyayinevi.com.tr\/index.php\/wp-json\/wp\/v2\/product"}],"about":[{"href":"https:\/\/roveyayinevi.com.tr\/index.php\/wp-json\/wp\/v2\/types\/product"}],"wp:attachment":[{"href":"https:\/\/roveyayinevi.com.tr\/index.php\/wp-json\/wp\/v2\/media?parent=733116"}],"wp:term":[{"taxonomy":"product_brand","embeddable":true,"href":"https:\/\/roveyayinevi.com.tr\/index.php\/wp-json\/wp\/v2\/product_brand?post=733116"},{"taxonomy":"product_cat","embeddable":true,"href":"https:\/\/roveyayinevi.com.tr\/index.php\/wp-json\/wp\/v2\/product_cat?post=733116"},{"taxonomy":"product_tag","embeddable":true,"href":"https:\/\/roveyayinevi.com.tr\/index.php\/wp-json\/wp\/v2\/product_tag?post=733116"}],"curies":[{"name":"wp","href":"https:\/\/api.w.org\/{rel}","templated":true}]}}