{"id":733115,"date":"2025-08-27T22:03:47","date_gmt":"2025-08-27T19:03:47","guid":{"rendered":"https:\/\/roveyayinevi.com.tr\/index.php\/urun\/hellenistik-ve-roma-donemlerinde-anadolu-krallar-imparatorlar-kent-devletleri-kucuk-boy\/"},"modified":"2026-04-16T02:40:50","modified_gmt":"2026-04-15T23:40:50","slug":"hellenistik-ve-roma-donemlerinde-anadolu-krallar-imparatorlar-kent-devletleri-kucuk-boy","status":"publish","type":"product","link":"https:\/\/roveyayinevi.com.tr\/index.php\/urun\/hellenistik-ve-roma-donemlerinde-anadolu-krallar-imparatorlar-kent-devletleri-kucuk-boy\/","title":{"rendered":"Hellenistik ve Roma D\u00f6nemlerinde Anadolu: Krallar, \u0130mparatorlar, Kent Devletleri (K\u00fc\u00e7\u00fck Boy)"},"content":{"rendered":"<p>Hellenistik D\u00f6nem\u2019de Anadolu, bir yandan Hellenistik krallar\u0131n \u00f6te yandan Romal\u0131lar\u0131n Anadolu\u2019daki egemenlik m\u00fccadelelerine tan\u0131k oldu. Hellenistik krallar\u0131n Romal\u0131lar taraf\u0131ndan birer birer saf d\u0131\u015f\u0131 b\u0131rak\u0131lmas\u0131yla da Anadolu co\u011frafyas\u0131ndaki kent devletleri bu kez Roma \u0130mparatorlu\u011fu\u2019nun egemenli\u011fine girdi. Yeni olu\u015fan Hellen-Roma d\u00fcnyas\u0131n\u0131n k\u00fclt\u00fcrel zenginli\u011finde en b\u00fcy\u00fck pay hi\u00e7 ku\u015fkusuz Romal\u0131lar\u0131n ho\u015fg\u00f6r\u00fcl\u00fc egemenlik ideolojisinde varl\u0131klar\u0131n\u0131 s\u00fcrd\u00fcren bu kent devletleriydi. Hellenistik ve Roma D\u00f6nemlerinde Anadolu: Krallar, \u0130mparatorlar, Kent Devletleri, B\u00fcy\u00fck \u0130skender\u2019den Ge\u00e7 Roma \u0130mparatorlu\u011fu D\u00f6nemi\u2019ne de\u011fin Anadolu co\u011frafyas\u0131nda ya\u015fanan siyasal ve k\u00fclt\u00fcrel olaylar\u0131, etkilerini ve sonu\u00e7lar\u0131n\u0131 olabildi\u011fince geni\u015f bir perspektiften ele almaktad\u0131r. <\/p>\n","protected":false},"excerpt":{"rendered":"<p>Hellenistik D\u00f6nem\u2019de Anadolu, bir yandan Hellenistik krallar\u0131n \u00f6te yandan Romal\u0131lar\u0131n Anadolu\u2019daki egemenlik m\u00fccadelelerine tan\u0131k oldu. Hellenistik krallar\u0131n Romal\u0131lar taraf\u0131ndan birer birer saf d\u0131\u015f\u0131 b\u0131rak\u0131lmas\u0131yla da Anadolu<span class=\"excerpt-hellip\"> [\u2026]<\/span><\/p>\n","protected":false},"featured_media":0,"template":"","meta":{"_monsterinsights_skip_tracking":false,"_monsterinsights_sitenote_active":false,"_monsterinsights_sitenote_note":"","_monsterinsights_sitenote_category":0},"product_brand":[],"product_cat":[12370,12304],"product_tag":[],"class_list":{"0":"post-733115","1":"product","2":"type-product","3":"status-publish","5":"product_cat-arastirma-inceleme","6":"product_cat-tarih","7":"pa_cilt-ciltsiz","8":"pa_tur-kitap","9":"pa_yayinevi-yapi-kredi-yayinlari","10":"pa_yazar-oguz-tekin","12":"first","13":"instock","14":"sale","15":"shipping-taxable","16":"purchasable","17":"product-type-simple"},"_links":{"self":[{"href":"https:\/\/roveyayinevi.com.tr\/index.php\/wp-json\/wp\/v2\/product\/733115","targetHints":{"allow":["GET"]}}],"collection":[{"href":"https:\/\/roveyayinevi.com.tr\/index.php\/wp-json\/wp\/v2\/product"}],"about":[{"href":"https:\/\/roveyayinevi.com.tr\/index.php\/wp-json\/wp\/v2\/types\/product"}],"wp:attachment":[{"href":"https:\/\/roveyayinevi.com.tr\/index.php\/wp-json\/wp\/v2\/media?parent=733115"}],"wp:term":[{"taxonomy":"product_brand","embeddable":true,"href":"https:\/\/roveyayinevi.com.tr\/index.php\/wp-json\/wp\/v2\/product_brand?post=733115"},{"taxonomy":"product_cat","embeddable":true,"href":"https:\/\/roveyayinevi.com.tr\/index.php\/wp-json\/wp\/v2\/product_cat?post=733115"},{"taxonomy":"product_tag","embeddable":true,"href":"https:\/\/roveyayinevi.com.tr\/index.php\/wp-json\/wp\/v2\/product_tag?post=733115"}],"curies":[{"name":"wp","href":"https:\/\/api.w.org\/{rel}","templated":true}]}}