{"id":733114,"date":"2025-08-27T22:03:46","date_gmt":"2025-08-27T19:03:46","guid":{"rendered":"https:\/\/roveyayinevi.com.tr\/index.php\/urun\/beyin-nasil-calisir-ciltli\/"},"modified":"2026-04-16T02:40:50","modified_gmt":"2026-04-15T23:40:50","slug":"beyin-nasil-calisir-ciltli","status":"publish","type":"product","link":"https:\/\/roveyayinevi.com.tr\/index.php\/urun\/beyin-nasil-calisir-ciltli\/","title":{"rendered":"Beyin Nas\u0131l \u00c7al\u0131\u015f\u0131r (Ciltli)"},"content":{"rendered":"<p>G\u00f6rsellerle dolu bu rehber beyni anlaman\u0131n en basit yolu!   Erkeklerle kad\u0131nlar\u0131n beyni ger\u00e7ekten farkl\u0131 m\u0131? Ergenler neden sab\u0131rs\u0131z ve isyank\u00e2r? Ve yak\u0131nda Bulut ba\u011flant\u0131s\u0131 arac\u0131l\u0131\u011f\u0131yla beyinlerimizi birbirine ba\u011flamak m\u00fcmk\u00fcn olacak m\u0131?   Son ara\u015ft\u0131rmalardan yola \u00e7\u0131kan bu kitap, motor korteksi ile ayna n\u00f6ronlar\u0131 aras\u0131ndaki fark\u0131  \u00f6\u011fretecek. Haf\u0131za ve ki\u015filikten ba\u015flayarak duygulara ve ileti\u015fime dek tam bir rehber olacak.   A\u00e7\u0131k, rahat anla\u015f\u0131l\u0131r g\u00f6rsellerle ve \u015fa\u015f\u0131rt\u0131c\u0131 ger\u00e7eklerle dolu Beyin Nas\u0131l \u00c7al\u0131\u015f\u0131r insan beyninin karma\u015f\u0131k s\u00fcre\u00e7lerinin gizemini \u00e7\u00f6z\u00fcyor. <\/p>\n","protected":false},"excerpt":{"rendered":"<p>G\u00f6rsellerle dolu bu rehber beyni anlaman\u0131n en basit yolu! Erkeklerle kad\u0131nlar\u0131n beyni ger\u00e7ekten farkl\u0131 m\u0131? Ergenler neden sab\u0131rs\u0131z ve isyank\u00e2r? Ve yak\u0131nda Bulut ba\u011flant\u0131s\u0131 arac\u0131l\u0131\u011f\u0131yla beyinlerimizi<span class=\"excerpt-hellip\"> [\u2026]<\/span><\/p>\n","protected":false},"featured_media":0,"template":"","meta":{"_monsterinsights_skip_tracking":false,"_monsterinsights_sitenote_active":false,"_monsterinsights_sitenote_note":"","_monsterinsights_sitenote_category":0},"product_brand":[],"product_cat":[13489,13488],"product_tag":[],"class_list":{"0":"post-733114","1":"product","2":"type-product","3":"status-publish","5":"product_cat-populer-kultur","6":"product_cat-toplum-ve-insan","7":"pa_cilt-ciltli","8":"pa_tur-kitap","9":"pa_yayinevi-alfa-yayinlari","10":"pa_yazar-alfa-yayinlari-kolektif","12":"first","13":"instock","14":"sale","15":"shipping-taxable","16":"purchasable","17":"product-type-simple"},"_links":{"self":[{"href":"https:\/\/roveyayinevi.com.tr\/index.php\/wp-json\/wp\/v2\/product\/733114","targetHints":{"allow":["GET"]}}],"collection":[{"href":"https:\/\/roveyayinevi.com.tr\/index.php\/wp-json\/wp\/v2\/product"}],"about":[{"href":"https:\/\/roveyayinevi.com.tr\/index.php\/wp-json\/wp\/v2\/types\/product"}],"wp:attachment":[{"href":"https:\/\/roveyayinevi.com.tr\/index.php\/wp-json\/wp\/v2\/media?parent=733114"}],"wp:term":[{"taxonomy":"product_brand","embeddable":true,"href":"https:\/\/roveyayinevi.com.tr\/index.php\/wp-json\/wp\/v2\/product_brand?post=733114"},{"taxonomy":"product_cat","embeddable":true,"href":"https:\/\/roveyayinevi.com.tr\/index.php\/wp-json\/wp\/v2\/product_cat?post=733114"},{"taxonomy":"product_tag","embeddable":true,"href":"https:\/\/roveyayinevi.com.tr\/index.php\/wp-json\/wp\/v2\/product_tag?post=733114"}],"curies":[{"name":"wp","href":"https:\/\/api.w.org\/{rel}","templated":true}]}}