{"id":733112,"date":"2025-08-27T22:03:44","date_gmt":"2025-08-27T19:03:44","guid":{"rendered":"https:\/\/roveyayinevi.com.tr\/index.php\/urun\/babam-cemil-meric-ciltli\/"},"modified":"2026-04-03T02:48:23","modified_gmt":"2026-04-02T23:48:23","slug":"babam-cemil-meric-ciltli","status":"publish","type":"product","link":"https:\/\/roveyayinevi.com.tr\/index.php\/urun\/babam-cemil-meric-ciltli\/","title":{"rendered":"Babam Cemil Meri\u00e7 (Ciltli)"},"content":{"rendered":"<p>Cemil Meri\u00e7, 21. y\u00fczy\u0131l T\u00fcrkiyesinde kimli\u011finin hangi y\u00f6n\u00fc \u00f6ne \u00e7\u0131karsa \u00e7\u0131ks\u0131n, muhakkak ki Bu \u00dclke\u2019nin en say\u0131lan isimlerinden\u2026 G\u00f6rmeyen g\u00f6zleriyle kaleme ald\u0131rd\u0131\u011f\u0131 on iki cilt telif, sekiz cilt terc\u00fcme eserle okur say\u0131s\u0131 milyonlar\u0131 a\u015fan Cemil Meri\u00e7; nas\u0131l bir \u00f6\u011frenciydi, nas\u0131l bir e\u015fti, nas\u0131l bir hocayd\u0131, nas\u0131l bir babayd\u0131, nas\u0131l bir dosttu, tek kelimeyle, nas\u0131l bir insand\u0131?\u0130\u015fte bu kitapta k\u0131rk y\u0131l boyunca birbirinden hi\u00e7 ayr\u0131lmayan bir baba ile k\u0131z\u0131n\u0131n sevgi ve sayg\u0131 dolu hayat hik\u00e2yesini okuyup d\u00fcnya tarihinde e\u015fine az rastlanan bir baba k\u0131z dostlu\u011funa b\u00fct\u00fcn samimiyetiyle \u015fahit olacaks\u0131n\u0131z. Bir yandan da Cemil Meri\u00e7\u2019in duygu ve d\u00fc\u015f\u00fcnce d\u00fcnyas\u0131n\u0131 etkileyen, duygu ve d\u00fc\u015f\u00fcnce d\u00fcnyas\u0131 Cemil Meri\u00e7 taraf\u0131ndan etkilenen, gerek d\u00fcnyadan gerek T\u00fcrkiye\u2019den bir\u00e7ok isimle hemhal olup m\u00fctecessis bir fikir adam\u0131n\u0131n fikr\u00ee ve hiss\u00ee evrenine konuk olacaks\u0131n\u0131z.Meri\u00e7lerin d\u00fcnyas\u0131na \u201cho\u015f geldiniz\u201d!<\/p>\n","protected":false},"excerpt":{"rendered":"<p>Cemil Meri\u00e7, 21. y\u00fczy\u0131l T\u00fcrkiyesinde kimli\u011finin hangi y\u00f6n\u00fc \u00f6ne \u00e7\u0131karsa \u00e7\u0131ks\u0131n, muhakkak ki Bu \u00dclke\u2019nin en say\u0131lan isimlerinden\u2026 G\u00f6rmeyen g\u00f6zleriyle kaleme ald\u0131rd\u0131\u011f\u0131 on iki cilt telif,<span class=\"excerpt-hellip\"> [\u2026]<\/span><\/p>\n","protected":false},"featured_media":0,"template":"","meta":{"_monsterinsights_skip_tracking":false,"_monsterinsights_sitenote_active":false,"_monsterinsights_sitenote_note":"","_monsterinsights_sitenote_category":0},"product_brand":[],"product_cat":[14009,12291],"product_tag":[],"class_list":{"0":"post-733112","1":"product","2":"type-product","3":"status-publish","5":"product_cat-biyografi-otobiyografi-edebiyat","6":"product_cat-edebiyat","7":"pa_cilt-ciltsiz","8":"pa_tur-kitap","9":"pa_yayinevi-ketebe-yayinlari","10":"pa_yazar-umit-meric","12":"first","13":"instock","14":"sale","15":"shipping-taxable","16":"purchasable","17":"product-type-simple"},"_links":{"self":[{"href":"https:\/\/roveyayinevi.com.tr\/index.php\/wp-json\/wp\/v2\/product\/733112","targetHints":{"allow":["GET"]}}],"collection":[{"href":"https:\/\/roveyayinevi.com.tr\/index.php\/wp-json\/wp\/v2\/product"}],"about":[{"href":"https:\/\/roveyayinevi.com.tr\/index.php\/wp-json\/wp\/v2\/types\/product"}],"wp:attachment":[{"href":"https:\/\/roveyayinevi.com.tr\/index.php\/wp-json\/wp\/v2\/media?parent=733112"}],"wp:term":[{"taxonomy":"product_brand","embeddable":true,"href":"https:\/\/roveyayinevi.com.tr\/index.php\/wp-json\/wp\/v2\/product_brand?post=733112"},{"taxonomy":"product_cat","embeddable":true,"href":"https:\/\/roveyayinevi.com.tr\/index.php\/wp-json\/wp\/v2\/product_cat?post=733112"},{"taxonomy":"product_tag","embeddable":true,"href":"https:\/\/roveyayinevi.com.tr\/index.php\/wp-json\/wp\/v2\/product_tag?post=733112"}],"curies":[{"name":"wp","href":"https:\/\/api.w.org\/{rel}","templated":true}]}}