{"id":733110,"date":"2025-08-27T22:03:42","date_gmt":"2025-08-27T19:03:42","guid":{"rendered":"https:\/\/roveyayinevi.com.tr\/index.php\/urun\/disi-kurdun-ruyalari-2\/"},"modified":"2026-04-11T02:49:54","modified_gmt":"2026-04-10T23:49:54","slug":"disi-kurdun-ruyalari-2","status":"publish","type":"product","link":"https:\/\/roveyayinevi.com.tr\/index.php\/urun\/disi-kurdun-ruyalari-2\/","title":{"rendered":"Di\u015fi Kurdun R\u00fcyalar\u0131"},"content":{"rendered":"<p>Cengiz Aytmatov, ustal\u0131k d\u00f6nemi eserlerinden biri olan Di\u015fi Kurdun R\u00fcyalar\u0131\u2019nda insana, ya\u015fama ve do\u011faya dair etkileyici bir hik\u00e2ye anlat\u0131yor. \u0130nsan h\u0131rs\u0131n\u0131n, ac\u0131mas\u0131zl\u0131\u011f\u0131n\u0131n ve a\u00e7g\u00f6zl\u00fcl\u00fc\u011f\u00fcn\u00fcn do\u011fada \u2012ve ruhlar\u0131m\u0131zda\u2012 yaratt\u0131\u011f\u0131 y\u0131k\u0131m\u0131 b\u00fcy\u00fck bir ustal\u0131ka okuruna sunan Aytmatov, roman\u0131nda ya\u015fam\u0131n; do\u011fumla \u00f6l\u00fcm, sevin\u00e7le keder ve iyilikle k\u00f6t\u00fcl\u00fck aras\u0131ndaki bitimsiz sal\u0131n\u0131m\u0131n\u0131 dile getiriyor.\u0130deallerinin pe\u015finden ko\u015fan Avdiy\u2019in adanm\u0131\u015fl\u0131\u011f\u0131n\u0131n, afyon ka\u00e7ak\u00e7\u0131lar\u0131 ve avc\u0131lar\u0131n zalimli\u011finin, Iss\u0131k-G\u00f6l\u2019\u00fcn k\u0131y\u0131s\u0131nda kendilerine sade bir hayat kuran \u00e7ift\u00e7ilerin ve elbette di\u015fi kurt Akbara\u2019n\u0131n bozk\u0131r\u0131n engin topraklar\u0131nda d\u00fc\u011f\u00fcmlenen ser\u00fcveni bir bak\u0131ma insan\u0131n yery\u00fcz\u00fc tecr\u00fcbesinin de hik\u00e2yesi..<\/p>\n","protected":false},"excerpt":{"rendered":"<p>Cengiz Aytmatov, ustal\u0131k d\u00f6nemi eserlerinden biri olan Di\u015fi Kurdun R\u00fcyalar\u0131\u2019nda insana, ya\u015fama ve do\u011faya dair etkileyici bir hik\u00e2ye anlat\u0131yor. \u0130nsan h\u0131rs\u0131n\u0131n, ac\u0131mas\u0131zl\u0131\u011f\u0131n\u0131n ve a\u00e7g\u00f6zl\u00fcl\u00fc\u011f\u00fcn\u00fcn do\u011fada \u2012ve<span class=\"excerpt-hellip\"> [\u2026]<\/span><\/p>\n","protected":false},"featured_media":0,"template":"","meta":{"_monsterinsights_skip_tracking":false,"_monsterinsights_sitenote_active":false,"_monsterinsights_sitenote_note":"","_monsterinsights_sitenote_category":0},"product_brand":[],"product_cat":[12291,12711],"product_tag":[],"class_list":{"0":"post-733110","1":"product","2":"type-product","3":"status-publish","5":"product_cat-edebiyat","6":"product_cat-roman-oyku","7":"pa_cilt-ciltsiz","8":"pa_tur-kitap","9":"pa_yayinevi-ketebe-yayinlari","10":"pa_yazar-cengiz-aytmatov","12":"first","13":"instock","14":"sale","15":"shipping-taxable","16":"purchasable","17":"product-type-simple"},"_links":{"self":[{"href":"https:\/\/roveyayinevi.com.tr\/index.php\/wp-json\/wp\/v2\/product\/733110","targetHints":{"allow":["GET"]}}],"collection":[{"href":"https:\/\/roveyayinevi.com.tr\/index.php\/wp-json\/wp\/v2\/product"}],"about":[{"href":"https:\/\/roveyayinevi.com.tr\/index.php\/wp-json\/wp\/v2\/types\/product"}],"wp:attachment":[{"href":"https:\/\/roveyayinevi.com.tr\/index.php\/wp-json\/wp\/v2\/media?parent=733110"}],"wp:term":[{"taxonomy":"product_brand","embeddable":true,"href":"https:\/\/roveyayinevi.com.tr\/index.php\/wp-json\/wp\/v2\/product_brand?post=733110"},{"taxonomy":"product_cat","embeddable":true,"href":"https:\/\/roveyayinevi.com.tr\/index.php\/wp-json\/wp\/v2\/product_cat?post=733110"},{"taxonomy":"product_tag","embeddable":true,"href":"https:\/\/roveyayinevi.com.tr\/index.php\/wp-json\/wp\/v2\/product_tag?post=733110"}],"curies":[{"name":"wp","href":"https:\/\/api.w.org\/{rel}","templated":true}]}}