{"id":733109,"date":"2025-08-27T22:03:40","date_gmt":"2025-08-27T19:03:40","guid":{"rendered":"https:\/\/roveyayinevi.com.tr\/index.php\/urun\/deniz-bile-olur\/"},"modified":"2026-04-16T02:40:50","modified_gmt":"2026-04-15T23:40:50","slug":"deniz-bile-olur","status":"publish","type":"product","link":"https:\/\/roveyayinevi.com.tr\/index.php\/urun\/deniz-bile-olur\/","title":{"rendered":"Deniz Bile \u00d6l\u00fcr"},"content":{"rendered":"<p>Ya\u015fam\u0131 ve \u00f6l\u00fcm\u00fc ile d\u00fcnya \u015fiir tarihinin en \u00e7ok konu\u015fulan isimlerinden. Lorca hem \u0130spanyolcan\u0131n hem de yery\u00fcz\u00fcn\u00fcn ortak bir dili olan \u015fiirin b\u00fcy\u00fck isimlerinden. T\u00fcrk\u00e7enin en yetkin kalemlerinden biri olan \u00dclk\u00fc Tamer \u00e7evirisi ile Yery\u00fcz\u00fc \u015eiirleri dizisinde.Elinizdeki kitap, \u015fiirin evrensel sesinin e\u015fsiz \u00f6rneklerinden birisi. Deniz Bile \u00d6l\u00fcr\u2019de Lorca\u2019n\u0131n ac\u0131 sesi, bir arkada\u015f, bir karde\u015f kadar yak\u0131ndan duyuluyor.<\/p>\n","protected":false},"excerpt":{"rendered":"<p>Ya\u015fam\u0131 ve \u00f6l\u00fcm\u00fc ile d\u00fcnya \u015fiir tarihinin en \u00e7ok konu\u015fulan isimlerinden. Lorca hem \u0130spanyolcan\u0131n hem de yery\u00fcz\u00fcn\u00fcn ortak bir dili olan \u015fiirin b\u00fcy\u00fck isimlerinden. T\u00fcrk\u00e7enin en<span class=\"excerpt-hellip\"> [\u2026]<\/span><\/p>\n","protected":false},"featured_media":0,"template":"","meta":{"_monsterinsights_skip_tracking":false,"_monsterinsights_sitenote_active":false,"_monsterinsights_sitenote_note":"","_monsterinsights_sitenote_category":0},"product_brand":[],"product_cat":[12291,12509],"product_tag":[],"class_list":{"0":"post-733109","1":"product","2":"type-product","3":"status-publish","5":"product_cat-edebiyat","6":"product_cat-siir","7":"pa_cilt-ciltsiz","8":"pa_tur-kitap","9":"pa_yayinevi-ketebe-yayinlari","10":"pa_yazar-federico-garcia-lorca","12":"first","13":"instock","14":"sale","15":"shipping-taxable","16":"purchasable","17":"product-type-simple"},"_links":{"self":[{"href":"https:\/\/roveyayinevi.com.tr\/index.php\/wp-json\/wp\/v2\/product\/733109","targetHints":{"allow":["GET"]}}],"collection":[{"href":"https:\/\/roveyayinevi.com.tr\/index.php\/wp-json\/wp\/v2\/product"}],"about":[{"href":"https:\/\/roveyayinevi.com.tr\/index.php\/wp-json\/wp\/v2\/types\/product"}],"wp:attachment":[{"href":"https:\/\/roveyayinevi.com.tr\/index.php\/wp-json\/wp\/v2\/media?parent=733109"}],"wp:term":[{"taxonomy":"product_brand","embeddable":true,"href":"https:\/\/roveyayinevi.com.tr\/index.php\/wp-json\/wp\/v2\/product_brand?post=733109"},{"taxonomy":"product_cat","embeddable":true,"href":"https:\/\/roveyayinevi.com.tr\/index.php\/wp-json\/wp\/v2\/product_cat?post=733109"},{"taxonomy":"product_tag","embeddable":true,"href":"https:\/\/roveyayinevi.com.tr\/index.php\/wp-json\/wp\/v2\/product_tag?post=733109"}],"curies":[{"name":"wp","href":"https:\/\/api.w.org\/{rel}","templated":true}]}}