{"id":733108,"date":"2025-08-27T22:03:39","date_gmt":"2025-08-27T19:03:39","guid":{"rendered":"https:\/\/roveyayinevi.com.tr\/index.php\/urun\/kuru-su-2\/"},"modified":"2026-04-16T02:40:50","modified_gmt":"2026-04-15T23:40:50","slug":"kuru-su-2","status":"publish","type":"product","link":"https:\/\/roveyayinevi.com.tr\/index.php\/urun\/kuru-su-2\/","title":{"rendered":"Kuru Su"},"content":{"rendered":"<p>\u201cNehir tanr\u0131lar\u0131n\u0131n \u00e7oktan terk etti\u011fi kupkuru dere yata\u011f\u0131nda \u00e7\u0131r\u0131l\u00e7\u0131plak bir kad\u0131n ko\u015fuyordu&#8230;\u201dSon damlas\u0131na kadar can\u0131 \u00e7ekilmi\u015f bir nehir, D\u00fcnya&#8217;n\u0131n suyuna siper olanlar\u0131n m\u00fccadelesine bedeniyle el veren s\u0131ra d\u0131\u015f\u0131 bir anti-kahraman, umudun bir ucundan tutunca sand\u0131\u011f\u0131 kadar yaln\u0131z olmad\u0131\u011f\u0131n\u0131 anlayan gen\u00e7 bir avukat&#8230; Y\u00fczlerce y\u0131l \u00f6nce bu topraklardan ge\u00e7mi\u015f Amazonlar\u0131n s\u0131cak nefesini, g\u00fcn\u00fcm\u00fcz\u00fcn ekolojik y\u0131k\u0131mlarla sars\u0131lan d\u00fcnyas\u0131na ta\u015f\u0131yor Hande Ayd\u0131n: Kurutulan nehirlerin, bir bir yok edilen ya\u015fam anlanlar\u0131n\u0131n ve geleceksizli\u011fin yas\u0131n\u0131 tutmak yerine hen\u00fcz her \u015fey bitmemi\u015fken elini ta\u015f\u0131n alt\u0131na koyanlar\u0131n direni\u015fine, incelikli bir dayan\u0131\u015fma \u00f6yk\u00fcs\u00fcyle can suyu veriyor. Yery\u00fcz\u00fcn\u00fc savunanlar\u0131n roman\u0131 Kuru Su; nehirler g\u00f6llere ula\u015fabilsin diye&#8230;<\/p>\n","protected":false},"excerpt":{"rendered":"<p>\u201cNehir tanr\u0131lar\u0131n\u0131n \u00e7oktan terk etti\u011fi kupkuru dere yata\u011f\u0131nda \u00e7\u0131r\u0131l\u00e7\u0131plak bir kad\u0131n ko\u015fuyordu&#8230;\u201dSon damlas\u0131na kadar can\u0131 \u00e7ekilmi\u015f bir nehir, D\u00fcnya&#8217;n\u0131n suyuna siper olanlar\u0131n m\u00fccadelesine bedeniyle el veren<span class=\"excerpt-hellip\"> [\u2026]<\/span><\/p>\n","protected":false},"featured_media":0,"template":"","meta":{"_monsterinsights_skip_tracking":false,"_monsterinsights_sitenote_active":false,"_monsterinsights_sitenote_note":"","_monsterinsights_sitenote_category":0},"product_brand":[],"product_cat":[12291,12711],"product_tag":[],"class_list":{"0":"post-733108","1":"product","2":"type-product","3":"status-publish","5":"product_cat-edebiyat","6":"product_cat-roman-oyku","7":"pa_cilt-ciltsiz","8":"pa_tur-kitap","9":"pa_yayinevi-everest-yayinlari","10":"pa_yazar-hande-aydin","12":"first","13":"instock","14":"sale","15":"shipping-taxable","16":"purchasable","17":"product-type-simple"},"_links":{"self":[{"href":"https:\/\/roveyayinevi.com.tr\/index.php\/wp-json\/wp\/v2\/product\/733108","targetHints":{"allow":["GET"]}}],"collection":[{"href":"https:\/\/roveyayinevi.com.tr\/index.php\/wp-json\/wp\/v2\/product"}],"about":[{"href":"https:\/\/roveyayinevi.com.tr\/index.php\/wp-json\/wp\/v2\/types\/product"}],"wp:attachment":[{"href":"https:\/\/roveyayinevi.com.tr\/index.php\/wp-json\/wp\/v2\/media?parent=733108"}],"wp:term":[{"taxonomy":"product_brand","embeddable":true,"href":"https:\/\/roveyayinevi.com.tr\/index.php\/wp-json\/wp\/v2\/product_brand?post=733108"},{"taxonomy":"product_cat","embeddable":true,"href":"https:\/\/roveyayinevi.com.tr\/index.php\/wp-json\/wp\/v2\/product_cat?post=733108"},{"taxonomy":"product_tag","embeddable":true,"href":"https:\/\/roveyayinevi.com.tr\/index.php\/wp-json\/wp\/v2\/product_tag?post=733108"}],"curies":[{"name":"wp","href":"https:\/\/api.w.org\/{rel}","templated":true}]}}