{"id":733107,"date":"2025-08-27T22:03:38","date_gmt":"2025-08-27T19:03:38","guid":{"rendered":"https:\/\/roveyayinevi.com.tr\/index.php\/urun\/dansci-caretta\/"},"modified":"2026-04-16T02:40:50","modified_gmt":"2026-04-15T23:40:50","slug":"dansci-caretta","status":"publish","type":"product","link":"https:\/\/roveyayinevi.com.tr\/index.php\/urun\/dansci-caretta\/","title":{"rendered":"Dans\u00e7\u0131 Caretta"},"content":{"rendered":"<p>Yumurtas\u0131ndan yeni \u00e7\u0131km\u0131\u015f minicik bir deniz kaplumba\u011fas\u0131d\u0131r Dans\u00e7\u0131 Caretta. Art\u0131k bir an \u00f6nce denize ula\u015fmal\u0131d\u0131r. Daha denize giden yolun ba\u015flar\u0131nda iki \u015fey ke\u015ffeder: Annesini bulmak iste\u011fini ve i\u00e7indeki dans etme co\u015fkusunu&#8230; Sonras\u0131nda ise denizdeki tehlikeleri, kirlenmeyi g\u00f6r\u00fcr. Ama Dans\u00e7\u0131 Caretta, akl\u0131yla, iyi kalbiyle, dostluk inanc\u0131yla ve dalga dalga yay\u0131lan dans\u0131yla, ne tehlikelere boyun e\u011fecek ne de kirlenmeyi kabullenecektir.&#8221;Herkes evinde kendini g\u00fcvende hisseder. Denizde dans ederek annesini arayan bizim Dans\u00e7\u0131 Caretta da \u00f6yle san\u0131yor. \u00c7\u00fcnk\u00fc \u00e7evresindeki k\u0131ska\u00e7l\u0131lardan ve denizdeki kirlilikten habersiz hen\u00fcz. Asl\u0131nda denizlerin kirlenmesi, k\u0131ska\u00e7l\u0131lardan daha tehlikeli! Annesini aray\u0131\u015f\u0131nda bunu fark eden Caretta&#8217;n\u0131n dans dolu, renkli ve tehlikeli yolculu\u011funda ona e\u015flik etmelisiniz. Onu izlemek, korumak i\u00e7in.&#8221;Seda Ke\u00e7e, T\u00fcrk\u00e7e \u00d6\u011fretmeni<\/p>\n","protected":false},"excerpt":{"rendered":"<p>Yumurtas\u0131ndan yeni \u00e7\u0131km\u0131\u015f minicik bir deniz kaplumba\u011fas\u0131d\u0131r Dans\u00e7\u0131 Caretta. Art\u0131k bir an \u00f6nce denize ula\u015fmal\u0131d\u0131r. Daha denize giden yolun ba\u015flar\u0131nda iki \u015fey ke\u015ffeder: Annesini bulmak iste\u011fini<span class=\"excerpt-hellip\"> [\u2026]<\/span><\/p>\n","protected":false},"featured_media":0,"template":"","meta":{"_monsterinsights_skip_tracking":false,"_monsterinsights_sitenote_active":false,"_monsterinsights_sitenote_note":"","_monsterinsights_sitenote_category":0},"product_brand":[],"product_cat":[12274,12284],"product_tag":[],"class_list":{"0":"post-733107","1":"product","2":"type-product","3":"status-publish","5":"product_cat-cocuk-ve-genclik-kitaplari","6":"product_cat-hikayeler","7":"pa_cilt-ciltsiz","8":"pa_tur-kitap","9":"pa_yayinevi-epsilon-ozel-urun","10":"pa_yazar-banu-ozdemir","12":"first","13":"instock","14":"sale","15":"shipping-taxable","16":"purchasable","17":"product-type-simple"},"_links":{"self":[{"href":"https:\/\/roveyayinevi.com.tr\/index.php\/wp-json\/wp\/v2\/product\/733107","targetHints":{"allow":["GET"]}}],"collection":[{"href":"https:\/\/roveyayinevi.com.tr\/index.php\/wp-json\/wp\/v2\/product"}],"about":[{"href":"https:\/\/roveyayinevi.com.tr\/index.php\/wp-json\/wp\/v2\/types\/product"}],"wp:attachment":[{"href":"https:\/\/roveyayinevi.com.tr\/index.php\/wp-json\/wp\/v2\/media?parent=733107"}],"wp:term":[{"taxonomy":"product_brand","embeddable":true,"href":"https:\/\/roveyayinevi.com.tr\/index.php\/wp-json\/wp\/v2\/product_brand?post=733107"},{"taxonomy":"product_cat","embeddable":true,"href":"https:\/\/roveyayinevi.com.tr\/index.php\/wp-json\/wp\/v2\/product_cat?post=733107"},{"taxonomy":"product_tag","embeddable":true,"href":"https:\/\/roveyayinevi.com.tr\/index.php\/wp-json\/wp\/v2\/product_tag?post=733107"}],"curies":[{"name":"wp","href":"https:\/\/api.w.org\/{rel}","templated":true}]}}