{"id":733106,"date":"2025-08-27T22:03:37","date_gmt":"2025-08-27T19:03:37","guid":{"rendered":"https:\/\/roveyayinevi.com.tr\/index.php\/urun\/siir-mektup-aforizma-7-kitap-seti\/"},"modified":"2025-12-30T10:44:00","modified_gmt":"2025-12-30T07:44:00","slug":"siir-mektup-aforizma-7-kitap-seti","status":"publish","type":"product","link":"https:\/\/roveyayinevi.com.tr\/index.php\/urun\/siir-mektup-aforizma-7-kitap-seti\/","title":{"rendered":"\u015eiir\/Mektup\/Aforizma 7 Kitap Seti"},"content":{"rendered":"<p>Setimiz 7 Kitaptan olu\u015fmaktad\u0131r.Sonsuz Art\u0131 Bir, Se\u00e7il Tekin (Aforizma \u2013 Mektup)Tin Sin Ten, G\u00fcne\u015f A\u015f\u00e7\u0131o\u011flu (Aforizma)Kifayetli Kinayeler Kimsesi, G\u00fcne\u015f A\u015f\u00e7\u0131o\u011flu (\u015eiir\/\u00d6yk\u00fc)Babaya ve Mektuplar\u0131m, \u00dcmit Da\u011fc\u0131 (Mektup)Ay I\u015f\u0131\u011f\u0131nda G\u00f6kku\u015fa\u011f\u0131, Zafer Y\u0131ld\u0131r\u0131m (\u015eiir)G\u00fcl\u00fc\u015f\u00fc G\u00fczel Adam, Selcan Kulo\u011flu (Aforizma)<\/p>\n","protected":false},"excerpt":{"rendered":"<p>Setimiz 7 Kitaptan olu\u015fmaktad\u0131r.Sonsuz Art\u0131 Bir, Se\u00e7il Tekin (Aforizma \u2013 Mektup)Tin Sin Ten, G\u00fcne\u015f A\u015f\u00e7\u0131o\u011flu (Aforizma)Kifayetli Kinayeler Kimsesi, G\u00fcne\u015f A\u015f\u00e7\u0131o\u011flu (\u015eiir\/\u00d6yk\u00fc)Babaya ve Mektuplar\u0131m, \u00dcmit Da\u011fc\u0131 (Mektup)Ay<span class=\"excerpt-hellip\"> [\u2026]<\/span><\/p>\n","protected":false},"featured_media":0,"template":"","meta":{"_monsterinsights_skip_tracking":false,"_monsterinsights_sitenote_active":false,"_monsterinsights_sitenote_note":"","_monsterinsights_sitenote_category":0},"product_brand":[],"product_cat":[12291,12509],"product_tag":[],"class_list":{"0":"post-733106","1":"product","2":"type-product","3":"status-publish","5":"product_cat-edebiyat","6":"product_cat-siir","7":"pa_cilt-set","8":"pa_tur-kitap","9":"pa_yayinevi-vaveyla-yayincilik","10":"pa_yazar-vaveyla-yayincilik-kolektif","12":"first","13":"instock","14":"sale","15":"shipping-taxable","16":"purchasable","17":"product-type-simple"},"_links":{"self":[{"href":"https:\/\/roveyayinevi.com.tr\/index.php\/wp-json\/wp\/v2\/product\/733106","targetHints":{"allow":["GET"]}}],"collection":[{"href":"https:\/\/roveyayinevi.com.tr\/index.php\/wp-json\/wp\/v2\/product"}],"about":[{"href":"https:\/\/roveyayinevi.com.tr\/index.php\/wp-json\/wp\/v2\/types\/product"}],"wp:attachment":[{"href":"https:\/\/roveyayinevi.com.tr\/index.php\/wp-json\/wp\/v2\/media?parent=733106"}],"wp:term":[{"taxonomy":"product_brand","embeddable":true,"href":"https:\/\/roveyayinevi.com.tr\/index.php\/wp-json\/wp\/v2\/product_brand?post=733106"},{"taxonomy":"product_cat","embeddable":true,"href":"https:\/\/roveyayinevi.com.tr\/index.php\/wp-json\/wp\/v2\/product_cat?post=733106"},{"taxonomy":"product_tag","embeddable":true,"href":"https:\/\/roveyayinevi.com.tr\/index.php\/wp-json\/wp\/v2\/product_tag?post=733106"}],"curies":[{"name":"wp","href":"https:\/\/api.w.org\/{rel}","templated":true}]}}