{"id":733103,"date":"2025-08-27T22:03:34","date_gmt":"2025-08-27T19:03:34","guid":{"rendered":"https:\/\/roveyayinevi.com.tr\/index.php\/urun\/lubeyna\/"},"modified":"2026-04-16T02:40:50","modified_gmt":"2026-04-15T23:40:50","slug":"lubeyna","status":"publish","type":"product","link":"https:\/\/roveyayinevi.com.tr\/index.php\/urun\/lubeyna\/","title":{"rendered":"L\u00fcbeyna"},"content":{"rendered":"<p>L\u00fcbeyna; Sava\u015f meydan\u0131nda, \u00fczerinde ad\u0131n\u0131n yaz\u0131l\u0131 oldu\u011fu g\u00fcm\u00fc\u015f bir madalyon, Diyarbak\u0131r\u2019da, bir fincan m\u0131rra kahvesinin bo\u011fazda b\u0131rakt\u0131\u011f\u0131 ac\u0131 tortu, Artvin\u2019de, g\u00f6rkemli bir kay\u0131n a\u011fac\u0131n\u0131n dallar\u0131ndan kopup, sert da\u011f meltemlerinin yama\u00e7 boylar\u0131na s\u00fcr\u00fckledi\u011fi bir ye\u015fil yaprak; alabildi\u011fine \u00f6zg\u00fcr, alabildi\u011fine u\u00e7ar\u0131&#8230; Paris\u2019te bir Edit h Piaff \u015fansonu, Z\u00fcrich\u2019te bir Lili Marleen t\u00fcrk\u00fcs\u00fc, \u0130stanbul\u2019da ise Do\u011fu ve Bat\u0131\u2019y\u0131 birbirinden ay\u0131ran Bo\u011faz misali, iki yakas\u0131 asla bir araya gelemeyen bir bela paratoneriydi. Ayn\u0131 zamanda bir ma\u011faza tezg\u00e2htar\u0131, becerikli bir terzi ve hatta bir tarihi e ser ka\u00e7ak\u00e7\u0131s\u0131yd\u0131. Ancak hepsinden \u00f6nemlisi, o bir anneydi. \u00c7ocuklar\u0131 i\u00e7in g\u00f6z\u00fcn\u00fc k\u0131rpmadan can\u0131n\u0131 verebilecek, onlar u\u011fruna bu d\u00fcnyada her t\u00fcrl\u00fc zorlu\u011fa ve g\u00fc\u00e7l\u00fc\u011fe katlanabilecek fedak\u00e2r, vefak\u00e2r ve cefak\u00e2r bir anne&#8230; \u0130\u015fte bu onun hik\u00e2yesi. T\u0131pk\u0131 Arap\u00e7ada \u201cs\u0131r\u201d anlam\u0131na gelen isminin \u00e7a\u011fr\u0131\u015ft\u0131rd\u0131\u011f\u0131 gibi y\u0131llarca karanl\u0131kta kalm\u0131\u015f, s\u0131rlarla kapl\u0131 hayat\u0131n\u0131n gizemli hik\u00e2yesi. \u0130\u00e7indeki f\u0131rt\u0131nalar kopan denizin dingin kalma \u00e7abalar\u0131 gemileri s\u00fct liman sularda tutmaya yetmedi\u011fi zaman, kalbinden ta\u015f\u0131p dudaklar\u0131nd an d\u00f6k\u00fclerek hayat bulan hik\u00e2yesi. S\u0131ra d\u0131\u015f\u0131 bir kad\u0131n\u0131n inan\u0131lmaz olaylarla dolu ya\u015fam \u00f6yk\u00fcs\u00fc&#8230; \u0130kinci D\u00fcnya Sava\u015f\u0131\u2019n\u0131n g\u00f6lgesinde ge\u00e7en 1940\u2019l\u0131 y\u0131llardan 2000\u2019lere uzanan altm\u0131\u015f y\u0131l\u0131 a\u015fk\u0131n bir \u00f6mr\u00fcn ac\u0131kl\u0131 anatomisi&#8230; Oradan oraya savrularak ge\u00e7en s\u00fcrg\u00fcn gibi bir \u00e7ocuklu\u011fun ard\u0131ndan a\u015fkla, dostluklarla ve mutluluklarla oldu\u011fu kadar; ac\u0131larla, zorluklarla ve kalp k\u0131r\u0131kl\u0131klar\u0131yla dolu bir ya\u015fam&#8230; Dolu dolu ge\u00e7en bir ya\u015fam&#8230;<\/p>\n","protected":false},"excerpt":{"rendered":"<p>L\u00fcbeyna; Sava\u015f meydan\u0131nda, \u00fczerinde ad\u0131n\u0131n yaz\u0131l\u0131 oldu\u011fu g\u00fcm\u00fc\u015f bir madalyon, Diyarbak\u0131r\u2019da, bir fincan m\u0131rra kahvesinin bo\u011fazda b\u0131rakt\u0131\u011f\u0131 ac\u0131 tortu, Artvin\u2019de, g\u00f6rkemli bir kay\u0131n a\u011fac\u0131n\u0131n dallar\u0131ndan kopup,<span class=\"excerpt-hellip\"> [\u2026]<\/span><\/p>\n","protected":false},"featured_media":0,"template":"","meta":{"_monsterinsights_skip_tracking":false,"_monsterinsights_sitenote_active":false,"_monsterinsights_sitenote_note":"","_monsterinsights_sitenote_category":0},"product_brand":[],"product_cat":[12291,12711],"product_tag":[],"class_list":{"0":"post-733103","1":"product","2":"type-product","3":"status-publish","5":"product_cat-edebiyat","6":"product_cat-roman-oyku","7":"pa_cilt-ciltsiz","8":"pa_tur-kitap","9":"pa_yayinevi-inkilap-kitabevi","10":"pa_yazar-arman-atilla","12":"first","13":"instock","14":"sale","15":"shipping-taxable","16":"purchasable","17":"product-type-simple"},"_links":{"self":[{"href":"https:\/\/roveyayinevi.com.tr\/index.php\/wp-json\/wp\/v2\/product\/733103","targetHints":{"allow":["GET"]}}],"collection":[{"href":"https:\/\/roveyayinevi.com.tr\/index.php\/wp-json\/wp\/v2\/product"}],"about":[{"href":"https:\/\/roveyayinevi.com.tr\/index.php\/wp-json\/wp\/v2\/types\/product"}],"wp:attachment":[{"href":"https:\/\/roveyayinevi.com.tr\/index.php\/wp-json\/wp\/v2\/media?parent=733103"}],"wp:term":[{"taxonomy":"product_brand","embeddable":true,"href":"https:\/\/roveyayinevi.com.tr\/index.php\/wp-json\/wp\/v2\/product_brand?post=733103"},{"taxonomy":"product_cat","embeddable":true,"href":"https:\/\/roveyayinevi.com.tr\/index.php\/wp-json\/wp\/v2\/product_cat?post=733103"},{"taxonomy":"product_tag","embeddable":true,"href":"https:\/\/roveyayinevi.com.tr\/index.php\/wp-json\/wp\/v2\/product_tag?post=733103"}],"curies":[{"name":"wp","href":"https:\/\/api.w.org\/{rel}","templated":true}]}}