{"id":733101,"date":"2025-08-27T22:03:32","date_gmt":"2025-08-27T19:03:32","guid":{"rendered":"https:\/\/roveyayinevi.com.tr\/index.php\/urun\/sonsuzluk\/"},"modified":"2026-04-16T02:40:50","modified_gmt":"2026-04-15T23:40:50","slug":"sonsuzluk","status":"publish","type":"product","link":"https:\/\/roveyayinevi.com.tr\/index.php\/urun\/sonsuzluk\/","title":{"rendered":"Sonsuzluk"},"content":{"rendered":"<p>\u201cSonsuzluk, bir kitab\u0131 tam hayat\u0131m\u0131z\u0131 de\u011fi\u015ftirece\u011fi anda kenara b\u0131rakmakt\u0131r&#8230;\u201dSonsuzlu\u011fu tan\u0131mlaman\u0131n ka\u00e7 yolu vard\u0131r?G\u00fcne\u015fi ve y\u0131ld\u0131zlar\u0131 \u00e7al\u0131\u015ft\u0131ran bir makine, bir bale dans\u00e7\u0131s\u0131, \u0131ss\u0131z bir \u00e7\u00f6l, bir ressam, Shakespeare ve daha fazlas\u0131yla, 2018 Hans Christian Andersen \u00d6d\u00fcl\u00fc finalisti Arjantinli yazar ve ill\u00fcstrat\u00f6r Pablo Bernasconi, bu eserinde sonsuz olas\u0131l\u0131klarla dolu bir evren yarat\u0131yor.\u00c7arp\u0131c\u0131 g\u00f6r\u00fcnt\u00fcleri \u015fiirsel d\u00fc\u015f\u00fcncelerle bir araya getiren Bernasconi, \u00e7ocuklar\u0131 ve yeti\u015fkinleri hayal g\u00fc\u00e7lerini kullanarak sonsuzluk kavram\u0131 hakk\u0131nda d\u00fc\u015f\u00fcnmeye davet ediyor. Bir\u00e7ok \u00f6d\u00fcl kazanan Sonsuzluk, her ya\u015fa hitap eden, kusursuz bir eser&#8230;\u201cFelsefe, sanat ve matemati\u011fin bu heyecan verici kar\u0131\u015f\u0131m\u0131, kar\u015f\u0131 konulmaz bir konseptin kap\u0131lar\u0131n\u0131 aral\u0131yor&#8230;\u201d \u2013Kirkus Reviews<\/p>\n","protected":false},"excerpt":{"rendered":"<p>\u201cSonsuzluk, bir kitab\u0131 tam hayat\u0131m\u0131z\u0131 de\u011fi\u015ftirece\u011fi anda kenara b\u0131rakmakt\u0131r&#8230;\u201dSonsuzlu\u011fu tan\u0131mlaman\u0131n ka\u00e7 yolu vard\u0131r?G\u00fcne\u015fi ve y\u0131ld\u0131zlar\u0131 \u00e7al\u0131\u015ft\u0131ran bir makine, bir bale dans\u00e7\u0131s\u0131, \u0131ss\u0131z bir \u00e7\u00f6l, bir ressam,<span class=\"excerpt-hellip\"> [\u2026]<\/span><\/p>\n","protected":false},"featured_media":0,"template":"","meta":{"_monsterinsights_skip_tracking":false,"_monsterinsights_sitenote_active":false,"_monsterinsights_sitenote_note":"","_monsterinsights_sitenote_category":0},"product_brand":[],"product_cat":[12275,12274],"product_tag":[],"class_list":{"0":"post-733101","1":"product","2":"type-product","3":"status-publish","5":"product_cat-6-12-yas-kitaplari","6":"product_cat-cocuk-ve-genclik-kitaplari","7":"pa_cilt-ciltsiz","8":"pa_tur-kitap","9":"pa_yayinevi-ithaki-yayinlari","10":"pa_yazar-pablo-bernasconi","12":"first","13":"instock","14":"sale","15":"shipping-taxable","16":"purchasable","17":"product-type-simple"},"_links":{"self":[{"href":"https:\/\/roveyayinevi.com.tr\/index.php\/wp-json\/wp\/v2\/product\/733101","targetHints":{"allow":["GET"]}}],"collection":[{"href":"https:\/\/roveyayinevi.com.tr\/index.php\/wp-json\/wp\/v2\/product"}],"about":[{"href":"https:\/\/roveyayinevi.com.tr\/index.php\/wp-json\/wp\/v2\/types\/product"}],"wp:attachment":[{"href":"https:\/\/roveyayinevi.com.tr\/index.php\/wp-json\/wp\/v2\/media?parent=733101"}],"wp:term":[{"taxonomy":"product_brand","embeddable":true,"href":"https:\/\/roveyayinevi.com.tr\/index.php\/wp-json\/wp\/v2\/product_brand?post=733101"},{"taxonomy":"product_cat","embeddable":true,"href":"https:\/\/roveyayinevi.com.tr\/index.php\/wp-json\/wp\/v2\/product_cat?post=733101"},{"taxonomy":"product_tag","embeddable":true,"href":"https:\/\/roveyayinevi.com.tr\/index.php\/wp-json\/wp\/v2\/product_tag?post=733101"}],"curies":[{"name":"wp","href":"https:\/\/api.w.org\/{rel}","templated":true}]}}