{"id":733099,"date":"2025-08-27T22:03:30","date_gmt":"2025-08-27T19:03:30","guid":{"rendered":"https:\/\/roveyayinevi.com.tr\/index.php\/urun\/icimdeki-yabanci\/"},"modified":"2026-04-16T02:40:50","modified_gmt":"2026-04-15T23:40:50","slug":"icimdeki-yabanci","status":"publish","type":"product","link":"https:\/\/roveyayinevi.com.tr\/index.php\/urun\/icimdeki-yabanci\/","title":{"rendered":"\u0130\u00e7imdeki Yabanc\u0131"},"content":{"rendered":"<p>Hayat\u0131m\u0131zdaki insanlar\u0131 ger\u00e7ek anlamda ne kadar tan\u0131yoruz? Kar\u015f\u0131 taraf\u0131n bize kendini anlatt\u0131\u011f\u0131 kadar\u0131n\u0131 m\u0131 yoksa bizim tan\u0131mak istedi\u011fimiz kadar\u0131n\u0131 m\u0131 biliyoruz? Ya emin oldu\u011fumuzu d\u00fc\u015f\u00fcnd\u00fcklerimiz bile, bir g\u00fcn bizi yan\u0131lg\u0131ya d\u00fc\u015f\u00fcr\u00fcr de inand\u0131\u011f\u0131m\u0131z t\u00fcm ger\u00e7ekler yerle bir olursa inanaca\u011f\u0131m\u0131z, tutunaca\u011f\u0131m\u0131z ne kal\u0131r? Akl\u0131m\u0131z, vicdan\u0131m\u0131z, sezgilerimiz? Kim bilir belki de alg\u0131m\u0131z ger\u00e7ekli\u011fini yitirerek bizi farkl\u0131 d\u00fcnyalara savurur. Ne de olsa ruhumuzun kayboldu\u011fu karanl\u0131k kuyular ile i\u00e7imizi \u00e7i\u00e7ek a\u00e7t\u0131ran bah\u00e7eler ayn\u0131 yerde de\u011fil mi? \u00d6yle ya i\u00e7imizde\u2026 Peki ya i\u00e7imizdeki yabanc\u0131lar?\u00dc\u00e7 farkl\u0131 zaman diliminde gidip gelinen polisiye t\u00fcr\u00fcndeki bu romanda bir yandan psikolojik olarak insan\u0131n kendisini, sevdiklerini ve se\u00e7imlerini yarg\u0131lamas\u0131n\u0131n ac\u0131s\u0131yla y\u00fczle\u015fecek, di\u011fer yandan ne kadar ileri gidebilece\u011finizi sorgulayacaks\u0131n\u0131z.<\/p>\n","protected":false},"excerpt":{"rendered":"<p>Hayat\u0131m\u0131zdaki insanlar\u0131 ger\u00e7ek anlamda ne kadar tan\u0131yoruz? Kar\u015f\u0131 taraf\u0131n bize kendini anlatt\u0131\u011f\u0131 kadar\u0131n\u0131 m\u0131 yoksa bizim tan\u0131mak istedi\u011fimiz kadar\u0131n\u0131 m\u0131 biliyoruz? Ya emin oldu\u011fumuzu d\u00fc\u015f\u00fcnd\u00fcklerimiz bile,<span class=\"excerpt-hellip\"> [\u2026]<\/span><\/p>\n","protected":false},"featured_media":0,"template":"","meta":{"_monsterinsights_skip_tracking":false,"_monsterinsights_sitenote_active":false,"_monsterinsights_sitenote_note":"","_monsterinsights_sitenote_category":0},"product_brand":[],"product_cat":[12291,12711],"product_tag":[],"class_list":{"0":"post-733099","1":"product","2":"type-product","3":"status-publish","5":"product_cat-edebiyat","6":"product_cat-roman-oyku","7":"pa_cilt-ciltsiz","8":"pa_tur-kitap","9":"pa_yayinevi-muptela-yayinevi","10":"pa_yazar-esra-battal-can","12":"first","13":"instock","14":"sale","15":"shipping-taxable","16":"purchasable","17":"product-type-simple"},"_links":{"self":[{"href":"https:\/\/roveyayinevi.com.tr\/index.php\/wp-json\/wp\/v2\/product\/733099","targetHints":{"allow":["GET"]}}],"collection":[{"href":"https:\/\/roveyayinevi.com.tr\/index.php\/wp-json\/wp\/v2\/product"}],"about":[{"href":"https:\/\/roveyayinevi.com.tr\/index.php\/wp-json\/wp\/v2\/types\/product"}],"wp:attachment":[{"href":"https:\/\/roveyayinevi.com.tr\/index.php\/wp-json\/wp\/v2\/media?parent=733099"}],"wp:term":[{"taxonomy":"product_brand","embeddable":true,"href":"https:\/\/roveyayinevi.com.tr\/index.php\/wp-json\/wp\/v2\/product_brand?post=733099"},{"taxonomy":"product_cat","embeddable":true,"href":"https:\/\/roveyayinevi.com.tr\/index.php\/wp-json\/wp\/v2\/product_cat?post=733099"},{"taxonomy":"product_tag","embeddable":true,"href":"https:\/\/roveyayinevi.com.tr\/index.php\/wp-json\/wp\/v2\/product_tag?post=733099"}],"curies":[{"name":"wp","href":"https:\/\/api.w.org\/{rel}","templated":true}]}}