{"id":733098,"date":"2025-08-27T22:03:28","date_gmt":"2025-08-27T19:03:28","guid":{"rendered":"https:\/\/roveyayinevi.com.tr\/index.php\/urun\/dostlarimiz-hayvanlar\/"},"modified":"2026-04-16T02:40:50","modified_gmt":"2026-04-15T23:40:50","slug":"dostlarimiz-hayvanlar","status":"publish","type":"product","link":"https:\/\/roveyayinevi.com.tr\/index.php\/urun\/dostlarimiz-hayvanlar\/","title":{"rendered":"Dostlar\u0131m\u0131z Hayvanlar"},"content":{"rendered":"<p>\u201cEn \u00e7\u0131kars\u0131z ve en g\u00fczel dostluk \u00e7ocuklarla hayvanlar aras\u0131nda kurulan o masum, o merhamet dolu dostluktur.\u201d Sevimli dostlar\u0131m\u0131z hayvanlar\u0131 daha yak\u0131ndan tan\u0131maya ne dersiniz? Peki, hayvanlarla konu\u015fan hik\u00e2ye kahramanlar\u0131m\u0131za hep birlikte e\u015flik etmek nas\u0131l fikir? Ormanlar\u0131n ta\u00e7s\u0131z kral\u0131 aslanlar\u0131n, di\u015flek tav\u015fanlar\u0131n, tonton ineklerin, bal\u0131k avc\u0131s\u0131 mart\u0131lar\u0131n, saklamba\u00e7 ebesi deveku\u015flar\u0131n\u0131n, paytak y\u00fcr\u00fcyen penguenlerin d\u00fcnyas\u0131n\u0131 \u00f6\u011frenmek ister misiniz? Dostlar\u0131m\u0131z hayvanlar\u0131n kendi dilinden hik\u00e2yeler dinleyece\u011finiz, her birinden t\u00fcrl\u00fc t\u00fcrl\u00fc bilgiler edinip \u00e7e\u015fit \u00e7e\u015fit dersler \u00e7\u0131karaca\u011f\u0131n\u0131z bu heyecanl\u0131 yola kitab\u0131n kapa\u011f\u0131n\u0131 aralayarak hemen ba\u015flayabilirsiniz! Hik\u00e2yelerin aras\u0131na saklanm\u0131\u015f, arkada\u015flar\u0131n\u0131zla payla\u015fmak i\u00e7in sab\u0131rs\u0131zlanaca\u011f\u0131n\u0131z ilgin\u00e7 bilgiler sizleri bekliyor. Sevgi dolu okumalar!<\/p>\n","protected":false},"excerpt":{"rendered":"<p>\u201cEn \u00e7\u0131kars\u0131z ve en g\u00fczel dostluk \u00e7ocuklarla hayvanlar aras\u0131nda kurulan o masum, o merhamet dolu dostluktur.\u201d Sevimli dostlar\u0131m\u0131z hayvanlar\u0131 daha yak\u0131ndan tan\u0131maya ne dersiniz? Peki, hayvanlarla<span class=\"excerpt-hellip\"> [\u2026]<\/span><\/p>\n","protected":false},"featured_media":0,"template":"","meta":{"_monsterinsights_skip_tracking":false,"_monsterinsights_sitenote_active":false,"_monsterinsights_sitenote_note":"","_monsterinsights_sitenote_category":0},"product_brand":[],"product_cat":[12274,12284],"product_tag":[],"class_list":{"0":"post-733098","1":"product","2":"type-product","3":"status-publish","5":"product_cat-cocuk-ve-genclik-kitaplari","6":"product_cat-hikayeler","7":"pa_cilt-ciltsiz","8":"pa_tur-kitap","9":"pa_yayinevi-kapi-yayinlari","10":"pa_yazar-sinan-yagmur","12":"first","13":"instock","14":"sale","15":"shipping-taxable","16":"purchasable","17":"product-type-simple"},"_links":{"self":[{"href":"https:\/\/roveyayinevi.com.tr\/index.php\/wp-json\/wp\/v2\/product\/733098","targetHints":{"allow":["GET"]}}],"collection":[{"href":"https:\/\/roveyayinevi.com.tr\/index.php\/wp-json\/wp\/v2\/product"}],"about":[{"href":"https:\/\/roveyayinevi.com.tr\/index.php\/wp-json\/wp\/v2\/types\/product"}],"wp:attachment":[{"href":"https:\/\/roveyayinevi.com.tr\/index.php\/wp-json\/wp\/v2\/media?parent=733098"}],"wp:term":[{"taxonomy":"product_brand","embeddable":true,"href":"https:\/\/roveyayinevi.com.tr\/index.php\/wp-json\/wp\/v2\/product_brand?post=733098"},{"taxonomy":"product_cat","embeddable":true,"href":"https:\/\/roveyayinevi.com.tr\/index.php\/wp-json\/wp\/v2\/product_cat?post=733098"},{"taxonomy":"product_tag","embeddable":true,"href":"https:\/\/roveyayinevi.com.tr\/index.php\/wp-json\/wp\/v2\/product_tag?post=733098"}],"curies":[{"name":"wp","href":"https:\/\/api.w.org\/{rel}","templated":true}]}}