{"id":733097,"date":"2025-08-27T22:03:27","date_gmt":"2025-08-27T19:03:27","guid":{"rendered":"https:\/\/roveyayinevi.com.tr\/index.php\/urun\/guzel-aysa\/"},"modified":"2026-01-29T03:11:57","modified_gmt":"2026-01-29T00:11:57","slug":"guzel-aysa","status":"publish","type":"product","link":"https:\/\/roveyayinevi.com.tr\/index.php\/urun\/guzel-aysa\/","title":{"rendered":"G\u00fczel Ay\u015fa"},"content":{"rendered":"<p>Roman kavram\u0131, k\u00fclt\u00fcrleri, dinleri, milletleri ay\u0131rmaks\u0131z\u0131n ezilen ve s\u00f6m\u00fcr\u00fclen halklar\u0131n \u00f6zelinde otokton k\u00f6yl\u00fcn\u00fcn ya\u015fama bi\u00e7imi ile toplumun esas k\u00f6k dinami\u011fi olan kad\u0131nlar\u0131n ve insanlar\u0131n birli\u011fini anlama ve anlatmada \u00f6nemli i\u015flevi vard\u0131r. G\u00fczel Ay\u015fa\u2019da herkesin anlayabilece\u011fi alegorik bir dil ile t\u00fcm bu ger\u00e7ekliklerle kar\u015f\u0131la\u015facaks\u0131n\u0131z. Ahmet Demir, pedagog G\u00fczel Ay\u015fa, ba\u015fka zaman ve mek\u00e2nlar\u0131n de\u011fil; bug\u00fcne, buraya dair ya\u015fanm\u0131\u015fl\u0131klar\u0131n hik\u00e2yesidir. Uzak diyarlardan g\u00f6\u00e7 edip Orta Anadolu\u2019yu yurt edinen bir toplumun; dil, k\u00fclt\u00fcr, gelenek ve ya\u015fam tarz\u0131n\u0131 koruyarak verdi\u011fi ya\u015fam m\u00fccadelesi s\u00fcr\u00fckleyici ve sanatsal bir anlat\u0131mla sunulmu\u015ftur. Bayram Bozyel, yazar G\u00fczel Ay\u015fa, Mezopotamya rengini ve Zagros\u2019un t\u00fcm r\u00fczg\u00e2rlar\u0131n\u0131 \u00f6n\u00fcm\u00fcze seren Anatol\u00ee Naw\u00een\u2019in sakl\u0131 roman\u0131. T\u00fcm halklar ile inan\u00e7lar\u0131n rengini sadece kutsal iki \u0131rma\u011f\u0131n \u00fclkesi Mezra Botan\u2019\u0131n de\u011fil di\u011fer kutsal iki \u0131rma\u011f\u0131n \u00e7ocuklar\u0131 Furhatti\/F\u0131rat ile Xalis aras\u0131nda gizli oldu\u011funu g\u00f6steren mitsel bir \u00f6yk\u00fc bize sunmaktad\u0131r. Ferhat Battal Odaba\u015f\u0131, akademisyen G\u00fczel Ay\u015fa kitab\u0131 i\u00e7in \u00e7izdi\u011fim kapak resmimin ad\u0131, T\u00f6re\u2019dir\u2019. Resmi \u00e7izerken Kurdi mitolojisinin, heft rengi ve b\u00fcy\u00fcl\u00fc asaleti olan Tiamed Ejderi\u2019nin g\u00f6zleriyle onun kutsal fig\u00fcr\u00fc Melek\u2019\u00e2 Tawus\u00ea mitinin ruhunu vermeye \u00e7al\u0131\u015ft\u0131m. Nuh Ate\u015f, ressam<\/p>\n","protected":false},"excerpt":{"rendered":"<p>Roman kavram\u0131, k\u00fclt\u00fcrleri, dinleri, milletleri ay\u0131rmaks\u0131z\u0131n ezilen ve s\u00f6m\u00fcr\u00fclen halklar\u0131n \u00f6zelinde otokton k\u00f6yl\u00fcn\u00fcn ya\u015fama bi\u00e7imi ile toplumun esas k\u00f6k dinami\u011fi olan kad\u0131nlar\u0131n ve insanlar\u0131n birli\u011fini anlama<span class=\"excerpt-hellip\"> [\u2026]<\/span><\/p>\n","protected":false},"featured_media":0,"template":"","meta":{"_monsterinsights_skip_tracking":false,"_monsterinsights_sitenote_active":false,"_monsterinsights_sitenote_note":"","_monsterinsights_sitenote_category":0},"product_brand":[],"product_cat":[12291,12711],"product_tag":[],"class_list":{"0":"post-733097","1":"product","2":"type-product","3":"status-publish","5":"product_cat-edebiyat","6":"product_cat-roman-oyku","7":"pa_cilt-ciltsiz","8":"pa_tur-kitap","9":"pa_yayinevi-utopya-yayinevi","10":"pa_yazar-ucler-kaya","12":"first","13":"instock","14":"sale","15":"shipping-taxable","16":"purchasable","17":"product-type-simple"},"_links":{"self":[{"href":"https:\/\/roveyayinevi.com.tr\/index.php\/wp-json\/wp\/v2\/product\/733097","targetHints":{"allow":["GET"]}}],"collection":[{"href":"https:\/\/roveyayinevi.com.tr\/index.php\/wp-json\/wp\/v2\/product"}],"about":[{"href":"https:\/\/roveyayinevi.com.tr\/index.php\/wp-json\/wp\/v2\/types\/product"}],"wp:attachment":[{"href":"https:\/\/roveyayinevi.com.tr\/index.php\/wp-json\/wp\/v2\/media?parent=733097"}],"wp:term":[{"taxonomy":"product_brand","embeddable":true,"href":"https:\/\/roveyayinevi.com.tr\/index.php\/wp-json\/wp\/v2\/product_brand?post=733097"},{"taxonomy":"product_cat","embeddable":true,"href":"https:\/\/roveyayinevi.com.tr\/index.php\/wp-json\/wp\/v2\/product_cat?post=733097"},{"taxonomy":"product_tag","embeddable":true,"href":"https:\/\/roveyayinevi.com.tr\/index.php\/wp-json\/wp\/v2\/product_tag?post=733097"}],"curies":[{"name":"wp","href":"https:\/\/api.w.org\/{rel}","templated":true}]}}