{"id":733095,"date":"2025-08-27T22:03:25","date_gmt":"2025-08-27T19:03:25","guid":{"rendered":"https:\/\/roveyayinevi.com.tr\/index.php\/urun\/borgesle-gizemli-bir-yolculuk\/"},"modified":"2026-01-29T03:11:57","modified_gmt":"2026-01-29T00:11:57","slug":"borgesle-gizemli-bir-yolculuk","status":"publish","type":"product","link":"https:\/\/roveyayinevi.com.tr\/index.php\/urun\/borgesle-gizemli-bir-yolculuk\/","title":{"rendered":"Borges&#8217;le Gizemli Bir Yolculuk"},"content":{"rendered":"<p>Bir c\u00fcmlesinde bile farkl\u0131 \u00e2lemlere dalabilen Borges\u2019in ya\u015fam \u00f6yk\u00fcs\u00fc de yazd\u0131\u011f\u0131 \u00f6yk\u00fcler de benzersizdir. D\u00fc\u015fsel Varl\u0131klar Kitab\u0131\u2019n\u0131n 1967 tarihli \u00f6ns\u00f6z\u00fcnde, kitab\u0131n okunurken, bir \u00e7i\u00e7ek d\u00fcrb\u00fcn\u00fcn\u00fcn durmadan de\u011fi\u015fen desenleriyle oynar gibi sayfalarda rastgele dola\u015f\u0131lmas\u0131n\u0131 \u00f6nererek eserini adeta bir desene benzetir. Belli bir soyutlama d\u00fczeyinde s\u00f6yleyebiliriz ki, Borges\u2019in hemen hemen t\u00fcm \u00f6yk\u00fcleri ve hatta denemeleri kendi i\u00e7inde bir desen olu\u015ftururlar. Bu deseni kendilerini farkl\u0131 \u00f6l\u00e7\u00fclerde tekrarlayan motifler anlam\u0131na gelen fraktal kavram\u0131yla a\u00e7\u0131klamak ilgin\u00e7tir. Fraktallar\u0131n g\u00fcc\u00fc g\u00f6r\u00fcn\u00fcrde birbirleriyle ili\u015fkili olmayan olaylar aras\u0131nda garip bir ba\u011f oldu\u011funu g\u00f6stermelerinden gelir ve fraktal yap\u0131lar basit fikirlerden ba\u015flayarak karma\u015f\u0131k yap\u0131lar kurmaya izin verir. \u00d6rne\u011fin Bellek Funes\u2019te hemen her \u015feyi unutan, ama zaman\u0131 her an do\u011fru olarak bilebilen \u201ckronometre\u201d Ireneo Funes, sakin ve r\u00fcya gibi bir ya\u015fam s\u00fcrerken attan d\u00fc\u015f\u00fcp bay\u0131ld\u0131ktan sonra kendine geldi\u011finde yata\u011f\u0131na \u00e7ivilenerek g\u00f6rd\u00fc\u011f\u00fc ve duydu\u011fu hi\u00e7bir \u015feyi unutamayan beyni \u00e7\u00f6p y\u0131\u011f\u0131n\u0131na d\u00f6nm\u00fc\u015f tuhaf bir insan oluverir. Yollar\u0131 \u00c7atallanan Bah\u00e7e\u2019de bir casusluk \u00f6yk\u00fcs\u00fc okumaya ba\u015flar\u0131z, ancak bir s\u00fcre sonra zaman \u00e7atallan\u0131r ve paralel evrenlere ge\u00e7ilir. Alef\u2019te yer ve g\u00f6klerdeki her \u015feyi i\u00e7erecek bir \u015fiir yazma sevdas\u0131, okuru t\u00fcm zamanlar\u0131n bir noktada kesi\u015fti\u011fi Kairos\u2019a g\u00f6t\u00fcr\u00fcr. \u0130\u015fte b\u00f6yle, kelebek etkisi g\u00f6stererek beklenmedik bi\u00e7imde geli\u015fen \u00f6yk\u00fcler karma\u015f\u0131kla\u015farak fraktal bir desen olu\u015ftururlar&#8230;. <\/p>\n","protected":false},"excerpt":{"rendered":"<p>Bir c\u00fcmlesinde bile farkl\u0131 \u00e2lemlere dalabilen Borges\u2019in ya\u015fam \u00f6yk\u00fcs\u00fc de yazd\u0131\u011f\u0131 \u00f6yk\u00fcler de benzersizdir. D\u00fc\u015fsel Varl\u0131klar Kitab\u0131\u2019n\u0131n 1967 tarihli \u00f6ns\u00f6z\u00fcnde, kitab\u0131n okunurken, bir \u00e7i\u00e7ek d\u00fcrb\u00fcn\u00fcn\u00fcn durmadan<span class=\"excerpt-hellip\"> [\u2026]<\/span><\/p>\n","protected":false},"featured_media":0,"template":"","meta":{"_monsterinsights_skip_tracking":false,"_monsterinsights_sitenote_active":false,"_monsterinsights_sitenote_note":"","_monsterinsights_sitenote_category":0},"product_brand":[],"product_cat":[13072,12291],"product_tag":[],"class_list":{"0":"post-733095","1":"product","2":"type-product","3":"status-publish","5":"product_cat-arastirma-inceleme-referans","6":"product_cat-edebiyat","7":"pa_cilt-ciltsiz","8":"pa_tur-kitap","9":"pa_yayinevi-utopya-yayinevi","10":"pa_yazar-mustafa-bulent-gundogmus","12":"first","13":"instock","14":"sale","15":"shipping-taxable","16":"purchasable","17":"product-type-simple"},"_links":{"self":[{"href":"https:\/\/roveyayinevi.com.tr\/index.php\/wp-json\/wp\/v2\/product\/733095","targetHints":{"allow":["GET"]}}],"collection":[{"href":"https:\/\/roveyayinevi.com.tr\/index.php\/wp-json\/wp\/v2\/product"}],"about":[{"href":"https:\/\/roveyayinevi.com.tr\/index.php\/wp-json\/wp\/v2\/types\/product"}],"wp:attachment":[{"href":"https:\/\/roveyayinevi.com.tr\/index.php\/wp-json\/wp\/v2\/media?parent=733095"}],"wp:term":[{"taxonomy":"product_brand","embeddable":true,"href":"https:\/\/roveyayinevi.com.tr\/index.php\/wp-json\/wp\/v2\/product_brand?post=733095"},{"taxonomy":"product_cat","embeddable":true,"href":"https:\/\/roveyayinevi.com.tr\/index.php\/wp-json\/wp\/v2\/product_cat?post=733095"},{"taxonomy":"product_tag","embeddable":true,"href":"https:\/\/roveyayinevi.com.tr\/index.php\/wp-json\/wp\/v2\/product_tag?post=733095"}],"curies":[{"name":"wp","href":"https:\/\/api.w.org\/{rel}","templated":true}]}}