{"id":733093,"date":"2025-08-27T22:03:23","date_gmt":"2025-08-27T19:03:23","guid":{"rendered":"https:\/\/roveyayinevi.com.tr\/index.php\/urun\/lokinin-sozu\/"},"modified":"2026-04-16T02:40:50","modified_gmt":"2026-04-15T23:40:50","slug":"lokinin-sozu","status":"publish","type":"product","link":"https:\/\/roveyayinevi.com.tr\/index.php\/urun\/lokinin-sozu\/","title":{"rendered":"Loki\u2019nin S\u00f6z\u00fc"},"content":{"rendered":"<p>Ragnar\u00f6k\u2026 Hayat\u0131m boyunca pek \u00e7ok k\u00f6t\u00fc \u015fey g\u00f6rd\u00fcm; a\u00e7\u0131k\u00e7as\u0131 birka\u00e7\u0131n\u0131 da ben yapt\u0131m. Thor\u2019un \u00e7eki\u00e7 sallayabilece\u011finden daha fazla kez \u00d6l\u00fcm\u2019\u00fcn surat\u0131na g\u00fcld\u00fc\u011f\u00fcm oldu. Ama bu \u00f6yle de\u011fildi.Odin bana en ba\u015f\u0131ndan g\u00fcvenseydi i\u015fler farkl\u0131 geli\u015febilirdi. Fakat o, K\u00e2hin\u2019e g\u00fcvendi. Lanet olas\u0131ca onun kan\u0131na girdi ve bizi felakete s\u00fcr\u00fckledi. B\u00f6ylece Asgard\u2019\u0131 kaybettik ve herkes \u00f6ld\u00fc; Thor, Tyr hatta Odin\u2019in kendisi. Tabii beni de unutmamak laz\u0131m: Oyunbaz Loki.Ama i\u015fte ben yine buraday\u0131m. Me\u011ferse o olay D\u00fcnyalar\u0131n Sonu de\u011filmi\u015f. Sadece bizim egemenli\u011fimizin sonuymu\u015f. Tanr\u0131lar\u0131n pek \u00e7o\u011fu kendi krall\u0131klar\u0131 \u00e7\u00f6kt\u00fc\u011f\u00fc zaman her \u015feyin sona erece\u011fini farz eder. Ancak D\u00fcnyalar gelgit gibidir, \u00f6te yandan tanr\u0131lar dalgalar\u0131n alt\u0131ndaki kumlar gibi oradan oraya savrulur. Biz de bunun istisnas\u0131 de\u011fildik. Yine de her son yeni bir ba\u015flang\u0131\u00e7t\u0131r. Bu kez o ba\u015flang\u0131\u00e7 benim.Loki\u2019nin M\u00fcjdesi\u2019nin devam cildi Loki\u2019nin S\u00f6z\u00fc\u2019nde Joanne M. Harris, tarihin en oyunbaz tanr\u0131s\u0131n\u0131n D\u00fcnyalar\u0131n Sonu\u2019ndan nas\u0131l ka\u00e7may\u0131 ba\u015fard\u0131\u011f\u0131n\u0131, bizim d\u00fcnyam\u0131za nas\u0131l geldi\u011fini, gen\u00e7 bir k\u0131z\u0131n bedeninde nas\u0131l hayatta kald\u0131\u011f\u0131n\u0131 ve nas\u0131l hem bu \u00e7\u0131lg\u0131n yeni d\u00fcnyaya uyum sa\u011flamaya hem de Asgard\u2019\u0131 yeniden var etmeye \u00e7al\u0131\u015ft\u0131\u011f\u0131n\u0131 esprili bir dille, bizzat Loki\u2019nin a\u011fz\u0131ndan anlat\u0131yor. Ve hi\u00e7bir \u015fey Loki\u2019nin planlad\u0131\u011f\u0131 gibi gitmiyor \u2013 her zamanki gibi. \u201cNeil Gaiman\u2019\u0131n hayranlar\u0131 bu seriye bay\u0131lacak.\u201d \u2013The Metro\u201cOlduk\u00e7a e\u011flenceli bir devam kitab\u0131. \u00dc\u00e7\u00fcnc\u00fc kitab\u0131 iple \u00e7ekmeye neden oluyor!\u201d \u2013Publishers Weekly<\/p>\n","protected":false},"excerpt":{"rendered":"<p>Ragnar\u00f6k\u2026 Hayat\u0131m boyunca pek \u00e7ok k\u00f6t\u00fc \u015fey g\u00f6rd\u00fcm; a\u00e7\u0131k\u00e7as\u0131 birka\u00e7\u0131n\u0131 da ben yapt\u0131m. Thor\u2019un \u00e7eki\u00e7 sallayabilece\u011finden daha fazla kez \u00d6l\u00fcm\u2019\u00fcn surat\u0131na g\u00fcld\u00fc\u011f\u00fcm oldu. Ama bu \u00f6yle<span class=\"excerpt-hellip\"> [\u2026]<\/span><\/p>\n","protected":false},"featured_media":0,"template":"","meta":{"_monsterinsights_skip_tracking":false,"_monsterinsights_sitenote_active":false,"_monsterinsights_sitenote_note":"","_monsterinsights_sitenote_category":0},"product_brand":[],"product_cat":[12291,14777],"product_tag":[],"class_list":{"0":"post-733093","1":"product","2":"type-product","3":"status-publish","5":"product_cat-edebiyat","6":"product_cat-fantastik","7":"pa_cilt-ciltsiz","8":"pa_tur-kitap","9":"pa_yayinevi-ithaki-yayinlari","10":"pa_yazar-joanne-m-harris","12":"first","13":"instock","14":"sale","15":"shipping-taxable","16":"purchasable","17":"product-type-simple"},"_links":{"self":[{"href":"https:\/\/roveyayinevi.com.tr\/index.php\/wp-json\/wp\/v2\/product\/733093","targetHints":{"allow":["GET"]}}],"collection":[{"href":"https:\/\/roveyayinevi.com.tr\/index.php\/wp-json\/wp\/v2\/product"}],"about":[{"href":"https:\/\/roveyayinevi.com.tr\/index.php\/wp-json\/wp\/v2\/types\/product"}],"wp:attachment":[{"href":"https:\/\/roveyayinevi.com.tr\/index.php\/wp-json\/wp\/v2\/media?parent=733093"}],"wp:term":[{"taxonomy":"product_brand","embeddable":true,"href":"https:\/\/roveyayinevi.com.tr\/index.php\/wp-json\/wp\/v2\/product_brand?post=733093"},{"taxonomy":"product_cat","embeddable":true,"href":"https:\/\/roveyayinevi.com.tr\/index.php\/wp-json\/wp\/v2\/product_cat?post=733093"},{"taxonomy":"product_tag","embeddable":true,"href":"https:\/\/roveyayinevi.com.tr\/index.php\/wp-json\/wp\/v2\/product_tag?post=733093"}],"curies":[{"name":"wp","href":"https:\/\/api.w.org\/{rel}","templated":true}]}}