{"id":733092,"date":"2025-08-27T22:03:22","date_gmt":"2025-08-27T19:03:22","guid":{"rendered":"https:\/\/roveyayinevi.com.tr\/index.php\/urun\/pariste-bir-kurtadam\/"},"modified":"2026-04-16T02:40:50","modified_gmt":"2026-04-15T23:40:50","slug":"pariste-bir-kurtadam","status":"publish","type":"product","link":"https:\/\/roveyayinevi.com.tr\/index.php\/urun\/pariste-bir-kurtadam\/","title":{"rendered":"Paris\u2019te Bir Kurtadam"},"content":{"rendered":"<p>\u201cNas\u0131l oldu da idrak edemeyece\u011fimiz karanl\u0131k d\u00fcrt\u00fclerimizin oyunca\u011f\u0131 h\u00e2line geldik, i\u015fte Endore bunun \u00fczerinde duruyor.\u201d \u2013Michael DirdaDo\u011fa\u00fcst\u00fc vakalara ve Fransa tarihine merak\u0131yla tan\u0131nan Amerikal\u0131 yazar Guy Endore, ayn\u0131 zamanda kom\u00fcnist g\u00f6r\u00fc\u015fleri nedeniyle kara listeye al\u0131nan ba\u015far\u0131l\u0131 Hollywood senaristlerindendi. En \u00fcnl\u00fc eseri Paris\u2019te Bir Kurtadam ise 1933\u2019te yay\u0131mland\u0131\u011f\u0131nda k\u0131sa s\u00fcrede \u00e7oksatan bir romana d\u00f6n\u00fc\u015ft\u00fc ve hem ak\u0131c\u0131l\u0131\u011f\u0131yla hem de derinlikli tarihsel ve siyasi yorumuyla kurtadam edebiyat\u0131n\u0131n mihenk ta\u015f\u0131 olarak kabul edildi.Akademik \u00e7al\u0131\u015fmalar\u0131n\u0131 Paris\u2019te s\u00fcrd\u00fcren bir adam\u0131n kar\u015f\u0131s\u0131na \u00e7\u00f6plerin aras\u0131nda tuhaf bir elyazmas\u0131 \u00e7\u0131kar. \u201cGalliez Raporu\u201d adl\u0131 bu evrak 1871 y\u0131l\u0131nda yarg\u0131lanan Astsubay Bertrand lehine yap\u0131lm\u0131\u015f olan savunmay\u0131 i\u00e7erir. Aymar Galliez\u2019e ait bu raporda Pitaval ve Pitamont ailelerinin aras\u0131ndaki lanetli kan davas\u0131ndan ba\u015flay\u0131p 1871\u2019deki Paris Kom\u00fcn\u00fc g\u00fcnlerine kadar uzanan ve merkezinde karanl\u0131k arzular\u0131yla ba\u015f etmeye \u00e7al\u0131\u015fan bir kurtadam\u0131n yer ald\u0131\u011f\u0131, hem \u00f6l\u00fcm ve \u015fehvet hem de h\u00fcz\u00fcn ve sefalet y\u00fckl\u00fc bir \u00f6yk\u00fc anlat\u0131l\u0131r.\u0130\u00e7indeki kurt sessiz, ama \u015fimdilik.<\/p>\n","protected":false},"excerpt":{"rendered":"<p>\u201cNas\u0131l oldu da idrak edemeyece\u011fimiz karanl\u0131k d\u00fcrt\u00fclerimizin oyunca\u011f\u0131 h\u00e2line geldik, i\u015fte Endore bunun \u00fczerinde duruyor.\u201d \u2013Michael DirdaDo\u011fa\u00fcst\u00fc vakalara ve Fransa tarihine merak\u0131yla tan\u0131nan Amerikal\u0131 yazar Guy<span class=\"excerpt-hellip\"> [\u2026]<\/span><\/p>\n","protected":false},"featured_media":0,"template":"","meta":{"_monsterinsights_skip_tracking":false,"_monsterinsights_sitenote_active":false,"_monsterinsights_sitenote_note":"","_monsterinsights_sitenote_category":0},"product_brand":[],"product_cat":[12291,17033],"product_tag":[],"class_list":{"0":"post-733092","1":"product","2":"type-product","3":"status-publish","5":"product_cat-edebiyat","6":"product_cat-korku-gerilim","7":"pa_cilt-ciltsiz","8":"pa_tur-kitap","9":"pa_yayinevi-ithaki-yayinlari","10":"pa_yazar-guy-endore","12":"first","13":"instock","14":"sale","15":"shipping-taxable","16":"purchasable","17":"product-type-simple"},"_links":{"self":[{"href":"https:\/\/roveyayinevi.com.tr\/index.php\/wp-json\/wp\/v2\/product\/733092","targetHints":{"allow":["GET"]}}],"collection":[{"href":"https:\/\/roveyayinevi.com.tr\/index.php\/wp-json\/wp\/v2\/product"}],"about":[{"href":"https:\/\/roveyayinevi.com.tr\/index.php\/wp-json\/wp\/v2\/types\/product"}],"wp:attachment":[{"href":"https:\/\/roveyayinevi.com.tr\/index.php\/wp-json\/wp\/v2\/media?parent=733092"}],"wp:term":[{"taxonomy":"product_brand","embeddable":true,"href":"https:\/\/roveyayinevi.com.tr\/index.php\/wp-json\/wp\/v2\/product_brand?post=733092"},{"taxonomy":"product_cat","embeddable":true,"href":"https:\/\/roveyayinevi.com.tr\/index.php\/wp-json\/wp\/v2\/product_cat?post=733092"},{"taxonomy":"product_tag","embeddable":true,"href":"https:\/\/roveyayinevi.com.tr\/index.php\/wp-json\/wp\/v2\/product_tag?post=733092"}],"curies":[{"name":"wp","href":"https:\/\/api.w.org\/{rel}","templated":true}]}}