{"id":733090,"date":"2025-08-27T22:03:20","date_gmt":"2025-08-27T19:03:20","guid":{"rendered":"https:\/\/roveyayinevi.com.tr\/index.php\/urun\/alayci-kus\/"},"modified":"2026-04-16T02:40:50","modified_gmt":"2026-04-15T23:40:50","slug":"alayci-kus","status":"publish","type":"product","link":"https:\/\/roveyayinevi.com.tr\/index.php\/urun\/alayci-kus\/","title":{"rendered":"Alayc\u0131 Ku\u015f"},"content":{"rendered":"<p>Vezir Gambiti ve D\u00fcnya\u2019ya D\u00fc\u015fen Adam\u2019\u0131n yazar\u0131 Walter Tevis\u2019ten Fahrenheit 451, Cesur Yeni D\u00fcnya ve 1984 gelene\u011finde, \u00e7arp\u0131c\u0131 bir distopya!Nebula En \u0130yi Roman \u00d6d\u00fcl\u00fc Aday\u0131\u201cAlayc\u0131 Ku\u015f, merkezine ald\u0131\u011f\u0131 konu ve okuman\u0131n yeniden ke\u015ffine verdi\u011fi \u00f6nemle, Fahrenheit 451\u2019in gayri resmi bir devam kitab\u0131 gibi.\u201d \u2013San Francisco Chronicle\u201cBilgisayarla\u015fman\u0131n tehlikesine dair pek \u00e7ok kitap okudum ama hi\u00e7biri Alayc\u0131 Ku\u015f kadar beni sarsmad\u0131. \u0130nsanlar\u0131n okuma yetisini, daha da k\u00f6t\u00fcs\u00fc okuma hevesini kaybetme olas\u0131l\u0131\u011f\u0131 fazlas\u0131yla muhtemel. \u00c7ok iyi yaz\u0131lm\u0131\u015f, \u00e7ok iyi bir kitap!\u201d \u2013Anne McCaffrey\u201cNEW York \u00c2deta Bir Mezarl\u0131k. Emp\u0131re State Binas\u0131 Da Onun Mezar Ta\u015f\u0131.\u201dWalter Tevis, bilimkurgunun \u00f6z\u00fcn\u00fc \u00e7ok iyi kavram\u0131\u015f, \u00e7a\u011f\u0131n\u0131n hem en asi hem de en yumu\u015fak ba\u015fl\u0131 yazarlar\u0131ndan biri. Yazar\u0131n D\u00fcnya\u2019ya D\u00fc\u015fen Adam ile birlikte en iyi bilimkurgu roman\u0131 olarak g\u00f6r\u00fclen Alayc\u0131 Ku\u015f ise istikrar, d\u00fczen, mutluluk gibi maskelerin alt\u0131na saklanmayan, deh\u015fetli ve melankolik bir distopya.Gelecek, insan n\u00fcfusunun fazlas\u0131yla azald\u0131\u011f\u0131, var olan insanlar\u0131n da ila\u00e7lar sayesinde intihardan uzak durdu\u011fu, robotlar\u0131n ve teknolojinin hegemonyas\u0131nda, kasvetli, postapokaliptik bir yer. Bu d\u00fcnyada ne sanat, ne kitap ne de yeni do\u011fan \u00e7ocuklar var. \u00d6yle bir d\u00fcnya ki insanlar ya\u015famaktansa diri diri yanmay\u0131 ye\u011fliyor.Ancak \u00fc\u00e7 ki\u015fi sayesinde bir umut \u0131\u015f\u0131\u011f\u0131 belirecekti: \u00f6lmek isteyen ama yaz\u0131l\u0131m\u0131 gere\u011fi kendini \u00f6ld\u00fcremeyen, d\u00fcnyan\u0131n h\u00e2kimi, yarat\u0131lan en kusursuz makine, robot Spofforth; kendi kendine okumay\u0131 \u00f6\u011frenerek b\u00fcy\u00fck bir su\u00e7 i\u015fleyen Paul; d\u00fczenin dayatt\u0131\u011f\u0131 ila\u00e7lardan ka\u00e7an Mary Lou.\u0130nsanl\u0131\u011f\u0131n kederinin en karanl\u0131k kuytular\u0131nda, sevginin m\u00fcmk\u00fcn olmad\u0131\u011f\u0131 bir d\u00fcnyada umut etme cesareti g\u00f6steren Mary Lou ile Paul\u2019\u00fcn yollar\u0131, Spofforth\u2019\u0131n ikilemleri y\u00fcz\u00fcnden hi\u00e7 ummad\u0131klar\u0131 bir bi\u00e7imde \u00e7atallanacak ve insanl\u0131\u011f\u0131n kaderini de\u011fi\u015ftirecekti.Alayc\u0131 Ku\u015f, ka\u00e7\u0131n\u0131lmaz sonuyla uzla\u015fan insanl\u0131\u011f\u0131n a\u011f\u0131t\u0131.Jonathan Lethem\u2019\u0131n \u00f6ns\u00f6z\u00fcyle<\/p>\n","protected":false},"excerpt":{"rendered":"<p>Vezir Gambiti ve D\u00fcnya\u2019ya D\u00fc\u015fen Adam\u2019\u0131n yazar\u0131 Walter Tevis\u2019ten Fahrenheit 451, Cesur Yeni D\u00fcnya ve 1984 gelene\u011finde, \u00e7arp\u0131c\u0131 bir distopya!Nebula En \u0130yi Roman \u00d6d\u00fcl\u00fc Aday\u0131\u201cAlayc\u0131 Ku\u015f,<span class=\"excerpt-hellip\"> [\u2026]<\/span><\/p>\n","protected":false},"featured_media":0,"template":"","meta":{"_monsterinsights_skip_tracking":false,"_monsterinsights_sitenote_active":false,"_monsterinsights_sitenote_note":"","_monsterinsights_sitenote_category":0},"product_brand":[],"product_cat":[12540,12291],"product_tag":[],"class_list":{"0":"post-733090","1":"product","2":"type-product","3":"status-publish","5":"product_cat-bilim-kurgu","6":"product_cat-edebiyat","7":"pa_cilt-ciltsiz","8":"pa_tur-kitap","9":"pa_yayinevi-ithaki-yayinlari","10":"pa_yazar-walter-tevis","12":"first","13":"instock","14":"sale","15":"shipping-taxable","16":"purchasable","17":"product-type-simple"},"_links":{"self":[{"href":"https:\/\/roveyayinevi.com.tr\/index.php\/wp-json\/wp\/v2\/product\/733090","targetHints":{"allow":["GET"]}}],"collection":[{"href":"https:\/\/roveyayinevi.com.tr\/index.php\/wp-json\/wp\/v2\/product"}],"about":[{"href":"https:\/\/roveyayinevi.com.tr\/index.php\/wp-json\/wp\/v2\/types\/product"}],"wp:attachment":[{"href":"https:\/\/roveyayinevi.com.tr\/index.php\/wp-json\/wp\/v2\/media?parent=733090"}],"wp:term":[{"taxonomy":"product_brand","embeddable":true,"href":"https:\/\/roveyayinevi.com.tr\/index.php\/wp-json\/wp\/v2\/product_brand?post=733090"},{"taxonomy":"product_cat","embeddable":true,"href":"https:\/\/roveyayinevi.com.tr\/index.php\/wp-json\/wp\/v2\/product_cat?post=733090"},{"taxonomy":"product_tag","embeddable":true,"href":"https:\/\/roveyayinevi.com.tr\/index.php\/wp-json\/wp\/v2\/product_tag?post=733090"}],"curies":[{"name":"wp","href":"https:\/\/api.w.org\/{rel}","templated":true}]}}