{"id":733089,"date":"2025-08-27T22:03:19","date_gmt":"2025-08-27T19:03:19","guid":{"rendered":"https:\/\/roveyayinevi.com.tr\/index.php\/urun\/antikapitalist-muslumanlik\/"},"modified":"2026-03-12T02:51:28","modified_gmt":"2026-03-11T23:51:28","slug":"antikapitalist-muslumanlik","status":"publish","type":"product","link":"https:\/\/roveyayinevi.com.tr\/index.php\/urun\/antikapitalist-muslumanlik\/","title":{"rendered":"Antikapitalist M\u00fcsl\u00fcmanl\u0131k"},"content":{"rendered":"<p>Biz M\u00fcsl\u00fcmanlar\u0131n sorumlulu\u011fu Muhammed\u2019in ya\u015fad\u0131\u011f\u0131 zamana k\u0131yasla daha da b\u00fcy\u00fcm\u00fc\u015ft\u00fcr. Art\u0131k \u00e7a\u011f\u0131m\u0131zda putlara tap\u0131lmamaktad\u0131r. Daha modern olarak ifade edilen \u015feylere tap\u0131lmaktad\u0131r. \u00c7a\u011f\u0131m\u0131zda tarihin hi\u00e7bir d\u00f6neminde olmad\u0131\u011f\u0131 kadar b\u00fcy\u00fck olan o \u015feye, Mamon\u2019a tap\u0131lmaktad\u0131r. Art\u0131k \u00e7a\u011f\u0131m\u0131zda \u015fah\u0131slara, bayraklara, topraklara, devletlere tap\u0131lmaktad\u0131r. S\u0131n\u0131rlar ve s\u0131n\u0131flar daha da belirginle\u015fmektedir. \u0130nsanlar\u0131n mekanik bir robot gibi duygusuzla\u015ft\u0131\u011f\u0131, d\u00fc\u015fene kimsenin el uzatmad\u0131\u011f\u0131, \u00e7\u0131kar ve menfaat ili\u015fkilerinin zirve yapt\u0131\u011f\u0131, kapitalizmin neredeyse oksijeni bile paraya \u00e7evirece\u011fi bu \u00e7a\u011fda biz M\u00fcsl\u00fcmanlar\u0131n s\u00f6yleyece\u011fi \u00e7ok \u015fey olmal\u0131d\u0131r. <\/p>\n","protected":false},"excerpt":{"rendered":"<p>Biz M\u00fcsl\u00fcmanlar\u0131n sorumlulu\u011fu Muhammed\u2019in ya\u015fad\u0131\u011f\u0131 zamana k\u0131yasla daha da b\u00fcy\u00fcm\u00fc\u015ft\u00fcr. Art\u0131k \u00e7a\u011f\u0131m\u0131zda putlara tap\u0131lmamaktad\u0131r. Daha modern olarak ifade edilen \u015feylere tap\u0131lmaktad\u0131r. \u00c7a\u011f\u0131m\u0131zda tarihin hi\u00e7bir d\u00f6neminde olmad\u0131\u011f\u0131<span class=\"excerpt-hellip\"> [\u2026]<\/span><\/p>\n","protected":false},"featured_media":0,"template":"","meta":{"_monsterinsights_skip_tracking":false,"_monsterinsights_sitenote_active":false,"_monsterinsights_sitenote_note":"","_monsterinsights_sitenote_category":0},"product_brand":[],"product_cat":[13036,12718,12719],"product_tag":[],"class_list":{"0":"post-733089","1":"product","2":"type-product","3":"status-publish","5":"product_cat-arastirma-inceleme-islam","6":"product_cat-din","7":"product_cat-islam","8":"pa_cilt-ciltsiz","9":"pa_tur-kitap","10":"pa_yayinevi-kirmizi-cati-yayinlari","11":"pa_yazar-ahmet-ozkaya","13":"first","14":"instock","15":"sale","16":"shipping-taxable","17":"purchasable","18":"product-type-simple"},"_links":{"self":[{"href":"https:\/\/roveyayinevi.com.tr\/index.php\/wp-json\/wp\/v2\/product\/733089","targetHints":{"allow":["GET"]}}],"collection":[{"href":"https:\/\/roveyayinevi.com.tr\/index.php\/wp-json\/wp\/v2\/product"}],"about":[{"href":"https:\/\/roveyayinevi.com.tr\/index.php\/wp-json\/wp\/v2\/types\/product"}],"wp:attachment":[{"href":"https:\/\/roveyayinevi.com.tr\/index.php\/wp-json\/wp\/v2\/media?parent=733089"}],"wp:term":[{"taxonomy":"product_brand","embeddable":true,"href":"https:\/\/roveyayinevi.com.tr\/index.php\/wp-json\/wp\/v2\/product_brand?post=733089"},{"taxonomy":"product_cat","embeddable":true,"href":"https:\/\/roveyayinevi.com.tr\/index.php\/wp-json\/wp\/v2\/product_cat?post=733089"},{"taxonomy":"product_tag","embeddable":true,"href":"https:\/\/roveyayinevi.com.tr\/index.php\/wp-json\/wp\/v2\/product_tag?post=733089"}],"curies":[{"name":"wp","href":"https:\/\/api.w.org\/{rel}","templated":true}]}}