{"id":733083,"date":"2025-08-27T22:03:13","date_gmt":"2025-08-27T19:03:13","guid":{"rendered":"https:\/\/roveyayinevi.com.tr\/index.php\/urun\/koken\/"},"modified":"2026-04-16T02:40:50","modified_gmt":"2026-04-15T23:40:50","slug":"koken","status":"publish","type":"product","link":"https:\/\/roveyayinevi.com.tr\/index.php\/urun\/koken\/","title":{"rendered":"K\u00f6ken"},"content":{"rendered":"<p>Bosna k\u00f6kenli yazar Sa\u0161a Stani\u0161i\u0107\u2019in 2019\u2019da Almanya\u2019da y\u0131l\u0131n kitab\u0131 se\u00e7ilen roman\u0131, h\u00fcz\u00fcnle ne\u015feyi, ya\u015fanm\u0131\u015f hayatla kurmacay\u0131 hemhal etmeyi ba\u015far\u0131yor. Vatan, vatanda\u015fl\u0131k \u00fczerine, bir yerde yerli olmak \u00fczerine&#8230; Avrupa, Do\u011fu-Bat\u0131, Balkan \u00fczerine&#8230; Haf\u0131za \u00fczerine&#8230; H\u0131ristiyan veya M\u00fcsl\u00fcman diye kaydedilmek \u00fczerine&#8230; B\u00fcy\u00fckbabalar b\u00fcy\u00fckanneler anneler babalar \u00fczerine&#8230; B\u00fcy\u00fcmek \u00fczerine&#8230; Bir hayat hik\u00e2yesi, K\u00f6ken. K\u00f6ken, da\u011f\u0131lan Yugoslavya\u2019dan, harap edilen Bosna\u2019dan Bat\u0131\u2019ya s\u0131\u011f\u0131nan bir ailenin, o ailenin \u00e7ocu\u011funun k\u00e2buslarla, hayallerle, anlamazl\u0131klarla, \u00e7ok h\u0131zl\u0131 olgunla\u015fmalarla, al\u0131\u015famamalar ve uyumlanmalarla dolu hayat hik\u00e2yesi. Hayatta kalmalardan hayat kuran bir hayat\u0131n hik\u00e2yesi. \u201cMuazzam bir kitap, insan\u0131n okumakla kalmay\u0131p evlat edinmek isteyece\u011fi t\u00fcrden.\u201d D\u0131rk Kn\u0131pphals, Tagesze\u0131tung<\/p>\n","protected":false},"excerpt":{"rendered":"<p>Bosna k\u00f6kenli yazar Sa\u0161a Stani\u0161i\u0107\u2019in 2019\u2019da Almanya\u2019da y\u0131l\u0131n kitab\u0131 se\u00e7ilen roman\u0131, h\u00fcz\u00fcnle ne\u015feyi, ya\u015fanm\u0131\u015f hayatla kurmacay\u0131 hemhal etmeyi ba\u015far\u0131yor. Vatan, vatanda\u015fl\u0131k \u00fczerine, bir yerde yerli olmak<span class=\"excerpt-hellip\"> [\u2026]<\/span><\/p>\n","protected":false},"featured_media":0,"template":"","meta":{"_monsterinsights_skip_tracking":false,"_monsterinsights_sitenote_active":false,"_monsterinsights_sitenote_note":"","_monsterinsights_sitenote_category":0},"product_brand":[],"product_cat":[12291,12711],"product_tag":[],"class_list":{"0":"post-733083","1":"product","2":"type-product","3":"status-publish","5":"product_cat-edebiyat","6":"product_cat-roman-oyku","7":"pa_cilt-ciltsiz","8":"pa_tur-kitap","9":"pa_yayinevi-iletisim-yayinlari","10":"pa_yazar-sasa-stanisic","12":"first","13":"instock","14":"sale","15":"shipping-taxable","16":"purchasable","17":"product-type-simple"},"_links":{"self":[{"href":"https:\/\/roveyayinevi.com.tr\/index.php\/wp-json\/wp\/v2\/product\/733083","targetHints":{"allow":["GET"]}}],"collection":[{"href":"https:\/\/roveyayinevi.com.tr\/index.php\/wp-json\/wp\/v2\/product"}],"about":[{"href":"https:\/\/roveyayinevi.com.tr\/index.php\/wp-json\/wp\/v2\/types\/product"}],"wp:attachment":[{"href":"https:\/\/roveyayinevi.com.tr\/index.php\/wp-json\/wp\/v2\/media?parent=733083"}],"wp:term":[{"taxonomy":"product_brand","embeddable":true,"href":"https:\/\/roveyayinevi.com.tr\/index.php\/wp-json\/wp\/v2\/product_brand?post=733083"},{"taxonomy":"product_cat","embeddable":true,"href":"https:\/\/roveyayinevi.com.tr\/index.php\/wp-json\/wp\/v2\/product_cat?post=733083"},{"taxonomy":"product_tag","embeddable":true,"href":"https:\/\/roveyayinevi.com.tr\/index.php\/wp-json\/wp\/v2\/product_tag?post=733083"}],"curies":[{"name":"wp","href":"https:\/\/api.w.org\/{rel}","templated":true}]}}