{"id":733082,"date":"2025-08-27T22:03:11","date_gmt":"2025-08-27T19:03:11","guid":{"rendered":"https:\/\/roveyayinevi.com.tr\/index.php\/urun\/deniz-kenarinda\/"},"modified":"2026-04-08T02:50:05","modified_gmt":"2026-04-07T23:50:05","slug":"deniz-kenarinda","status":"publish","type":"product","link":"https:\/\/roveyayinevi.com.tr\/index.php\/urun\/deniz-kenarinda\/","title":{"rendered":"Deniz Kenar\u0131nda"},"content":{"rendered":"<p>Deniz Kenar\u0131nda go\u0308c\u0327 deneyiminin yol ac\u0327t\u0131g\u0306\u0131 kimlik karmas\u0327as\u0131, aidiyet sorunu ve ku\u0308ltu\u0308rel etkiles\u0327im u\u0308zerine sars\u0131c\u0131 bir roman. \u00dclkesinden sahte bir pasaportla kac\u0327\u0131p I\u0307ngiltere\u2019ye s\u0131g\u0306\u0131nma talebinde bulunan Salih O\u0308mer\u2019in eski hayat\u0131yla yeni hayat\u0131 aras\u0131ndaki es\u0327ikte bir pasaport memuru durmaktad\u0131r. Bir mu\u0308lteci olarak ayak bast\u0131g\u0306\u0131 yeni u\u0308lkede I\u0307ngilizce bildig\u0306ini saklayarak go\u0308ru\u0308nmez olmay\u0131 sec\u0327en ve bir tu\u0308r pasif direnis\u0327 sergileyen Salih O\u0308mer zamanla hika\u0302yesini c\u0327evresindeki insanlara anlatmay\u0131 o\u0308g\u0306renir. I\u0307ngiltere\u2019de tan\u0131s\u0327t\u0131g\u0306\u0131 Latif\u2019le ilis\u0327kisi ise onu kendi gec\u0327mis\u0327iyle yu\u0308zles\u0327meye go\u0308tu\u0308ru\u0308r. As\u0327k, ihanet, mu\u0308ltecilik ve yabanc\u0131l\u0131k deneyimlerinin so\u0308mu\u0308rgecilik c\u0327ag\u0306\u0131ndaki anlamlar\u0131na dair sars\u0131c\u0131 bir anlat\u0131 sunan Deniz Kenar\u0131nda, Abdulrazak Gurnah\u2019\u0131n unutulmaz yap\u0131tlar\u0131ndan biri. \u201cDeniz Kenar\u0131nda, Gurnah\u2019\u0131n c\u0327ag\u0306\u0131m\u0131z\u0131n en o\u0308nemli seslerinden biri oldug\u0306unu kan\u0131tlayan zengin, etkileyici ve hakikat dolu bir roman.\u201d Am\u0131tav Ghosh \u201cDeniz Kenar\u0131nda, so\u0308mu\u0308rgecilik sonras\u0131 Afrika\u2019da yer deg\u0306is\u0327tirme ve go\u0308c\u0327 deneyiminin yaratt\u0131g\u0306\u0131 travmaya dair bu\u0308yu\u0308leyici bir roman.\u201d Mustapha Kharoua<\/p>\n","protected":false},"excerpt":{"rendered":"<p>Deniz Kenar\u0131nda go\u0308c\u0327 deneyiminin yol ac\u0327t\u0131g\u0306\u0131 kimlik karmas\u0327as\u0131, aidiyet sorunu ve ku\u0308ltu\u0308rel etkiles\u0327im u\u0308zerine sars\u0131c\u0131 bir roman. \u00dclkesinden sahte bir pasaportla kac\u0327\u0131p I\u0307ngiltere\u2019ye s\u0131g\u0306\u0131nma talebinde bulunan<span class=\"excerpt-hellip\"> [\u2026]<\/span><\/p>\n","protected":false},"featured_media":0,"template":"","meta":{"_monsterinsights_skip_tracking":false,"_monsterinsights_sitenote_active":false,"_monsterinsights_sitenote_note":"","_monsterinsights_sitenote_category":0},"product_brand":[],"product_cat":[12291,12711],"product_tag":[],"class_list":{"0":"post-733082","1":"product","2":"type-product","3":"status-publish","5":"product_cat-edebiyat","6":"product_cat-roman-oyku","7":"pa_cilt-ciltsiz","8":"pa_tur-kitap","9":"pa_yayinevi-iletisim-yayinlari","10":"pa_yazar-abdulrazak-gurnah","12":"first","13":"instock","14":"sale","15":"shipping-taxable","16":"purchasable","17":"product-type-simple"},"_links":{"self":[{"href":"https:\/\/roveyayinevi.com.tr\/index.php\/wp-json\/wp\/v2\/product\/733082","targetHints":{"allow":["GET"]}}],"collection":[{"href":"https:\/\/roveyayinevi.com.tr\/index.php\/wp-json\/wp\/v2\/product"}],"about":[{"href":"https:\/\/roveyayinevi.com.tr\/index.php\/wp-json\/wp\/v2\/types\/product"}],"wp:attachment":[{"href":"https:\/\/roveyayinevi.com.tr\/index.php\/wp-json\/wp\/v2\/media?parent=733082"}],"wp:term":[{"taxonomy":"product_brand","embeddable":true,"href":"https:\/\/roveyayinevi.com.tr\/index.php\/wp-json\/wp\/v2\/product_brand?post=733082"},{"taxonomy":"product_cat","embeddable":true,"href":"https:\/\/roveyayinevi.com.tr\/index.php\/wp-json\/wp\/v2\/product_cat?post=733082"},{"taxonomy":"product_tag","embeddable":true,"href":"https:\/\/roveyayinevi.com.tr\/index.php\/wp-json\/wp\/v2\/product_tag?post=733082"}],"curies":[{"name":"wp","href":"https:\/\/api.w.org\/{rel}","templated":true}]}}