{"id":733078,"date":"2025-08-27T22:03:07","date_gmt":"2025-08-27T19:03:07","guid":{"rendered":"https:\/\/roveyayinevi.com.tr\/index.php\/urun\/adalet-pesinde-sherlock-holmes\/"},"modified":"2026-04-16T02:40:50","modified_gmt":"2026-04-15T23:40:50","slug":"adalet-pesinde-sherlock-holmes","status":"publish","type":"product","link":"https:\/\/roveyayinevi.com.tr\/index.php\/urun\/adalet-pesinde-sherlock-holmes\/","title":{"rendered":"Adalet Pe\u015finde &#8211; Sherlock Holmes"},"content":{"rendered":"<p>\u201c\u0130mkans\u0131z\u0131 \u00e7\u0131kard\u0131\u011f\u0131nda elinde kalan tek \u015fey ger\u00e7eklerdir.\u201dYazar Sir Arthur Conan Doyle taraf\u0131ndan yarat\u0131lan hayali dedektif Sherlock Holmes, polisiye edebiyat\u0131n\u0131n ilk karakterlerindn biridir. Ola\u011fan\u00fcst\u00fc bir zekaya ve s\u0131ra d\u0131\u015f\u0131 yakla\u015f\u0131mlara sahip olan bu dedektif, y\u00fczy\u0131l\u0131 a\u015fk\u0131n bir s\u00fcredir varl\u0131\u011f\u0131n\u0131 koruyarak, yazar\u0131n\u0131 a\u015fm\u0131\u015f,adeta ger\u00e7ek bir ki\u015filikmi\u015f gibi haf\u0131zalara kaz\u0131nm\u0131\u015ft\u0131r. Ele ald\u0131\u011f\u0131 her davada, okuyucuyu \u015fa\u015fk\u0131nl\u0131\u011f\u0131 d\u00fc\u015f\u00fcren detaylar\u0131 g\u00f6rme yetene\u011fine sahip olan Sherlock Holmes, bu kitapta da sizi \u015fa\u015f\u0131rtmaya devam ediyor..<\/p>\n","protected":false},"excerpt":{"rendered":"<p>\u201c\u0130mkans\u0131z\u0131 \u00e7\u0131kard\u0131\u011f\u0131nda elinde kalan tek \u015fey ger\u00e7eklerdir.\u201dYazar Sir Arthur Conan Doyle taraf\u0131ndan yarat\u0131lan hayali dedektif Sherlock Holmes, polisiye edebiyat\u0131n\u0131n ilk karakterlerindn biridir. Ola\u011fan\u00fcst\u00fc bir zekaya ve<span class=\"excerpt-hellip\"> [\u2026]<\/span><\/p>\n","protected":false},"featured_media":0,"template":"","meta":{"_monsterinsights_skip_tracking":false,"_monsterinsights_sitenote_active":false,"_monsterinsights_sitenote_note":"","_monsterinsights_sitenote_category":0},"product_brand":[],"product_cat":[12291,15445],"product_tag":[],"class_list":{"0":"post-733078","1":"product","2":"type-product","3":"status-publish","5":"product_cat-edebiyat","6":"product_cat-polisiye","7":"pa_cilt-ciltsiz","8":"pa_tur-kitap","9":"pa_yayinevi-fark-yayinlari","10":"pa_yazar-sir-arthur-conan-doyle","12":"first","13":"instock","14":"sale","15":"shipping-taxable","16":"purchasable","17":"product-type-simple"},"_links":{"self":[{"href":"https:\/\/roveyayinevi.com.tr\/index.php\/wp-json\/wp\/v2\/product\/733078","targetHints":{"allow":["GET"]}}],"collection":[{"href":"https:\/\/roveyayinevi.com.tr\/index.php\/wp-json\/wp\/v2\/product"}],"about":[{"href":"https:\/\/roveyayinevi.com.tr\/index.php\/wp-json\/wp\/v2\/types\/product"}],"wp:attachment":[{"href":"https:\/\/roveyayinevi.com.tr\/index.php\/wp-json\/wp\/v2\/media?parent=733078"}],"wp:term":[{"taxonomy":"product_brand","embeddable":true,"href":"https:\/\/roveyayinevi.com.tr\/index.php\/wp-json\/wp\/v2\/product_brand?post=733078"},{"taxonomy":"product_cat","embeddable":true,"href":"https:\/\/roveyayinevi.com.tr\/index.php\/wp-json\/wp\/v2\/product_cat?post=733078"},{"taxonomy":"product_tag","embeddable":true,"href":"https:\/\/roveyayinevi.com.tr\/index.php\/wp-json\/wp\/v2\/product_tag?post=733078"}],"curies":[{"name":"wp","href":"https:\/\/api.w.org\/{rel}","templated":true}]}}