{"id":733076,"date":"2025-08-27T22:03:04","date_gmt":"2025-08-27T19:03:04","guid":{"rendered":"https:\/\/roveyayinevi.com.tr\/index.php\/urun\/ruzgarin-kizi-emily-ii-emily-tirmaniyor\/"},"modified":"2026-04-16T02:40:50","modified_gmt":"2026-04-15T23:40:50","slug":"ruzgarin-kizi-emily-ii-emily-tirmaniyor","status":"publish","type":"product","link":"https:\/\/roveyayinevi.com.tr\/index.php\/urun\/ruzgarin-kizi-emily-ii-emily-tirmaniyor\/","title":{"rendered":"R\u00fczgar\u0131n K\u0131z\u0131 Emily  II &#8211; Emily T\u0131rman\u0131yor"},"content":{"rendered":"<p>Emily\u2019nin ya\u015fam yolculu\u011fu, serinin ikinci kitab\u0131 Emily T\u0131rman\u0131yor ile kald\u0131\u011f\u0131 yerden devam etmekte.  Art\u0131k \u00e7ocukluk \u00e7a\u011flar\u0131n\u0131n geride kald\u0131\u011f\u0131 ger\u00e7e\u011fi ile y\u00fczle\u015fmek zorunda olan Emily, gen\u00e7lik g\u00fcnlerinin karma\u015fas\u0131ndan yine s\u0131n\u0131rs\u0131z hayal d\u00fcnyas\u0131na s\u0131\u011f\u0131narak ve g\u00fc\u00e7l\u00fc ki\u015fili\u011fine tutunarak kurtulmaya \u00e7al\u0131\u015fmaktad\u0131r.  Hayat\u0131n zaman zaman Emily\u2019yi g\u00fcvenli bir liman olarak g\u00f6rd\u00fc\u011f\u00fc Yeni Ay\u2019dan ay\u0131rmaya ve yeni \u00e7evrelere girmeye zorlad\u0131\u011f\u0131 bu d\u00f6nemde, Emily\u2019nin kar\u015f\u0131la\u015ft\u0131\u011f\u0131 zorluklara nevi \u015fahs\u0131na m\u00fcnhas\u0131r karakteri ve ola\u011fand\u0131\u015f\u0131 bak\u0131\u015f a\u00e7\u0131s\u0131 ile buldu\u011fu s\u0131ra d\u0131\u015f\u0131 \u00e7\u00f6z\u00fcmlere g\u00fcl\u00fcmseyerek \u015fahit olacaks\u0131n\u0131z. Hayata adeta yazmak i\u00e7in g\u00f6nderilmi\u015f Emily\u2019nin t\u00fcm imk\u00e2ns\u0131zl\u0131klara ra\u011fmen yazmaya devam etti\u011fi ve ba\u015far\u0131s\u0131zl\u0131klardan y\u0131lmadan ba\u015far\u0131lardan \u015f\u0131marmadan yazma tutkusunun ruhuna per\u00e7inlenerek Emily i\u00e7in nas\u0131l bir ya\u015fam \u015fekline d\u00f6n\u00fc\u015ft\u00fc\u011f\u00fc ger\u00e7e\u011fini sayfalarda bulacaks\u0131n\u0131z. Usta yazar Montgomery\u2019nin, ruhunu \u00e7elikten bir kal\u0131ba d\u00f6kt\u00fc\u011f\u00fc ve ki\u015fili\u011fini b\u00fcy\u00fck ac\u0131lar, k\u00fc\u00e7\u00fck sevin\u00e7lerle sat\u0131rlar\u0131nda ilmek ilmek i\u015fledi\u011fi Emily\u2019yi, \u00f6nce hayat\u0131n en tehlikeli sular\u0131na nas\u0131l dald\u0131rd\u0131\u011f\u0131n\u0131 ve sonra huzur dolu sahillere nas\u0131l ula\u015ft\u0131rd\u0131\u011f\u0131n\u0131 nefesinizi tutarak ve kalbinizin \u00e7arpma sesini duyarak okuyacaks\u0131n\u0131z. Emily\u2019nin hayat felsefesini yans\u0131tan \u015fu sat\u0131rlara g\u00f6z\u00fcn\u00fcz ili\u015fti\u011finde, bu \u015fekilde ya\u015faman\u0131n belki mutlulu\u011fun anahtar\u0131 oldu\u011funa siz de hak vereceksiniz; \u201cSonu\u00e7 olarak s\u00f6yleyece\u011fim \u015fu ki, ba\u015fka insanlar\u0131 mutlu etmek i\u00e7in ya\u015faman\u0131n hi\u00e7bir anlam\u0131 yok. Yap\u0131lmaya de\u011fer tek \u015fey, istedi\u011fin gibi ya\u015famak. Her \u015feye ra\u011fmen ben kendime inan\u0131yorum.\u201d <\/p>\n","protected":false},"excerpt":{"rendered":"<p>Emily\u2019nin ya\u015fam yolculu\u011fu, serinin ikinci kitab\u0131 Emily T\u0131rman\u0131yor ile kald\u0131\u011f\u0131 yerden devam etmekte. Art\u0131k \u00e7ocukluk \u00e7a\u011flar\u0131n\u0131n geride kald\u0131\u011f\u0131 ger\u00e7e\u011fi ile y\u00fczle\u015fmek zorunda olan Emily, gen\u00e7lik g\u00fcnlerinin<span class=\"excerpt-hellip\"> [\u2026]<\/span><\/p>\n","protected":false},"featured_media":0,"template":"","meta":{"_monsterinsights_skip_tracking":false,"_monsterinsights_sitenote_active":false,"_monsterinsights_sitenote_note":"","_monsterinsights_sitenote_category":0},"product_brand":[],"product_cat":[12291,26797],"product_tag":[],"class_list":{"0":"post-733076","1":"product","2":"type-product","3":"status-publish","5":"product_cat-edebiyat","6":"product_cat-modern-klasikler","7":"pa_cilt-ciltsiz","8":"pa_tur-kitap","9":"pa_yayinevi-cem-yayinevi","10":"pa_yazar-lucy-maud-montgomery","12":"first","13":"instock","14":"sale","15":"shipping-taxable","16":"purchasable","17":"product-type-simple"},"_links":{"self":[{"href":"https:\/\/roveyayinevi.com.tr\/index.php\/wp-json\/wp\/v2\/product\/733076","targetHints":{"allow":["GET"]}}],"collection":[{"href":"https:\/\/roveyayinevi.com.tr\/index.php\/wp-json\/wp\/v2\/product"}],"about":[{"href":"https:\/\/roveyayinevi.com.tr\/index.php\/wp-json\/wp\/v2\/types\/product"}],"wp:attachment":[{"href":"https:\/\/roveyayinevi.com.tr\/index.php\/wp-json\/wp\/v2\/media?parent=733076"}],"wp:term":[{"taxonomy":"product_brand","embeddable":true,"href":"https:\/\/roveyayinevi.com.tr\/index.php\/wp-json\/wp\/v2\/product_brand?post=733076"},{"taxonomy":"product_cat","embeddable":true,"href":"https:\/\/roveyayinevi.com.tr\/index.php\/wp-json\/wp\/v2\/product_cat?post=733076"},{"taxonomy":"product_tag","embeddable":true,"href":"https:\/\/roveyayinevi.com.tr\/index.php\/wp-json\/wp\/v2\/product_tag?post=733076"}],"curies":[{"name":"wp","href":"https:\/\/api.w.org\/{rel}","templated":true}]}}