{"id":733075,"date":"2025-08-27T22:03:03","date_gmt":"2025-08-27T19:03:03","guid":{"rendered":"https:\/\/roveyayinevi.com.tr\/index.php\/urun\/son-ve-ilk-insanlar\/"},"modified":"2026-04-16T02:40:50","modified_gmt":"2026-04-15T23:40:50","slug":"son-ve-ilk-insanlar","status":"publish","type":"product","link":"https:\/\/roveyayinevi.com.tr\/index.php\/urun\/son-ve-ilk-insanlar\/","title":{"rendered":"Son Ve Ilk Insanlar"},"content":{"rendered":"<p>Olaf Stapledon, bilimkurgu d\u00fcnyas\u0131n\u0131n b\u00fcy\u00fck sayg\u0131 duydu\u011fu ama nedense o d\u00fcnya haricinde \u00e7ok az tan\u0131nan bir yazard\u0131r. 2014\u2019de Bilimkurgu ve Fantezi Onur Listesi\u2019ne al\u0131nan Stapledon, Arthur C. Clark\u2019tan Stanislaw Lem\u2019e pek \u00e7ok bilimkurgu ustas\u0131n\u0131 etkilemi\u015f bir \u00f6nc\u00fcd\u00fcr.  Bireysel ak\u0131llar\u0131n bile\u015fkesi bir \u00dcst\u00fcn Ak\u0131l yarat\u0131l\u0131r ama o bile evrenin gizemini \u00e7\u00f6zemez. \u0130\u015fte tam Stapledon\u2019a has bir durum. Son ve \u0130lk \u0130nsanlar, Stapledon\u2019un d\u00fcnyas\u0131na ili\u015fkin benzeri anahtarlar\u0131 bulabilece\u011finiz bir ilk roman. Topluluk \u00fclk\u00fcs\u00fc ve insan varolu\u015funa anlam kazand\u0131ran ruhsal ya\u015fant\u0131y\u0131 milyonlarca y\u0131l boyunca takip eden Stapledon, sizi d\u00fc\u015f\u00fcnsel bir meditasyona sokacakt\u0131r. <\/p>\n","protected":false},"excerpt":{"rendered":"<p>Olaf Stapledon, bilimkurgu d\u00fcnyas\u0131n\u0131n b\u00fcy\u00fck sayg\u0131 duydu\u011fu ama nedense o d\u00fcnya haricinde \u00e7ok az tan\u0131nan bir yazard\u0131r. 2014\u2019de Bilimkurgu ve Fantezi Onur Listesi\u2019ne al\u0131nan Stapledon, Arthur<span class=\"excerpt-hellip\"> [\u2026]<\/span><\/p>\n","protected":false},"featured_media":0,"template":"","meta":{"_monsterinsights_skip_tracking":false,"_monsterinsights_sitenote_active":false,"_monsterinsights_sitenote_note":"","_monsterinsights_sitenote_category":0},"product_brand":[],"product_cat":[12540,12291],"product_tag":[],"class_list":{"0":"post-733075","1":"product","2":"type-product","3":"status-publish","5":"product_cat-bilim-kurgu","6":"product_cat-edebiyat","7":"pa_cilt-ciltsiz","8":"pa_tur-kitap","9":"pa_yayinevi-cem-yayinevi","10":"pa_yazar-olaf-stapledon","12":"first","13":"instock","14":"sale","15":"shipping-taxable","16":"purchasable","17":"product-type-simple"},"_links":{"self":[{"href":"https:\/\/roveyayinevi.com.tr\/index.php\/wp-json\/wp\/v2\/product\/733075","targetHints":{"allow":["GET"]}}],"collection":[{"href":"https:\/\/roveyayinevi.com.tr\/index.php\/wp-json\/wp\/v2\/product"}],"about":[{"href":"https:\/\/roveyayinevi.com.tr\/index.php\/wp-json\/wp\/v2\/types\/product"}],"wp:attachment":[{"href":"https:\/\/roveyayinevi.com.tr\/index.php\/wp-json\/wp\/v2\/media?parent=733075"}],"wp:term":[{"taxonomy":"product_brand","embeddable":true,"href":"https:\/\/roveyayinevi.com.tr\/index.php\/wp-json\/wp\/v2\/product_brand?post=733075"},{"taxonomy":"product_cat","embeddable":true,"href":"https:\/\/roveyayinevi.com.tr\/index.php\/wp-json\/wp\/v2\/product_cat?post=733075"},{"taxonomy":"product_tag","embeddable":true,"href":"https:\/\/roveyayinevi.com.tr\/index.php\/wp-json\/wp\/v2\/product_tag?post=733075"}],"curies":[{"name":"wp","href":"https:\/\/api.w.org\/{rel}","templated":true}]}}