{"id":733074,"date":"2025-08-27T22:03:02","date_gmt":"2025-08-27T19:03:02","guid":{"rendered":"https:\/\/roveyayinevi.com.tr\/index.php\/urun\/1984-17\/"},"modified":"2026-04-16T02:40:50","modified_gmt":"2026-04-15T23:40:50","slug":"1984-17","status":"publish","type":"product","link":"https:\/\/roveyayinevi.com.tr\/index.php\/urun\/1984-17\/","title":{"rendered":"1984"},"content":{"rendered":"<p>Avrupa\u2019da avarelik, Asya\u2019daki \u0130ngiliz s\u00f6m\u00fcrgelerinde polislik, \u0130spanya \u0130\u00e7 Sava\u015f\u0131\u2019nda g\u00f6n\u00fcll\u00fc \u00e7arp\u0131\u015fma, bir keskin ni\u015fanc\u0131n\u0131n hedefi olup \u00f6l\u00fcmden d\u00f6nme\u2026 George Orwell, ya\u015fam\u0131 da yap\u0131tlar\u0131 denli ilgi \u00e7ekici bir yazard\u0131. G\u00f6z\u00fcpek bir ele\u015ftirmen, s\u0131k\u0131 bir hicivci olarak \u00e7ok say\u0131da ba\u015far\u0131l\u0131 kitap yazm\u0131\u015ft\u0131. Pek \u00e7ok eseri aras\u0131nda, 1984 ayr\u0131ks\u0131 bir yere sahiptir. George Orwell 1984\u2019\u00fc yay\u0131nlad\u0131\u011f\u0131nda, y\u0131l 1948\u2019di. 2. D\u00fcnya Sava\u015f\u0131\u2019n\u0131n izleri taze, 1984 y\u0131l\u0131 hen\u00fcz \u00e7ok uzakt\u0131. Fakat 1984 y\u0131l\u0131na \u00e7abuk ula\u015ft\u0131k, t\u0131pk\u0131 Orwell\u2019in roman\u0131nda \u00e7izdi\u011fi d\u00fcnyaya sand\u0131\u011f\u0131m\u0131zdan \u00e7abuk ula\u015ft\u0131\u011f\u0131m\u0131z gibi. K\u00e2hince bir \u00f6ng\u00f6r\u00fcyle yaz\u0131lan 1984, B\u00fcy\u00fck Birader mefhumunu ya\u015fam\u0131m\u0131za sokan roman olarak tarihe ge\u00e7meyi hak etmi\u015ftir. Sadece edebiyat tarihi a\u00e7\u0131s\u0131ndan de\u011fil, 1984 sosyal bilimlerin her alan\u0131nda \u00f6zel incelenmesi gereken bir eserdir<\/p>\n","protected":false},"excerpt":{"rendered":"<p>Avrupa\u2019da avarelik, Asya\u2019daki \u0130ngiliz s\u00f6m\u00fcrgelerinde polislik, \u0130spanya \u0130\u00e7 Sava\u015f\u0131\u2019nda g\u00f6n\u00fcll\u00fc \u00e7arp\u0131\u015fma, bir keskin ni\u015fanc\u0131n\u0131n hedefi olup \u00f6l\u00fcmden d\u00f6nme\u2026 George Orwell, ya\u015fam\u0131 da yap\u0131tlar\u0131 denli ilgi \u00e7ekici<span class=\"excerpt-hellip\"> [\u2026]<\/span><\/p>\n","protected":false},"featured_media":0,"template":"","meta":{"_monsterinsights_skip_tracking":false,"_monsterinsights_sitenote_active":false,"_monsterinsights_sitenote_note":"","_monsterinsights_sitenote_category":0},"product_brand":[],"product_cat":[12540,12291],"product_tag":[],"class_list":{"0":"post-733074","1":"product","2":"type-product","3":"status-publish","5":"product_cat-bilim-kurgu","6":"product_cat-edebiyat","7":"pa_cilt-ciltsiz","8":"pa_tur-kitap","9":"pa_yayinevi-cem-yayinevi","10":"pa_yazar-george-orwell","12":"first","13":"instock","14":"sale","15":"shipping-taxable","16":"purchasable","17":"product-type-simple"},"_links":{"self":[{"href":"https:\/\/roveyayinevi.com.tr\/index.php\/wp-json\/wp\/v2\/product\/733074","targetHints":{"allow":["GET"]}}],"collection":[{"href":"https:\/\/roveyayinevi.com.tr\/index.php\/wp-json\/wp\/v2\/product"}],"about":[{"href":"https:\/\/roveyayinevi.com.tr\/index.php\/wp-json\/wp\/v2\/types\/product"}],"wp:attachment":[{"href":"https:\/\/roveyayinevi.com.tr\/index.php\/wp-json\/wp\/v2\/media?parent=733074"}],"wp:term":[{"taxonomy":"product_brand","embeddable":true,"href":"https:\/\/roveyayinevi.com.tr\/index.php\/wp-json\/wp\/v2\/product_brand?post=733074"},{"taxonomy":"product_cat","embeddable":true,"href":"https:\/\/roveyayinevi.com.tr\/index.php\/wp-json\/wp\/v2\/product_cat?post=733074"},{"taxonomy":"product_tag","embeddable":true,"href":"https:\/\/roveyayinevi.com.tr\/index.php\/wp-json\/wp\/v2\/product_tag?post=733074"}],"curies":[{"name":"wp","href":"https:\/\/api.w.org\/{rel}","templated":true}]}}