{"id":733071,"date":"2025-08-27T22:03:00","date_gmt":"2025-08-27T19:03:00","guid":{"rendered":"https:\/\/roveyayinevi.com.tr\/index.php\/urun\/endustri-4-0-ve-turkiye-ekonomisi\/"},"modified":"2026-04-16T02:40:50","modified_gmt":"2026-04-15T23:40:50","slug":"endustri-4-0-ve-turkiye-ekonomisi","status":"publish","type":"product","link":"https:\/\/roveyayinevi.com.tr\/index.php\/urun\/endustri-4-0-ve-turkiye-ekonomisi\/","title":{"rendered":"End\u00fcstri 4.0 ve T\u00fcrkiye Ekonomisi"},"content":{"rendered":"<p>\u0130lk olarak Hannover End\u00fcstri Fuar\u0131&#8217;nda 2011 y\u0131l\u0131nda a\u00e7\u0131k\u00e7a tan\u0131mlanm\u0131\u015f olan End\u00fcstri 4.0; nesnelerin interneti, siber-fiziksel sistemler ve ak\u0131ll\u0131 fabrikalar\u0131n ana eksen olaca\u011f\u0131 yeni bir end\u00fcstriyel \u00e7a\u011f\u0131 i\u015faret etmektedir. End\u00fcstri 4.0 kapsam\u0131nda yapay zeka, art\u0131r\u0131lm\u0131\u015f ger\u00e7eklik, b\u00fcy\u00fck veri, makineler aras\u0131 etkile\u015fim, siber g\u00fcvenlik ve blokzincir gibi kavramlar\u0131 s\u0131kl\u0131kla kullanmaya ba\u015flad\u0131\u011f\u0131m\u0131z bu son y\u0131llarda, ekonomilerin bu ge\u00e7i\u015f s\u00fcrecindeki performanslar\u0131 rekabet\u00e7i \u00fcst\u00fcnl\u00fckleri a\u00e7\u0131s\u0131ndan kritik bir unsur haline gelmi\u015ftir. Bu noktada T\u00fcrkiye ekonomisinin mevcut durumu ve \u00e7a\u011f\u0131n end\u00fcstriyel devrimini yakalamak i\u00e7in yap\u0131lmas\u0131 gerekenler ise son d\u00f6nemlerde gerek reel sekt\u00f6rde gerekse de akademide yo\u011fun \u015fekilde tart\u0131\u015f\u0131lan konular olmu\u015ftur. Bu kitapta ise End\u00fcstri 4.0 ekseninde T\u00fcrkiye ekonomisinin mevcut durumu hem makroekonomik g\u00f6stergeler hem de sekt\u00f6rel geli\u015fmeler \u0131\u015f\u0131\u011f\u0131nda bir arada ele al\u0131nmakta; farkl\u0131 politika boyutlar\u0131na g\u00f6re yap\u0131lmas\u0131 gerekenler tart\u0131\u015f\u0131lmaktad\u0131r. Her biri alan\u0131nda uzman akademisyenlerin kendi perspektiflerinden de\u011ferlendirdikleri T\u00fcrkiye ekonomisinin, End\u00fcstri 4.0&#8217;a adaptasyon s\u00fcrecinde ne durumda oldu\u011funu ve h\u0131zl\u0131 adaptasyonu sa\u011flamak \u00fczere neler yap\u0131lmas\u0131 gerekti\u011fini bu kitapta bulabilirsiniz. T\u00fcrkiye ekonomisinin ge\u00e7mi\u015ften g\u00fcn\u00fcm\u00fcze geli\u015fimini ana hatlar\u0131yla g\u00f6rmek istiyorsan\u0131z; T\u00fcrkiye&#8217;de sekt\u00f6rlerin End\u00fcstri 4.0&#8217;a ge\u00e7i\u015fte hangi a\u015famalarda oldu\u011funu merak ediyorsan\u0131z; e\u011fitim, sa\u011fl\u0131k, sosyal g\u00fcvenlik ve \u00e7evre a\u00e7\u0131lar\u0131ndan End\u00fcstri 4.0 ba\u011flam\u0131nda T\u00fcrkiye i\u00e7in neler yap\u0131lmas\u0131 gerekti\u011fini ara\u015ft\u0131r\u0131yorsan\u0131z bu kitap size yard\u0131mc\u0131 olacakt\u0131r.<\/p>\n","protected":false},"excerpt":{"rendered":"<p>\u0130lk olarak Hannover End\u00fcstri Fuar\u0131&#8217;nda 2011 y\u0131l\u0131nda a\u00e7\u0131k\u00e7a tan\u0131mlanm\u0131\u015f olan End\u00fcstri 4.0; nesnelerin interneti, siber-fiziksel sistemler ve ak\u0131ll\u0131 fabrikalar\u0131n ana eksen olaca\u011f\u0131 yeni bir end\u00fcstriyel \u00e7a\u011f\u0131<span class=\"excerpt-hellip\"> [\u2026]<\/span><\/p>\n","protected":false},"featured_media":0,"template":"","meta":{"_monsterinsights_skip_tracking":false,"_monsterinsights_sitenote_active":false,"_monsterinsights_sitenote_note":"","_monsterinsights_sitenote_category":0},"product_brand":[],"product_cat":[20333,13043],"product_tag":[],"class_list":{"0":"post-733071","1":"product","2":"type-product","3":"status-publish","5":"product_cat-diger-ekonomi","6":"product_cat-ekonomi","7":"pa_cilt-ciltsiz","8":"pa_tur-kitap","9":"pa_yayinevi-orion-kitabevi","10":"pa_yazar-burcu-turkcan","12":"first","13":"instock","14":"sale","15":"shipping-taxable","16":"purchasable","17":"product-type-simple"},"_links":{"self":[{"href":"https:\/\/roveyayinevi.com.tr\/index.php\/wp-json\/wp\/v2\/product\/733071","targetHints":{"allow":["GET"]}}],"collection":[{"href":"https:\/\/roveyayinevi.com.tr\/index.php\/wp-json\/wp\/v2\/product"}],"about":[{"href":"https:\/\/roveyayinevi.com.tr\/index.php\/wp-json\/wp\/v2\/types\/product"}],"wp:attachment":[{"href":"https:\/\/roveyayinevi.com.tr\/index.php\/wp-json\/wp\/v2\/media?parent=733071"}],"wp:term":[{"taxonomy":"product_brand","embeddable":true,"href":"https:\/\/roveyayinevi.com.tr\/index.php\/wp-json\/wp\/v2\/product_brand?post=733071"},{"taxonomy":"product_cat","embeddable":true,"href":"https:\/\/roveyayinevi.com.tr\/index.php\/wp-json\/wp\/v2\/product_cat?post=733071"},{"taxonomy":"product_tag","embeddable":true,"href":"https:\/\/roveyayinevi.com.tr\/index.php\/wp-json\/wp\/v2\/product_tag?post=733071"}],"curies":[{"name":"wp","href":"https:\/\/api.w.org\/{rel}","templated":true}]}}