{"id":733069,"date":"2025-08-27T22:02:58","date_gmt":"2025-08-27T19:02:58","guid":{"rendered":"https:\/\/roveyayinevi.com.tr\/index.php\/urun\/endustri-4-0dan-toplum-5-0a-dijital-donusum\/"},"modified":"2026-04-16T02:40:50","modified_gmt":"2026-04-15T23:40:50","slug":"endustri-4-0dan-toplum-5-0a-dijital-donusum","status":"publish","type":"product","link":"https:\/\/roveyayinevi.com.tr\/index.php\/urun\/endustri-4-0dan-toplum-5-0a-dijital-donusum\/","title":{"rendered":"End\u00fcstri 4.0dan Toplum 5.0a Dijital D\u00f6n\u00fc\u015f\u00fcm"},"content":{"rendered":"<p>\u00e7ine Girdi\u011fimiz \u00c7a\u011f\u0131 Anlamak Yetmez, Onun Organik Bir Par\u00e7as\u0131 Olmak Zorunday\u0131z.Modern Zamanlarda Baz\u0131 \u00dclkelerin Ve Uluslar\u0131n Tarihleri B\u00fcy\u00fck \u00d6l\u00e7\u00fcde Iskalanan Geli\u015fmelerin Tarihidir.Bu, Bir Bak\u0131ma, Ka\u00e7\u0131r\u0131lan Veya De\u011ferlendirilemeyen F\u0131rsatlar\u0131n, Dolay\u0131s\u0131yla Bunun Ortaya \u00c7\u0131kard\u0131\u011f\u0131 Sonu\u00e7lar\u0131n Sorgulanmas\u0131 Demektir.Sorgulamalar Genellikle \u00c7ok Farkl\u0131, \u00c7e\u015fitli Bak\u0131mlardan Rakip Veya Kar\u015f\u0131t Bak\u0131\u015f A\u00e7\u0131lar\u0131 Ve D\u00fcnya G\u00f6r\u00fc\u015fleriyle \u015eekillendirilir.Sonu\u00e7ta Genellikle F\u0131rsat\u0131n Ka\u00e7\u0131r\u0131lmas\u0131na Ve De\u011ferinin Iskalanmas\u0131na Yol A\u00e7an Fakt\u00f6rlerin Olgusal De\u011fil, \u0130deolojik Analizine A\u011f\u0131rl\u0131k Verilir.<\/p>\n","protected":false},"excerpt":{"rendered":"<p>\u00e7ine Girdi\u011fimiz \u00c7a\u011f\u0131 Anlamak Yetmez, Onun Organik Bir Par\u00e7as\u0131 Olmak Zorunday\u0131z.Modern Zamanlarda Baz\u0131 \u00dclkelerin Ve Uluslar\u0131n Tarihleri B\u00fcy\u00fck \u00d6l\u00e7\u00fcde Iskalanan Geli\u015fmelerin Tarihidir.Bu, Bir Bak\u0131ma, Ka\u00e7\u0131r\u0131lan Veya<span class=\"excerpt-hellip\"> [\u2026]<\/span><\/p>\n","protected":false},"featured_media":0,"template":"","meta":{"_monsterinsights_skip_tracking":false,"_monsterinsights_sitenote_active":false,"_monsterinsights_sitenote_note":"","_monsterinsights_sitenote_category":0},"product_brand":[],"product_cat":[13005,37328],"product_tag":[],"class_list":{"0":"post-733069","1":"product","2":"type-product","3":"status-publish","5":"product_cat-bilim-muhendislik","6":"product_cat-diger-bilim-muhendislik","7":"pa_cilt-ciltsiz","8":"pa_tur-kitap","9":"pa_yayinevi-orion-kitabevi","10":"pa_yazar-hayri-cem","12":"first","13":"instock","14":"sale","15":"shipping-taxable","16":"purchasable","17":"product-type-simple"},"_links":{"self":[{"href":"https:\/\/roveyayinevi.com.tr\/index.php\/wp-json\/wp\/v2\/product\/733069","targetHints":{"allow":["GET"]}}],"collection":[{"href":"https:\/\/roveyayinevi.com.tr\/index.php\/wp-json\/wp\/v2\/product"}],"about":[{"href":"https:\/\/roveyayinevi.com.tr\/index.php\/wp-json\/wp\/v2\/types\/product"}],"wp:attachment":[{"href":"https:\/\/roveyayinevi.com.tr\/index.php\/wp-json\/wp\/v2\/media?parent=733069"}],"wp:term":[{"taxonomy":"product_brand","embeddable":true,"href":"https:\/\/roveyayinevi.com.tr\/index.php\/wp-json\/wp\/v2\/product_brand?post=733069"},{"taxonomy":"product_cat","embeddable":true,"href":"https:\/\/roveyayinevi.com.tr\/index.php\/wp-json\/wp\/v2\/product_cat?post=733069"},{"taxonomy":"product_tag","embeddable":true,"href":"https:\/\/roveyayinevi.com.tr\/index.php\/wp-json\/wp\/v2\/product_tag?post=733069"}],"curies":[{"name":"wp","href":"https:\/\/api.w.org\/{rel}","templated":true}]}}