{"id":733065,"date":"2025-08-27T22:02:54","date_gmt":"2025-08-27T19:02:54","guid":{"rendered":"https:\/\/roveyayinevi.com.tr\/index.php\/urun\/kizilelma-neresi\/"},"modified":"2026-04-16T02:40:49","modified_gmt":"2026-04-15T23:40:49","slug":"kizilelma-neresi","status":"publish","type":"product","link":"https:\/\/roveyayinevi.com.tr\/index.php\/urun\/kizilelma-neresi\/","title":{"rendered":"K\u0131z\u0131lelma Neresi?"},"content":{"rendered":"<p>K\u0131z\u0131lelma \u00fclk\u00fcs\u00fcn\u00fcn pe\u015finde bir halk, topuk seslerinin getirdi\u011fi bir d\u00fczen, ya\u015fl\u0131 bir adam\u0131n sava\u015f\u00e7\u0131 ruhu ve nasihatlerin paradan daha de\u011ferli oldu\u011funu \u00f6\u011freten derslerle dolu bir hayattan sahneler&#8230;Yi\u011fitlik, d\u00fcr\u00fcstl\u00fck, sevgi, ak\u0131l ve kendini bilmek gibi de\u011ferlerin bir araya gelince insanl\u0131\u011f\u0131 kurtaraca\u011f\u0131n\u0131 g\u00f6steren, s\u00fcrpriz sonlar\u0131yla okuyanlar\u0131 \u015fa\u015f\u0131rtan, zekice yaz\u0131lm\u0131\u015f \u00f6yk\u00fcler&#8230;T\u00fcrk\u00e7emizin ustas\u0131 \u00d6mer Seyfettin sade, \u00f6zg\u00fcn ve \u00e7arp\u0131c\u0131 \u00f6yk\u00fcleriyle, kaleminin ne kadar g\u00fc\u00e7l\u00fc oldu\u011funu bizlere bir kez daha kan\u0131tl\u0131yor.<\/p>\n","protected":false},"excerpt":{"rendered":"<p>K\u0131z\u0131lelma \u00fclk\u00fcs\u00fcn\u00fcn pe\u015finde bir halk, topuk seslerinin getirdi\u011fi bir d\u00fczen, ya\u015fl\u0131 bir adam\u0131n sava\u015f\u00e7\u0131 ruhu ve nasihatlerin paradan daha de\u011ferli oldu\u011funu \u00f6\u011freten derslerle dolu bir hayattan<span class=\"excerpt-hellip\"> [\u2026]<\/span><\/p>\n","protected":false},"featured_media":0,"template":"","meta":{"_monsterinsights_skip_tracking":false,"_monsterinsights_sitenote_active":false,"_monsterinsights_sitenote_note":"","_monsterinsights_sitenote_category":0},"product_brand":[],"product_cat":[12275,12274],"product_tag":[],"class_list":{"0":"post-733065","1":"product","2":"type-product","3":"status-publish","5":"product_cat-6-12-yas-kitaplari","6":"product_cat-cocuk-ve-genclik-kitaplari","7":"pa_cilt-ciltsiz","8":"pa_tur-kitap","9":"pa_yayinevi-turkuvaz-kitap","10":"pa_yazar-omer-seyfettin","12":"first","13":"instock","14":"sale","15":"shipping-taxable","16":"purchasable","17":"product-type-simple"},"_links":{"self":[{"href":"https:\/\/roveyayinevi.com.tr\/index.php\/wp-json\/wp\/v2\/product\/733065","targetHints":{"allow":["GET"]}}],"collection":[{"href":"https:\/\/roveyayinevi.com.tr\/index.php\/wp-json\/wp\/v2\/product"}],"about":[{"href":"https:\/\/roveyayinevi.com.tr\/index.php\/wp-json\/wp\/v2\/types\/product"}],"wp:attachment":[{"href":"https:\/\/roveyayinevi.com.tr\/index.php\/wp-json\/wp\/v2\/media?parent=733065"}],"wp:term":[{"taxonomy":"product_brand","embeddable":true,"href":"https:\/\/roveyayinevi.com.tr\/index.php\/wp-json\/wp\/v2\/product_brand?post=733065"},{"taxonomy":"product_cat","embeddable":true,"href":"https:\/\/roveyayinevi.com.tr\/index.php\/wp-json\/wp\/v2\/product_cat?post=733065"},{"taxonomy":"product_tag","embeddable":true,"href":"https:\/\/roveyayinevi.com.tr\/index.php\/wp-json\/wp\/v2\/product_tag?post=733065"}],"curies":[{"name":"wp","href":"https:\/\/api.w.org\/{rel}","templated":true}]}}