{"id":733064,"date":"2025-08-27T22:02:53","date_gmt":"2025-08-27T19:02:53","guid":{"rendered":"https:\/\/roveyayinevi.com.tr\/index.php\/urun\/hafiza-denen-sey\/"},"modified":"2026-04-16T02:40:49","modified_gmt":"2026-04-15T23:40:49","slug":"hafiza-denen-sey","status":"publish","type":"product","link":"https:\/\/roveyayinevi.com.tr\/index.php\/urun\/hafiza-denen-sey\/","title":{"rendered":"Haf\u0131za Denen \u015eey"},"content":{"rendered":"<p>Bunlar\u0131n hepsi, haf\u0131zan\u0131n i\u015fi!Bir \u015fiir ezberlemek ya da bir yabanc\u0131 dil \u00f6\u011frenmek,yaz tatilinin en harika zamanlar\u0131n\u0131 ya da \u00fc\u00e7 ya\u015f\u0131ndaykenbisikletten d\u00fc\u015f\u00fc\u015f\u00fcn\u00fc hat\u0131rlamak\u2026\u0130ki hafta \u00f6nce ne yedi\u011fini unutman da yine haf\u0131zan y\u00fcz\u00fcnden.Haf\u0131za an\u0131lar\u0131 \u00e7\u00f6z\u00fcmler, d\u00fczenler ve olu\u015fturur.Haf\u0131zan\u0131n bir\u00e7ok t\u00fcr\u00fc oldu\u011funu biliyor muydun?Peki, seninle ayn\u0131 zamanda b\u00fcy\u00fcy\u00fcp geli\u015fti\u011fini?Beyninde neler oldu\u011funu ke\u015ffetmek veneden her ak\u015fam ders tekrar\u0131 yapman gerekti\u011fini anlamak i\u00e7in bu kitab\u0131n i\u00e7ine dal!dolu bir okuma ser\u00fcvenine \u00e7a\u011f\u0131r\u0131yor\u2026<\/p>\n","protected":false},"excerpt":{"rendered":"<p>Bunlar\u0131n hepsi, haf\u0131zan\u0131n i\u015fi!Bir \u015fiir ezberlemek ya da bir yabanc\u0131 dil \u00f6\u011frenmek,yaz tatilinin en harika zamanlar\u0131n\u0131 ya da \u00fc\u00e7 ya\u015f\u0131ndaykenbisikletten d\u00fc\u015f\u00fc\u015f\u00fcn\u00fc hat\u0131rlamak\u2026\u0130ki hafta \u00f6nce ne yedi\u011fini<span class=\"excerpt-hellip\"> [\u2026]<\/span><\/p>\n","protected":false},"featured_media":0,"template":"","meta":{"_monsterinsights_skip_tracking":false,"_monsterinsights_sitenote_active":false,"_monsterinsights_sitenote_note":"","_monsterinsights_sitenote_category":0},"product_brand":[],"product_cat":[12274,24599],"product_tag":[],"class_list":{"0":"post-733064","1":"product","2":"type-product","3":"status-publish","5":"product_cat-cocuk-ve-genclik-kitaplari","6":"product_cat-zeka-gelisimi","7":"pa_cilt-ciltsiz","8":"pa_tur-kitap","9":"pa_yayinevi-turkuvaz-kitap","10":"pa_yazar-michele-mira-pons","12":"first","13":"instock","14":"sale","15":"shipping-taxable","16":"purchasable","17":"product-type-simple"},"_links":{"self":[{"href":"https:\/\/roveyayinevi.com.tr\/index.php\/wp-json\/wp\/v2\/product\/733064","targetHints":{"allow":["GET"]}}],"collection":[{"href":"https:\/\/roveyayinevi.com.tr\/index.php\/wp-json\/wp\/v2\/product"}],"about":[{"href":"https:\/\/roveyayinevi.com.tr\/index.php\/wp-json\/wp\/v2\/types\/product"}],"wp:attachment":[{"href":"https:\/\/roveyayinevi.com.tr\/index.php\/wp-json\/wp\/v2\/media?parent=733064"}],"wp:term":[{"taxonomy":"product_brand","embeddable":true,"href":"https:\/\/roveyayinevi.com.tr\/index.php\/wp-json\/wp\/v2\/product_brand?post=733064"},{"taxonomy":"product_cat","embeddable":true,"href":"https:\/\/roveyayinevi.com.tr\/index.php\/wp-json\/wp\/v2\/product_cat?post=733064"},{"taxonomy":"product_tag","embeddable":true,"href":"https:\/\/roveyayinevi.com.tr\/index.php\/wp-json\/wp\/v2\/product_tag?post=733064"}],"curies":[{"name":"wp","href":"https:\/\/api.w.org\/{rel}","templated":true}]}}