{"id":733060,"date":"2025-08-27T22:02:49","date_gmt":"2025-08-27T19:02:49","guid":{"rendered":"https:\/\/roveyayinevi.com.tr\/index.php\/urun\/hayatin-provasi-yok-filiz-akin\/"},"modified":"2026-04-16T02:40:49","modified_gmt":"2026-04-15T23:40:49","slug":"hayatin-provasi-yok-filiz-akin","status":"publish","type":"product","link":"https:\/\/roveyayinevi.com.tr\/index.php\/urun\/hayatin-provasi-yok-filiz-akin\/","title":{"rendered":"Hayat\u0131n Provas\u0131 Yok Filiz Ak\u0131n"},"content":{"rendered":"<p>Film y\u0131ld\u0131z\u0131 olmak ilgin\u00e7 bir deneyim. Kim bilir ka\u00e7 insan\u0131n hayalini s\u00fcsl\u00fcyorsun, kim bilir ka\u00e7 bin duvarda resmin as\u0131l\u0131, kim bilir ka\u00e7 gen\u00e7 k\u0131z sana benzemeye \u00e7al\u0131\u015f\u0131yor. \u0130\u015fte b\u00fct\u00fcn bunlara ra\u011fmen \u201csahici, yal\u0131n, dost bir insan\u201d kalabilmek i\u00e7in Filiz Ak\u0131n olmak gerekiyor.Z\u00fclf\u00fc Livaneli Ad\u0131n\u0131 duyunca i\u00e7imin titredi\u011fi Filiz; narin, duygusal, zarif ki\u015fili\u011finin yan\u0131 s\u0131ra her olay\u0131 metanetle kar\u015f\u0131layan \u00e7ok g\u00fc\u00e7l\u00fc bir yan\u0131 da olan arkada\u015f\u0131m&#8230; En umutsuz anda bile, bir umut \u0131\u015f\u0131\u011f\u0131 yakalar. Hayat\u0131mda oldu\u011fu i\u00e7in kendimi \u015fansl\u0131 hissediyorum. Sineman\u0131n efsane ismi, sar\u0131\u015f\u0131n g\u00fczeli, herkesin kalbine girmi\u015f Filiz Ak\u0131n\u2019\u0131m.T\u00fcrkan \u015eoray\u00c7ocukken a\u00e7\u0131k hava sinemas\u0131na gider gazozumuzun i\u00e7ine sar\u0131 leblebi atar o sihirli d\u00fcnyay\u0131 seyrederdik. Sar\u0131 uzun sa\u00e7lar\u0131, zarafeti ve \u015f\u0131kl\u0131\u011f\u0131 bana hep \u00e7ok farkl\u0131 gelmi\u015fti. Y\u0131llar sonra kendisini tan\u0131d\u0131\u011f\u0131mda sadece d\u0131\u015f g\u00fczelli\u011fi de\u011fil ruhunun da ne kadar g\u00fczel ve ger\u00e7ek oldu\u011funu g\u00f6rd\u00fcm. Benim hem ablam, hem arkada\u015f\u0131m, hem s\u0131rda\u015f\u0131m oldu\u2026Oya Ba\u015farOnu s\u00f6zc\u00fcklerle ifade edemeyece\u011fim kadar \u00e7ok seviyorum. Sanat\u0131na, zarafetine, asaletine, g\u00fczelli\u011fine hayranl\u0131\u011f\u0131m b\u00fcy\u00fck. T\u00fcm kitaplar\u0131n\u0131 tekrar tekrar okurken bir yenisiyle bulu\u015fmak son g\u00fcnlerin en heyecan verici haberiydi. Sayfalar\u0131nda kaybolmak, \u00f6zlem gidermek hepimize iyi gelecek.Ay\u015feg\u00fcl Aldin\u00e7E\u015fi, benzeri olmayan efsane, hepimizin hayat\u0131na dokunan, bize \u0131\u015f\u0131k ve \u00f6nder olan sevgili Filiz, sen s\u00f6zc\u00fcklerle anlat\u0131lamazs\u0131n, sen hissedilir ve ya\u015fan\u0131rs\u0131n&#8230; Sen al\u00e7akg\u00f6n\u00fcll\u00fcl\u00fc\u011f\u00fcnle ve kibarl\u0131\u011f\u0131nla b\u00fcy\u00fcleyen dostum, yine bo\u015f durmad\u0131n, bu zorlu d\u00f6nemde bile yine \u00fcrettin ve bu kitab\u0131 bizlere arma\u011fan ettin, yolu a\u00e7\u0131k olsun.Tilda TezmanY\u0131llardan y\u0131llara artan bir sevgi, sayg\u0131 ve tutkulu bir hayranl\u0131kla izledi\u011fim Filiz Ak\u0131n.En \u00e7ok ve sadece Filiz Ak\u0131n\u2019\u0131 sevdim ben. Hayat\u0131m\u0131n ba\u015frol\u00fcnde hep o vard\u0131. Tam 55 y\u0131ld\u0131r. Hi\u00e7 ihanet edilmemi\u015f ko\u015fulsuz bir sevgi bu.P\u0131nar \u00c7ekirgeFiliz Ak\u0131n\u2019\u0131 daha Filiz Ak\u0131n olmadan \u00f6nce, bir cam\u0131n arkas\u0131ndan g\u00f6r\u00fcp \u00e2\u015f\u0131k olmu\u015ftum. Bir turizm \u015firketinde \u00e7al\u0131\u015f\u0131yordu. Camek\u00e2n\u0131 bol bir i\u015fyeriydi ve biz bir s\u00fcr\u00fc delikanl\u0131 bu g\u00fczel k\u0131z\u0131 g\u00f6rmek i\u00e7in \u00f6\u011fle saatlerinde oraya giderdik. Platonik bir gen\u00e7lik be\u011fenisiydi benimkisi. Biz bunca y\u0131l sonra beraberiz. Yani ben k\u0131rk y\u0131l \u00f6nce \u00e2\u015f\u0131k oldu\u011fum kad\u0131nla evliyim.S\u00f6nmez K\u00f6ksalFiliz Ak\u0131n\u2026 Bana hayat veren insan. Zevkli, kaliteli, kibarl\u0131k \u00f6rne\u011fi\u2026 Kanseri bile nazik\u00e7e kar\u015f\u0131layan hayat \u00f6\u011fretmenim. Beni hep \u015fa\u015f\u0131rtmay\u0131 ba\u015faran, benim en iyi arkada\u015f\u0131m, annem.\u0130lker \u0130nano\u011flu<\/p>\n","protected":false},"excerpt":{"rendered":"<p>Film y\u0131ld\u0131z\u0131 olmak ilgin\u00e7 bir deneyim. Kim bilir ka\u00e7 insan\u0131n hayalini s\u00fcsl\u00fcyorsun, kim bilir ka\u00e7 bin duvarda resmin as\u0131l\u0131, kim bilir ka\u00e7 gen\u00e7 k\u0131z sana benzemeye<span class=\"excerpt-hellip\"> [\u2026]<\/span><\/p>\n","protected":false},"featured_media":0,"template":"","meta":{"_monsterinsights_skip_tracking":false,"_monsterinsights_sitenote_active":false,"_monsterinsights_sitenote_note":"","_monsterinsights_sitenote_category":0},"product_brand":[],"product_cat":[12291,30969],"product_tag":[],"class_list":{"0":"post-733060","1":"product","2":"type-product","3":"status-publish","5":"product_cat-edebiyat","6":"product_cat-soylesi-edebiyat","7":"pa_cilt-ciltsiz","8":"pa_tur-kitap","9":"pa_yayinevi-inkilap-kitabevi","10":"pa_yazar-bircan-usalli-silan","12":"first","13":"instock","14":"sale","15":"shipping-taxable","16":"purchasable","17":"product-type-simple"},"_links":{"self":[{"href":"https:\/\/roveyayinevi.com.tr\/index.php\/wp-json\/wp\/v2\/product\/733060","targetHints":{"allow":["GET"]}}],"collection":[{"href":"https:\/\/roveyayinevi.com.tr\/index.php\/wp-json\/wp\/v2\/product"}],"about":[{"href":"https:\/\/roveyayinevi.com.tr\/index.php\/wp-json\/wp\/v2\/types\/product"}],"wp:attachment":[{"href":"https:\/\/roveyayinevi.com.tr\/index.php\/wp-json\/wp\/v2\/media?parent=733060"}],"wp:term":[{"taxonomy":"product_brand","embeddable":true,"href":"https:\/\/roveyayinevi.com.tr\/index.php\/wp-json\/wp\/v2\/product_brand?post=733060"},{"taxonomy":"product_cat","embeddable":true,"href":"https:\/\/roveyayinevi.com.tr\/index.php\/wp-json\/wp\/v2\/product_cat?post=733060"},{"taxonomy":"product_tag","embeddable":true,"href":"https:\/\/roveyayinevi.com.tr\/index.php\/wp-json\/wp\/v2\/product_tag?post=733060"}],"curies":[{"name":"wp","href":"https:\/\/api.w.org\/{rel}","templated":true}]}}