{"id":733056,"date":"2025-08-27T22:02:45","date_gmt":"2025-08-27T19:02:45","guid":{"rendered":"https:\/\/roveyayinevi.com.tr\/index.php\/urun\/kendileriyle-savasanlar-ciltli\/"},"modified":"2025-11-21T07:05:35","modified_gmt":"2025-11-21T04:05:35","slug":"kendileriyle-savasanlar-ciltli","status":"publish","type":"product","link":"https:\/\/roveyayinevi.com.tr\/index.php\/urun\/kendileriyle-savasanlar-ciltli\/","title":{"rendered":"Kendileriyle Sava\u015fanlar (Ciltli)"},"content":{"rendered":"<p>Stefan Zweig, Kendileriyle Sava\u015fanlar\u2019da H\u00f6lderlin, Kleist ve Nietzsche\u2019nin ya\u015fam\u00f6yk\u00fclerini anlat\u0131yor. Bu \u00fc\u00e7 yazar\u0131n ya\u015famlar\u0131n\u0131n ortak yan\u0131, miza\u00e7lar\u0131n\u0131 belirleyen neredeyse tabiat\u00fcst\u00fc bir g\u00fc\u00e7le bitmek bilmeyen bir i\u00e7 m\u00fccadeleyi s\u00fcrd\u00fcrmeleridir. \u0130\u00e7lerindeki bu g\u00fc\u00e7, ya\u015famlar\u0131n\u0131n birer tragedya olarak s\u00fcr\u00fcp, \u00f6yle sona ermesine neden olmu\u015ftur. Yazar, H\u00f6lderlin, Kleist ve Nietzsche\u2019nin ya\u015fam\u00f6yk\u00fclerini \u00e7a\u011fda\u015flar\u0131 Goethe\u2019nin hayat\u0131ndan kesitlerle birlikte ele alm\u0131\u015ft\u0131r. Goethe\u2019nin kar\u015f\u0131 kutbu olu\u015fturan hayat\u0131 alg\u0131lay\u0131\u015f\u0131, bi\u00e7imleyi\u015fi ve hayatla yarat\u0131c\u0131l\u0131k aras\u0131nda kurdu\u011fu ba\u011f, sergilenen ya\u015famlar\u0131n farkl\u0131l\u0131klar\u0131n\u0131 daha belirgin hale getirmektedir. Zweig, Kendileriyle Sava\u015fanlar\u2019da yarat\u0131c\u0131l\u0131k ser\u00fcveni, anla\u015f\u0131lma sorunu ve sanat\u00e7\u0131n\u0131n \u00e7evresine kar\u015f\u0131 tutumunu ger\u00e7e\u011fe ba\u011fl\u0131l\u0131ktan ayr\u0131lmadan, derin bir duyarl\u0131l\u0131kla i\u015flemi\u015ftir.<\/p>\n","protected":false},"excerpt":{"rendered":"<p>Stefan Zweig, Kendileriyle Sava\u015fanlar\u2019da H\u00f6lderlin, Kleist ve Nietzsche\u2019nin ya\u015fam\u00f6yk\u00fclerini anlat\u0131yor. Bu \u00fc\u00e7 yazar\u0131n ya\u015famlar\u0131n\u0131n ortak yan\u0131, miza\u00e7lar\u0131n\u0131 belirleyen neredeyse tabiat\u00fcst\u00fc bir g\u00fc\u00e7le bitmek bilmeyen bir i\u00e7<span class=\"excerpt-hellip\"> [\u2026]<\/span><\/p>\n","protected":false},"featured_media":0,"template":"","meta":{"_monsterinsights_skip_tracking":false,"_monsterinsights_sitenote_active":false,"_monsterinsights_sitenote_note":"","_monsterinsights_sitenote_category":0},"product_brand":[],"product_cat":[12365,12364],"product_tag":[],"class_list":{"0":"post-733056","1":"product","2":"type-product","3":"status-publish","5":"product_cat-diger-genel-konular","6":"product_cat-genel-konular","7":"pa_cilt-ciltli","8":"pa_tur-kitap","9":"pa_yayinevi-is-bankasi-kultur-yayinlari","10":"pa_yazar-stefan-zweig","12":"first","13":"instock","14":"sale","15":"shipping-taxable","16":"purchasable","17":"product-type-simple"},"_links":{"self":[{"href":"https:\/\/roveyayinevi.com.tr\/index.php\/wp-json\/wp\/v2\/product\/733056","targetHints":{"allow":["GET"]}}],"collection":[{"href":"https:\/\/roveyayinevi.com.tr\/index.php\/wp-json\/wp\/v2\/product"}],"about":[{"href":"https:\/\/roveyayinevi.com.tr\/index.php\/wp-json\/wp\/v2\/types\/product"}],"wp:attachment":[{"href":"https:\/\/roveyayinevi.com.tr\/index.php\/wp-json\/wp\/v2\/media?parent=733056"}],"wp:term":[{"taxonomy":"product_brand","embeddable":true,"href":"https:\/\/roveyayinevi.com.tr\/index.php\/wp-json\/wp\/v2\/product_brand?post=733056"},{"taxonomy":"product_cat","embeddable":true,"href":"https:\/\/roveyayinevi.com.tr\/index.php\/wp-json\/wp\/v2\/product_cat?post=733056"},{"taxonomy":"product_tag","embeddable":true,"href":"https:\/\/roveyayinevi.com.tr\/index.php\/wp-json\/wp\/v2\/product_tag?post=733056"}],"curies":[{"name":"wp","href":"https:\/\/api.w.org\/{rel}","templated":true}]}}